{"id":3,"date":"2025-05-12T20:07:39","date_gmt":"2025-05-12T18:07:39","guid":{"rendered":"http:\/\/smattraining.com\/?page_id=3"},"modified":"2025-09-17T15:04:31","modified_gmt":"2025-09-17T13:04:31","slug":"politique-de-confidentialite","status":"publish","type":"page","link":"https:\/\/www.smattraining.com\/en\/politique-de-confidentialite\/","title":{"rendered":"Politique de confidentialit\u00e9"},"content":{"rendered":"<div data-elementor-type=\"wp-page\" data-elementor-id=\"3\" class=\"elementor elementor-3\">\n\t\t\t\t<div class=\"elementor-element elementor-element-7607cefa e-flex e-con-boxed e-con e-parent\" data-id=\"7607cefa\" data-element_type=\"container\" data-e-type=\"container\">\n\t\t\t\t\t<div class=\"e-con-inner\">\n\t\t\t\t<div class=\"elementor-element elementor-element-60a68703 elementor-widget elementor-widget-text-editor\" data-id=\"60a68703\" data-element_type=\"widget\" data-e-type=\"widget\" data-widget_type=\"text-editor.default\">\n\t\t\t\t<div class=\"elementor-widget-container\">\n\t\t\t\t\t\t\t\t\t<p><strong>POLITIQUE DE CONFIDENTIALIT\u00c9 \/ PRIVACY POLICY<\/strong><\/p><p>Devant le d\u00e9veloppement des nouveaux outils de communication, il est n\u00e9cessaire de porter une attention particuli\u00e8re \u00e0 la protection de la vie priv\u00e9e. C\u2019est pourquoi, nous nous engageons \u00e0 respecter la confidentialit\u00e9 des renseignements personnels que nous collectons.<br \/>Given the development of new communication tools, special attention must be paid to the protection of privacy. For this reason, we are committed to respecting the confidentiality of the personal information we collect.<\/p><hr \/><h3>COLLECTE DES RENSEIGNEMENTS PERSONNELS \/ COLLECTION OF PERSONAL INFORMATION<\/h3><p>Nous collectons les renseignements suivants :<br \/>We collect the following information:<\/p><ul><li><p>Nom \/ Name<\/p><\/li><li><p>Pr\u00e9nom \/ First name<\/p><\/li><li><p>Code postal \/ Postal code<\/p><\/li><li><p>Adresse \u00e9lectronique \/ Email address<\/p><\/li><li><p>Num\u00e9ro de t\u00e9l\u00e9phone \/ Phone number<\/p><\/li><li><p>Genre \/ Sexe \/ Gender \/ Sex<\/p><\/li><li><p>\u00c2ge \/ Date de naissance \/ Age \/ Date of birth<\/p><\/li><li><p>Origines sociales, ethniques \/ Social, ethnic background<\/p><\/li><li><p>Religion \/ Religion<\/p><\/li><\/ul><p>Les renseignements sont recueillis par formulaire ou via l\u2019interactivit\u00e9 du site Web. Des cookies et journaux peuvent aussi \u00eatre utilis\u00e9s.<br \/>Data is collected via forms and through interactions with our website. Cookies and logs may also be used.<\/p><hr \/><h3>FORMULAIRES ET INTERACTIVIT\u00c9 \/ FORMS AND INTERACTIVITY<\/h3><p>Renseignements collect\u00e9s via :<br \/>Data is collected through:<\/p><ul><li><p>Formulaire d\u2019inscription \/ Registration form<\/p><\/li><li><p>Formulaire de commande \/ Order form<\/p><\/li><li><p>Inscription \u00e0 une formation \/ Training registration form<\/p><\/li><\/ul><p>Finalit\u00e9s de la collecte :<br \/>Purposes of collection:<\/p><ul><li><p>Contact<\/p><\/li><li><p>Gestion des dossiers d\u2019inscription \/ Managing training applications<\/p><\/li><\/ul><p>Interactivit\u00e9 avec le site Web pour :<br \/>Interactions with the site for:<\/p><ul><li><p>Suivi de navigation \/ Navigation tracking<\/p><\/li><li><p>Statistiques \/ Analytics<\/p><\/li><\/ul><hr \/><h3>DROIT D\u2019OPPOSITION ET DE RETRAIT \/ RIGHT TO OBJECT AND WITHDRAW<\/h3><p>Nous nous engageons \u00e0 vous offrir un droit d\u2019opposition et de retrait quant \u00e0 vos renseignements personnels.<br \/>We are committed to offering you the right to object and withdraw your personal information.<\/p><p>Le droit d\u2019opposition permet de refuser l\u2019utilisation de vos donn\u00e9es \u00e0 certaines fins.<br \/>The right to object allows you to refuse the use of your data for specific purposes.<\/p><p>Le droit de retrait permet de demander la suppression de vos donn\u00e9es de nos syst\u00e8mes.<br \/>The right to withdraw allows you to request removal of your data from our systems.<\/p><p><strong>Exercer ces droits \/ To exercise these rights:<\/strong><\/p><ul><li><p>Email : <a href=\"mailto:admin@smattraining.com\">admin@smattraining.com<\/a><\/p><\/li><li><p>T\u00e9l\u00e9phone \/ Phone : +352 691 117 625<\/p><\/li><li><p>Site Web \/ Website section: <a href=\"https:\/\/www.smattraining.com\/en\/\">https:\/\/www.smattraining.com\/<\/a><\/p><\/li><\/ul><hr \/><h3>DROIT D\u2019ACC\u00c8S ET DE RECTIFICATION \/ RIGHT OF ACCESS AND CORRECTION<\/h3><p>Nous reconnaissons le droit d\u2019acc\u00e8s et de rectification \u00e0 toute personne concern\u00e9e.<br \/>We acknowledge the right of access and correction to individuals concerned.<\/p><p><strong>Contact pour exercer ces droits \/ Contact to exercise these rights:<\/strong><\/p><ul><li><p>Email : <a href=\"mailto:admin@smattraining.com\">admin@smattraining.com<\/a><\/p><\/li><li><p>T\u00e9l\u00e9phone \/ Phone : +352 691 117 625<\/p><\/li><li><p>Site Web \/ Website section: <a href=\"https:\/\/www.smattraining.com\/en\/\">https:\/\/www.smattraining.com\/<\/a><\/p><\/li><\/ul><hr \/><h3>S\u00c9CURIT\u00c9 \/ SECURITY<\/h3><p>Les renseignements personnels sont conserv\u00e9s dans un environnement s\u00e9curis\u00e9.<br \/>Personal information is stored in a secure environment.<\/p><p>Les personnes travaillant pour nous sont tenues de respecter la confidentialit\u00e9.<br \/>Staff members are required to maintain confidentiality.<\/p><p><strong>Mesures de s\u00e9curit\u00e9 mises en place \/ Security measures implemented:<\/strong><\/p><ul><li><p>Protocole SSL (Secure Sockets Layer)<\/p><\/li><li><p>Protocole SET (Secure Electronic Transaction)<\/p><\/li><li><p>Gestion des acc\u00e8s (personnes autoris\u00e9es) \/ Access management (authorized personnel)<\/p><\/li><li><p>Sauvegarde informatique \/ Data backup<\/p><\/li><li><p>Certificats num\u00e9riques \/ Digital certificates<\/p><\/li><li><p>Identifiants et mots de passe \/ User ID and password<\/p><\/li><li><p>Pare-feux \/ Firewalls<\/p><\/li><\/ul><p>Nous nous engageons \u00e0 int\u00e9grer les meilleures pratiques de s\u00e9curit\u00e9, bien que le risque z\u00e9ro n\u2019existe pas.<br \/>We are committed to applying best security practices, although no system is entirely risk-free.<\/p><hr \/><p>Derni\u00e8re mise \u00e0 jour \/ Last update: \/09- 2025<\/p>\t\t\t\t\t\t\t\t<\/div>\n\t\t\t\t<\/div>\n\t\t\t\t\t<\/div>\n\t\t\t\t<\/div>\n\t\t\t\t<\/div>","protected":false},"excerpt":{"rendered":"<p>POLITIQUE DE CONFIDENTIALIT\u00c9 \/ PRIVACY POLICY Devant le d\u00e9veloppement des nouveaux outils de communication, il est n\u00e9cessaire de porter une attention particuli\u00e8re \u00e0 la protection de la vie priv\u00e9e. C\u2019est [&hellip;]<\/p>\n","protected":false},"author":2,"featured_media":0,"parent":0,"menu_order":0,"comment_status":"closed","ping_status":"open","template":"","meta":{"site-sidebar-layout":"default","site-content-layout":"","ast-site-content-layout":"default","site-content-style":"default","site-sidebar-style":"default","ast-global-header-display":"","ast-banner-title-visibility":"","ast-main-header-display":"","ast-hfb-above-header-display":"","ast-hfb-below-header-display":"","ast-hfb-mobile-header-display":"","site-post-title":"","ast-breadcrumbs-content":"","ast-featured-img":"","footer-sml-layout":"","ast-disable-related-posts":"","theme-transparent-header-meta":"","adv-header-id-meta":"","stick-header-meta":"","header-above-stick-meta":"","header-main-stick-meta":"","header-below-stick-meta":"","astra-migrate-meta-layouts":"default","ast-page-background-enabled":"default","ast-page-background-meta":{"desktop":{"background-color":"var(--ast-global-color-5)","background-image":"","background-repeat":"repeat","background-position":"center center","background-size":"auto","background-attachment":"scroll","background-type":"","background-media":"","overlay-type":"","overlay-color":"","overlay-opacity":"","overlay-gradient":""},"tablet":{"background-color":"","background-image":"","background-repeat":"repeat","background-position":"center center","background-size":"auto","background-attachment":"scroll","background-type":"","background-media":"","overlay-type":"","overlay-color":"","overlay-opacity":"","overlay-gradient":""},"mobile":{"background-color":"","background-image":"","background-repeat":"repeat","background-position":"center center","background-size":"auto","background-attachment":"scroll","background-type":"","background-media":"","overlay-type":"","overlay-color":"","overlay-opacity":"","overlay-gradient":""}},"ast-content-background-meta":{"desktop":{"background-color":"var(--ast-global-color-4)","background-image":"","background-repeat":"repeat","background-position":"center center","background-size":"auto","background-attachment":"scroll","background-type":"","background-media":"","overlay-type":"","overlay-color":"","overlay-opacity":"","overlay-gradient":""},"tablet":{"background-color":"var(--ast-global-color-4)","background-image":"","background-repeat":"repeat","background-position":"center center","background-size":"auto","background-attachment":"scroll","background-type":"","background-media":"","overlay-type":"","overlay-color":"","overlay-opacity":"","overlay-gradient":""},"mobile":{"background-color":"var(--ast-global-color-4)","background-image":"","background-repeat":"repeat","background-position":"center center","background-size":"auto","background-attachment":"scroll","background-type":"","background-media":"","overlay-type":"","overlay-color":"","overlay-opacity":"","overlay-gradient":""}},"footnotes":""},"class_list":["post-3","page","type-page","status-publish","hentry"],"_links":{"self":[{"href":"https:\/\/www.smattraining.com\/en\/wp-json\/wp\/v2\/pages\/3","targetHints":{"allow":["GET"]}}],"collection":[{"href":"https:\/\/www.smattraining.com\/en\/wp-json\/wp\/v2\/pages"}],"about":[{"href":"https:\/\/www.smattraining.com\/en\/wp-json\/wp\/v2\/types\/page"}],"author":[{"embeddable":true,"href":"https:\/\/www.smattraining.com\/en\/wp-json\/wp\/v2\/users\/2"}],"replies":[{"embeddable":true,"href":"https:\/\/www.smattraining.com\/en\/wp-json\/wp\/v2\/comments?post=3"}],"version-history":[{"count":0,"href":"https:\/\/www.smattraining.com\/en\/wp-json\/wp\/v2\/pages\/3\/revisions"}],"wp:attachment":[{"href":"https:\/\/www.smattraining.com\/en\/wp-json\/wp\/v2\/media?parent=3"}],"curies":[{"name":"wp","href":"https:\/\/api.w.org\/{rel}","templated":true}]}}