{"id":620,"date":"2025-06-04T22:25:13","date_gmt":"2025-06-04T20:25:13","guid":{"rendered":"https:\/\/smattrd.cluster100.hosting.ovh.net\/?page_id=620"},"modified":"2025-07-07T12:51:32","modified_gmt":"2025-07-07T10:51:32","slug":"incentive","status":"publish","type":"page","link":"https:\/\/www.smattraining.com\/en\/incentive\/","title":{"rendered":"Incentive"},"content":{"rendered":"<div data-elementor-type=\"wp-page\" data-elementor-id=\"620\" class=\"elementor elementor-620\">\n\t\t\t\t<div class=\"elementor-element elementor-element-5ff1cc7 e-flex e-con-boxed e-con e-parent\" data-id=\"5ff1cc7\" data-element_type=\"container\" data-e-type=\"container\">\n\t\t\t\t\t<div class=\"e-con-inner\">\n\t\t\t\t<div class=\"elementor-element elementor-element-4328174 elementor-widget elementor-widget-heading\" data-id=\"4328174\" data-element_type=\"widget\" data-e-type=\"widget\" data-widget_type=\"heading.default\">\n\t\t\t\t<div class=\"elementor-widget-container\">\n\t\t\t\t\t<h2 class=\"elementor-heading-title elementor-size-default\">Incentive<\/h2>\t\t\t\t<\/div>\n\t\t\t\t<\/div>\n\t\t\t\t\t<\/div>\n\t\t\t\t<\/div>\n\t\t<div class=\"elementor-element elementor-element-24ebe9b e-flex e-con-boxed e-con e-parent\" data-id=\"24ebe9b\" data-element_type=\"container\" data-e-type=\"container\">\n\t\t\t\t\t<div class=\"e-con-inner\">\n\t\t<div class=\"elementor-element elementor-element-636edc0 e-con-full e-flex e-con e-child\" data-id=\"636edc0\" data-element_type=\"container\" data-e-type=\"container\">\n\t\t\t\t<div class=\"elementor-element elementor-element-0784bc3 elementor-widget elementor-widget-image\" data-id=\"0784bc3\" data-element_type=\"widget\" data-e-type=\"widget\" data-widget_type=\"image.default\">\n\t\t\t\t<div class=\"elementor-widget-container\">\n\t\t\t\t\t\t\t\t\t\t\t\t\t\t\t<img fetchpriority=\"high\" decoding=\"async\" width=\"1024\" height=\"1024\" src=\"https:\/\/www.smattraining.com\/wp-content\/uploads\/2025\/06\/incentive.png\" class=\"attachment-full size-full wp-image-923\" alt=\"\" srcset=\"https:\/\/www.smattraining.com\/wp-content\/uploads\/2025\/06\/incentive.png 1024w, https:\/\/www.smattraining.com\/wp-content\/uploads\/2025\/06\/incentive-300x300.png 300w, https:\/\/www.smattraining.com\/wp-content\/uploads\/2025\/06\/incentive-150x150.png 150w, https:\/\/www.smattraining.com\/wp-content\/uploads\/2025\/06\/incentive-768x768.png 768w, https:\/\/www.smattraining.com\/wp-content\/uploads\/2025\/06\/incentive-12x12.png 12w, https:\/\/www.smattraining.com\/wp-content\/uploads\/2025\/06\/incentive-600x600.png 600w, https:\/\/www.smattraining.com\/wp-content\/uploads\/2025\/06\/incentive-100x100.png 100w\" sizes=\"(max-width: 1024px) 100vw, 1024px\" \/>\t\t\t\t\t\t\t\t\t\t\t\t\t\t\t<\/div>\n\t\t\t\t<\/div>\n\t\t\t\t<\/div>\n\t\t<div class=\"elementor-element elementor-element-3cb192f e-con-full e-flex e-con e-child\" data-id=\"3cb192f\" data-element_type=\"container\" data-e-type=\"container\">\n\t\t\t\t<div class=\"elementor-element elementor-element-0cc9773 elementor-widget elementor-widget-text-editor\" data-id=\"0cc9773\" data-element_type=\"widget\" data-e-type=\"widget\" data-widget_type=\"text-editor.default\">\n\t\t\t\t<div class=\"elementor-widget-container\">\n\t\t\t\t\t\t\t\t\t<p>The\u00a0<strong><em>Team Building<\/em><\/strong>also known as Incentive, is increasingly valued by companies as a way to strengthen team cohesion and stimulate collective creativity. At S.M.A.T Training, we offer customized Team Building experiences designed to meet the specific needs of each team.<\/p><p><strong>1. Objectives of Team Building activities at S.M.A.T Training :<\/strong><\/p><ul><li><strong>Strengthening team cohesion<\/strong>\u00a0Our activities are designed to strengthen the bonds between team members, thus fostering better collaboration on a daily basis.<\/li><li><strong>Development of individual and collective potential<\/strong>\u00a0Through various challenges, we help participants discover and maximize their potentials, contributing to the improvement of the team's overall performance.<\/li><li><strong>Creation and innovation<\/strong>\u00a0By stepping out of their comfort zone, your employees are encouraged to think differently and innovate, which can lead to new ideas and projects for the company.<\/li><\/ul>\t\t\t\t\t\t\t\t<\/div>\n\t\t\t\t<\/div>\n\t\t\t\t<\/div>\n\t\t\t\t\t<\/div>\n\t\t\t\t<\/div>\n\t\t<div class=\"elementor-element elementor-element-8aca37b e-flex e-con-boxed e-con e-parent\" data-id=\"8aca37b\" data-element_type=\"container\" data-e-type=\"container\">\n\t\t\t\t\t<div class=\"e-con-inner\">\n\t\t\t\t<div class=\"elementor-element elementor-element-3567ed9 elementor-widget elementor-widget-text-editor\" data-id=\"3567ed9\" data-element_type=\"widget\" data-e-type=\"widget\" data-widget_type=\"text-editor.default\">\n\t\t\t\t<div class=\"elementor-widget-container\">\n\t\t\t\t\t\t\t\t\t<p><strong>2. Activity Process :<\/strong><\/p><ul><li><strong>Practical scenarios<\/strong>\u00a0We use realistic and engaging scenarios that simulate real-life situations that can occur in a professional context. These scenarios test and develop the interpersonal and problem-solving skills of the participants.<\/li><li><strong>Customized activities<\/strong>\u00a0Each activity is carefully tailored to meet the specifics of your team and company goals, ensuring a truly relevant and impactful experience for all participants.<\/li><li><strong>Feedback and reflection<\/strong>\u00a0Each Team Building session concludes with a debriefing phase where participants can share their experiences and insights. This moment is crucial for consolidating learning and encouraging the application of new skills acquired.<\/li><\/ul><p><strong>3. Expected Results :<\/strong><\/p><ul><li><strong>Improved self-awareness and understanding of others<\/strong>\u00a0Participants end up with a better understanding of their own behaviors and those of their colleagues, which helps improve interactions within the team.<\/li><li><strong>Stepping out of the comfort zone:<\/strong>\u00a0Faced with unexpected challenges, your employees will learn to better manage stress and adapt to new situations, thereby increasing their flexibility.<\/li><li><strong>Customization:<\/strong>\u00a0Our challenges are fully customizable to ensure they optimally meet the needs of your team, making each experience unique and tailored.<\/li><\/ul><p>By integrating Team Building into your company's development strategy, you invest in human capital and promote a dynamic and innovative work environment. At S.M.A.T Training, we are committed to creating experiences that not only unite teams but transform them.<\/p><p>\u00a0<\/p>\t\t\t\t\t\t\t\t<\/div>\n\t\t\t\t<\/div>\n\t\t\t\t\t<\/div>\n\t\t\t\t<\/div>\n\t\t<div class=\"elementor-element elementor-element-121f80a e-grid e-con-boxed e-con e-parent\" data-id=\"121f80a\" data-element_type=\"container\" data-e-type=\"container\" data-settings=\"{&quot;background_background&quot;:&quot;classic&quot;}\">\n\t\t\t\t\t<div class=\"e-con-inner\">\n\t\t\t\t<div class=\"elementor-element elementor-element-7190037 elementor-widget elementor-widget-image\" data-id=\"7190037\" data-element_type=\"widget\" data-e-type=\"widget\" data-widget_type=\"image.default\">\n\t\t\t\t<div class=\"elementor-widget-container\">\n\t\t\t\t\t\t\t\t\t\t\t\t\t\t\t<img decoding=\"async\" width=\"644\" height=\"346\" src=\"https:\/\/www.smattraining.com\/wp-content\/uploads\/2025\/06\/Capture-decran-2025-06-23-a-13.39.53.webp\" class=\"attachment-large size-large wp-image-1365\" alt=\"\" srcset=\"https:\/\/www.smattraining.com\/wp-content\/uploads\/2025\/06\/Capture-decran-2025-06-23-a-13.39.53.webp 644w, https:\/\/www.smattraining.com\/wp-content\/uploads\/2025\/06\/Capture-decran-2025-06-23-a-13.39.53-300x161.jpeg 300w, https:\/\/www.smattraining.com\/wp-content\/uploads\/2025\/06\/Capture-decran-2025-06-23-a-13.39.53-18x10.jpeg 18w, https:\/\/www.smattraining.com\/wp-content\/uploads\/2025\/06\/Capture-decran-2025-06-23-a-13.39.53-600x322.jpeg 600w\" sizes=\"(max-width: 644px) 100vw, 644px\" \/>\t\t\t\t\t\t\t\t\t\t\t\t\t\t\t<\/div>\n\t\t\t\t<\/div>\n\t\t\t\t<div class=\"elementor-element elementor-element-abbdfbb elementor-widget elementor-widget-image\" data-id=\"abbdfbb\" data-element_type=\"widget\" data-e-type=\"widget\" data-widget_type=\"image.default\">\n\t\t\t\t<div class=\"elementor-widget-container\">\n\t\t\t\t\t\t\t\t\t\t\t\t\t\t\t<img decoding=\"async\" width=\"644\" height=\"346\" src=\"https:\/\/www.smattraining.com\/wp-content\/uploads\/2025\/06\/Capture-decran-2025-06-23-a-13.23.46.webp\" class=\"attachment-large size-large wp-image-1366\" alt=\"\" srcset=\"https:\/\/www.smattraining.com\/wp-content\/uploads\/2025\/06\/Capture-decran-2025-06-23-a-13.23.46.webp 644w, https:\/\/www.smattraining.com\/wp-content\/uploads\/2025\/06\/Capture-decran-2025-06-23-a-13.23.46-300x161.jpeg 300w, https:\/\/www.smattraining.com\/wp-content\/uploads\/2025\/06\/Capture-decran-2025-06-23-a-13.23.46-18x10.jpeg 18w, https:\/\/www.smattraining.com\/wp-content\/uploads\/2025\/06\/Capture-decran-2025-06-23-a-13.23.46-600x322.jpeg 600w\" sizes=\"(max-width: 644px) 100vw, 644px\" \/>\t\t\t\t\t\t\t\t\t\t\t\t\t\t\t<\/div>\n\t\t\t\t<\/div>\n\t\t\t\t<div class=\"elementor-element elementor-element-917ef08 elementor-widget elementor-widget-image\" data-id=\"917ef08\" data-element_type=\"widget\" data-e-type=\"widget\" data-widget_type=\"image.default\">\n\t\t\t\t<div class=\"elementor-widget-container\">\n\t\t\t\t\t\t\t\t\t\t\t\t\t\t\t<img loading=\"lazy\" decoding=\"async\" width=\"788\" height=\"438\" src=\"https:\/\/www.smattraining.com\/wp-content\/uploads\/2025\/06\/Capture-decran-2025-06-23-a-13.23.02.webp\" class=\"attachment-large size-large wp-image-1368\" alt=\"\" srcset=\"https:\/\/www.smattraining.com\/wp-content\/uploads\/2025\/06\/Capture-decran-2025-06-23-a-13.23.02.webp 788w, https:\/\/www.smattraining.com\/wp-content\/uploads\/2025\/06\/Capture-decran-2025-06-23-a-13.23.02-300x167.webp 300w, https:\/\/www.smattraining.com\/wp-content\/uploads\/2025\/06\/Capture-decran-2025-06-23-a-13.23.02-768x427.webp 768w, https:\/\/www.smattraining.com\/wp-content\/uploads\/2025\/06\/Capture-decran-2025-06-23-a-13.23.02-18x10.webp 18w, https:\/\/www.smattraining.com\/wp-content\/uploads\/2025\/06\/Capture-decran-2025-06-23-a-13.23.02-600x334.webp 600w\" sizes=\"(max-width: 788px) 100vw, 788px\" \/>\t\t\t\t\t\t\t\t\t\t\t\t\t\t\t<\/div>\n\t\t\t\t<\/div>\n\t\t\t\t\t<\/div>\n\t\t\t\t<\/div>\n\t\t<div class=\"elementor-element elementor-element-b324532 e-flex e-con-boxed e-con e-parent\" data-id=\"b324532\" data-element_type=\"container\" data-e-type=\"container\">\n\t\t\t\t\t<div class=\"e-con-inner\">\n\t\t\t\t<div class=\"elementor-element elementor-element-2c2389b elementor-align-center elementor-widget elementor-widget-button\" data-id=\"2c2389b\" data-element_type=\"widget\" data-e-type=\"widget\" data-widget_type=\"button.default\">\n\t\t\t\t<div class=\"elementor-widget-container\">\n\t\t\t\t\t\t\t\t\t<div class=\"elementor-button-wrapper\">\n\t\t\t\t\t<a class=\"elementor-button elementor-button-link elementor-size-sm\" href=\"mailto:manager@smattraining.com\" target=\"_blank\">\n\t\t\t\t\t\t<span class=\"elementor-button-content-wrapper\">\n\t\t\t\t\t\t\t\t\t<span class=\"elementor-button-text\">CONTACT<\/span>\n\t\t\t\t\t<\/span>\n\t\t\t\t\t<\/a>\n\t\t\t\t<\/div>\n\t\t\t\t\t\t\t\t<\/div>\n\t\t\t\t<\/div>\n\t\t\t\t\t<\/div>\n\t\t\t\t<\/div>\n\t\t<div class=\"elementor-element elementor-element-d495e17 e-flex e-con-boxed e-con e-parent\" data-id=\"d495e17\" data-element_type=\"container\" data-e-type=\"container\">\n\t\t\t\t\t<div class=\"e-con-inner\">\n\t\t\t\t<div class=\"elementor-element elementor-element-6165618 elementor-widget elementor-widget-spacer\" data-id=\"6165618\" data-element_type=\"widget\" data-e-type=\"widget\" data-widget_type=\"spacer.default\">\n\t\t\t\t<div class=\"elementor-widget-container\">\n\t\t\t\t\t\t\t<div class=\"elementor-spacer\">\n\t\t\t<div class=\"elementor-spacer-inner\"><\/div>\n\t\t<\/div>\n\t\t\t\t\t\t<\/div>\n\t\t\t\t<\/div>\n\t\t\t\t\t<\/div>\n\t\t\t\t<\/div>\n\t\t\t\t<\/div>","protected":false},"excerpt":{"rendered":"<p>Incentive Le\u00a0Team Building, \u00e9galement appel\u00e9 Incentive, est une m\u00e9thode de plus en plus appr\u00e9ci\u00e9e par les entreprises pour renforcer la coh\u00e9sion d\u2019\u00e9quipe et stimuler la cr\u00e9ativit\u00e9 collective. Chez S.M.A.T Training, [&hellip;]<\/p>\n","protected":false},"author":2,"featured_media":0,"parent":0,"menu_order":0,"comment_status":"closed","ping_status":"closed","template":"","meta":{"site-sidebar-layout":"no-sidebar","site-content-layout":"","ast-site-content-layout":"full-width-container","site-content-style":"default","site-sidebar-style":"default","ast-global-header-display":"","ast-banner-title-visibility":"","ast-main-header-display":"","ast-hfb-above-header-display":"","ast-hfb-below-header-display":"","ast-hfb-mobile-header-display":"","site-post-title":"disabled","ast-breadcrumbs-content":"","ast-featured-img":"disabled","footer-sml-layout":"","ast-disable-related-posts":"","theme-transparent-header-meta":"","adv-header-id-meta":"","stick-header-meta":"","header-above-stick-meta":"","header-main-stick-meta":"","header-below-stick-meta":"","astra-migrate-meta-layouts":"default","ast-page-background-enabled":"default","ast-page-background-meta":{"desktop":{"background-color":"var(--ast-global-color-5)","background-image":"","background-repeat":"repeat","background-position":"center center","background-size":"auto","background-attachment":"scroll","background-type":"","background-media":"","overlay-type":"","overlay-color":"","overlay-opacity":"","overlay-gradient":""},"tablet":{"background-color":"","background-image":"","background-repeat":"repeat","background-position":"center center","background-size":"auto","background-attachment":"scroll","background-type":"","background-media":"","overlay-type":"","overlay-color":"","overlay-opacity":"","overlay-gradient":""},"mobile":{"background-color":"","background-image":"","background-repeat":"repeat","background-position":"center center","background-size":"auto","background-attachment":"scroll","background-type":"","background-media":"","overlay-type":"","overlay-color":"","overlay-opacity":"","overlay-gradient":""}},"ast-content-background-meta":{"desktop":{"background-color":"var(--ast-global-color-4)","background-image":"","background-repeat":"repeat","background-position":"center center","background-size":"auto","background-attachment":"scroll","background-type":"","background-media":"","overlay-type":"","overlay-color":"","overlay-opacity":"","overlay-gradient":""},"tablet":{"background-color":"var(--ast-global-color-4)","background-image":"","background-repeat":"repeat","background-position":"center center","background-size":"auto","background-attachment":"scroll","background-type":"","background-media":"","overlay-type":"","overlay-color":"","overlay-opacity":"","overlay-gradient":""},"mobile":{"background-color":"var(--ast-global-color-4)","background-image":"","background-repeat":"repeat","background-position":"center center","background-size":"auto","background-attachment":"scroll","background-type":"","background-media":"","overlay-type":"","overlay-color":"","overlay-opacity":"","overlay-gradient":""}},"footnotes":""},"class_list":["post-620","page","type-page","status-publish","hentry"],"_links":{"self":[{"href":"https:\/\/www.smattraining.com\/en\/wp-json\/wp\/v2\/pages\/620","targetHints":{"allow":["GET"]}}],"collection":[{"href":"https:\/\/www.smattraining.com\/en\/wp-json\/wp\/v2\/pages"}],"about":[{"href":"https:\/\/www.smattraining.com\/en\/wp-json\/wp\/v2\/types\/page"}],"author":[{"embeddable":true,"href":"https:\/\/www.smattraining.com\/en\/wp-json\/wp\/v2\/users\/2"}],"replies":[{"embeddable":true,"href":"https:\/\/www.smattraining.com\/en\/wp-json\/wp\/v2\/comments?post=620"}],"version-history":[{"count":0,"href":"https:\/\/www.smattraining.com\/en\/wp-json\/wp\/v2\/pages\/620\/revisions"}],"wp:attachment":[{"href":"https:\/\/www.smattraining.com\/en\/wp-json\/wp\/v2\/media?parent=620"}],"curies":[{"name":"wp","href":"https:\/\/api.w.org\/{rel}","templated":true}]}}