{"id":86,"date":"2025-05-20T23:14:52","date_gmt":"2025-05-20T21:14:52","guid":{"rendered":"https:\/\/smattrd.cluster100.hosting.ovh.net\/?page_id=86"},"modified":"2026-04-26T18:10:41","modified_gmt":"2026-04-26T16:10:41","slug":"e-c-p-o","status":"publish","type":"page","link":"https:\/\/www.smattraining.com\/en\/e-c-p-o\/","title":{"rendered":"E.C.P.O."},"content":{"rendered":"<div data-elementor-type=\"wp-page\" data-elementor-id=\"86\" class=\"elementor elementor-86\">\n\t\t\t\t<div class=\"elementor-element elementor-element-f955b3b e-flex e-con-boxed e-con e-parent\" data-id=\"f955b3b\" data-element_type=\"container\" data-e-type=\"container\">\n\t\t\t\t\t<div class=\"e-con-inner\">\n\t\t\t\t<div class=\"elementor-element elementor-element-11e6518 elementor-widget elementor-widget-heading\" data-id=\"11e6518\" data-element_type=\"widget\" data-e-type=\"widget\" data-widget_type=\"heading.default\">\n\t\t\t\t<div class=\"elementor-widget-container\">\n\t\t\t\t\t<h2 class=\"elementor-heading-title elementor-size-default\">ECPO<span style=\"font-style: inherit;font-weight: inherit\">\u2122<\/span>\u2013 Formation Protection Rapproch\u00e9e<\/h2>\t\t\t\t<\/div>\n\t\t\t\t<\/div>\n\t\t\t\t\t<\/div>\n\t\t\t\t<\/div>\n\t\t<div class=\"elementor-element elementor-element-b201ef5 e-flex e-con-boxed e-con e-parent\" data-id=\"b201ef5\" data-element_type=\"container\" data-e-type=\"container\">\n\t\t\t\t\t<div class=\"e-con-inner\">\n\t\t\t\t<div class=\"elementor-element elementor-element-6cf23a4 elementor-widget elementor-widget-image\" data-id=\"6cf23a4\" data-element_type=\"widget\" data-e-type=\"widget\" data-widget_type=\"image.default\">\n\t\t\t\t<div class=\"elementor-widget-container\">\n\t\t\t\t\t\t\t\t\t\t\t\t\t\t\t<img fetchpriority=\"high\" decoding=\"async\" width=\"1024\" height=\"683\" src=\"https:\/\/www.smattraining.com\/wp-content\/uploads\/2025\/05\/83766350-4F30-4F45-A833-C2DF86D70730-1024x683.webp\" class=\"attachment-large size-large wp-image-177\" alt=\"\" srcset=\"https:\/\/www.smattraining.com\/wp-content\/uploads\/2025\/05\/83766350-4F30-4F45-A833-C2DF86D70730-1024x683.webp 1024w, https:\/\/www.smattraining.com\/wp-content\/uploads\/2025\/05\/83766350-4F30-4F45-A833-C2DF86D70730-600x400.webp 600w, https:\/\/www.smattraining.com\/wp-content\/uploads\/2025\/05\/83766350-4F30-4F45-A833-C2DF86D70730-300x200.webp 300w, https:\/\/www.smattraining.com\/wp-content\/uploads\/2025\/05\/83766350-4F30-4F45-A833-C2DF86D70730-768x512.webp 768w, https:\/\/www.smattraining.com\/wp-content\/uploads\/2025\/05\/83766350-4F30-4F45-A833-C2DF86D70730.webp 1536w\" sizes=\"(max-width: 1024px) 100vw, 1024px\" \/>\t\t\t\t\t\t\t\t\t\t\t\t\t\t\t<\/div>\n\t\t\t\t<\/div>\n\t\t<div class=\"elementor-element elementor-element-c17f48f e-con-full e-flex e-con e-child\" data-id=\"c17f48f\" data-element_type=\"container\" data-e-type=\"container\">\n\t\t\t\t<div class=\"elementor-element elementor-element-3d0014e elementor-widget__width-initial elementor-widget elementor-widget-text-editor\" data-id=\"3d0014e\" data-element_type=\"widget\" data-e-type=\"widget\" data-widget_type=\"text-editor.default\">\n\t\t\t\t<div class=\"elementor-widget-container\">\n\t\t\t\t\t\t\t\t\t<section class=\"s_text_block pt0 pb16 o_colored_level\" data-snippet=\"s_text_block\" data-name=\"Text\"><div class=\"container s_allow_columns\"><h4><strong>DESCRIPTION OF TRAINING<\/strong><\/h4><p>A close protection agent, more commonly known as a bodyguard, works either as part of a team or independently on assignments, and is responsible for protecting people on business or private trips, in compliance with the law.\u00a0<\/p><p>They are capable of providing security and intervening to protect people. He is a privileged contact and a \u2018facilitator\u2019 of life for the persons to be protected and their entourage. They work in complete discretion.<\/p><p>Increasingly, it is important to take an international view of a CPO's career. This vision must take into account the major international bodies (NATO, EU, EEAS, NGO's, UN, etc). Appropriate and optimal training, as well as one of the internationally recognised certificates, will be a major asset in an international application.\u00a0<\/p><p><strong>Certified by SII<\/strong><\/p><img decoding=\"async\" class=\"alignnone  wp-image-1336\" src=\"http:\/\/www.smattraining.com\/wp-content\/uploads\/2025\/06\/Copie-de-SII-Logo.webp\" alt=\"\" width=\"146\" height=\"58\" srcset=\"https:\/\/www.smattraining.com\/wp-content\/uploads\/2025\/06\/Copie-de-SII-Logo.webp 276w, https:\/\/www.smattraining.com\/wp-content\/uploads\/2025\/06\/Copie-de-SII-Logo-18x7.webp 18w\" sizes=\"(max-width: 146px) 100vw, 146px\" \/><\/div><\/section><section class=\"s_text_block pt0 pb16 o_colored_level\" data-snippet=\"s_text_block\" data-name=\"Text\"><div class=\"s_allow_columns container\"><h4>\u00a0<\/h4><h4>I: Working as a Close Protection Officer<\/h4><ul><li>Understand the roles and responsibilities of a Close Protection Officer<\/li><li>Understand basic surveillance, anti-surveillance and counter-surveillance techniques<\/li><li>Understand the legislation relating to a Close Protection Officer<\/li><li>Understand the importance of interpersonal skills in a close protection environment<\/li><li>Understand the importance of reconnaissance in a close protection environment<\/li><li>Understand search procedures in a close protection environment<\/li><li>Be able to establish and maintain secure environments<\/li><\/ul><\/div><\/section><section class=\"s_text_block pt0 pb16 o_colored_level\" data-snippet=\"s_text_block\" data-name=\"Text\"><div class=\"s_allow_columns container\"><h4 id=\"table_of_content_heading_1719611732999_1798\" data-anchor=\"true\"><span class=\"h3-fs\">II: Planning, preparation and support of<br \/>a close protection operation<\/span><\/h4><ul><li>Understand the importance of threat assessment, risk management and operational planning<\/li><li>Understand the importance of teamwork and operational briefing in a close protection environment<\/li><li>Understand \u201con foot\u201d close protection exercises<\/li><li>Understand the importance of route selection planning<\/li><li>Understand the importance of transport management in the close protection environment<\/li><li>Understand incident management in a close protection environment<\/li><li>Understand site security operations<\/li><li>Be able to plan and prepare for a close protection operation<\/li><li>Be able to provide close protection to a \u2018principal\u2019.<\/li><\/ul><\/div><\/section><section class=\"s_text_block pt0 o_colored_level pb16\" data-snippet=\"s_text_block\" data-name=\"Text\"><div class=\"s_allow_columns container\"><h4 id=\"table_of_content_heading_1719611732999_1799\" data-anchor=\"true\"><span class=\"h3-fs\">III: Conflict management in the private security industry<\/span><\/h4><ul><li>Principles of conflict management<\/li><li>How to recognise, assess and reduce risks<\/li><li>How to communicate in emotional situations to defuse conflict,<\/li><li>How to develop and use problem-solving strategies to resolve conflicts\u00a0<\/li><li>Good practices to follow after conflict situations.<\/li><\/ul><\/div><\/section><section class=\"s_text_block pt0 o_colored_level pb16\" data-snippet=\"s_text_block\" data-name=\"Text\"><div class=\"s_allow_columns container\"><h4 id=\"table_of_content_heading_1719611732999_1800\" data-anchor=\"true\"><span class=\"h3-fs\">IV: Medic\u00a0\u00a0<\/span><\/h4><p>CLS Mira<\/p><\/div><\/section><section class=\"s_text_block pt0 o_colored_level pb16\" data-snippet=\"s_text_block\" data-name=\"Text\"><div class=\"s_allow_columns container\"><h4 id=\"table_of_content_heading_1719611732999_1801\" data-anchor=\"true\"><span class=\"h4-fs\">V: Prevention of vigilance, prevention and protection in the face of the terrorist threat (FRANCE)<\/span><\/h4><ul><li>Prevention of vigilance<\/li><li>prevention and protection in the face of the terrorist threat\u00a0<\/li><\/ul><\/div><\/section><section class=\"s_text_block pt0 o_colored_level pb16\" data-snippet=\"s_text_block\" data-name=\"Text\"><div class=\"s_allow_columns container\"><h4 id=\"table_of_content_heading_1719611732999_1802\" data-anchor=\"true\"><span class=\"h4-fs\">VI: Introduction to IT cybersecurity -digital threats- (FRANCE)<\/span><\/h4><ul><li>Introduction to IT cybersecurity (digital threats)<\/li><\/ul><\/div><\/section>\t\t\t\t\t\t\t\t<\/div>\n\t\t\t\t<\/div>\n\t\t\t\t<div class=\"elementor-element elementor-element-bce2735 elementor-widget-divider--view-line elementor-widget elementor-widget-divider\" data-id=\"bce2735\" data-element_type=\"widget\" data-e-type=\"widget\" data-widget_type=\"divider.default\">\n\t\t\t\t<div class=\"elementor-widget-container\">\n\t\t\t\t\t\t\t<div class=\"elementor-divider\">\n\t\t\t<span class=\"elementor-divider-separator\">\n\t\t\t\t\t\t<\/span>\n\t\t<\/div>\n\t\t\t\t\t\t<\/div>\n\t\t\t\t<\/div>\n\t\t\t\t<\/div>\n\t\t\t\t\t<\/div>\n\t\t\t\t<\/div>\n\t\t<div class=\"elementor-element elementor-element-fd65866 e-flex e-con-boxed e-con e-parent\" data-id=\"fd65866\" data-element_type=\"container\" data-e-type=\"container\">\n\t\t\t\t\t<div class=\"e-con-inner\">\n\t\t\t\t<div class=\"elementor-element elementor-element-ef9d589 elementor-widget elementor-widget-text-editor\" data-id=\"ef9d589\" data-element_type=\"widget\" data-e-type=\"widget\" data-widget_type=\"text-editor.default\">\n\t\t\t\t<div class=\"elementor-widget-container\">\n\t\t\t\t\t\t\t\t\t<h2 id=\"table_of_content_heading_1719154494283_3055\" class=\"o_default_snippet_text\" data-anchor=\"true\">Practical information<\/h2>\n<ul>\n<li><strong>Duration: <\/strong>depending on the country, practical modules + 1 week online\u00a0<\/li>\n<li><strong>Location<\/strong> : <a href=\"https:\/\/www.smattraining.com\/en\/calendrier\/\">view<\/a><\/li>\n<li><strong>Language<\/strong>\u00a0French, English\u00a0<\/li>\n<li><strong>Certification<\/strong> : SII<br \/>First and only European certificate certified by SII, SECURITY INSTITUTE of IRELAND. It allows recognition of equivalence in ALL member countries of the European Union.<\/li>\n<li><strong>Prerequisites: none, but equivalence depends on the legislation of each country<\/strong><\/li>\n<\/ul>\n<p><u><strong><em>All our group training courses can be adapted on request \/ Min 5 people<\/em><\/strong><\/u><\/p>\t\t\t\t\t\t\t\t<\/div>\n\t\t\t\t<\/div>\n\t\t\t\t\t<\/div>\n\t\t\t\t<\/div>\n\t\t<div class=\"elementor-element elementor-element-bc2fa1e e-flex e-con-boxed e-con e-parent\" data-id=\"bc2fa1e\" data-element_type=\"container\" data-e-type=\"container\">\n\t\t\t\t\t<div class=\"e-con-inner\">\n\t\t\t\t<div class=\"elementor-element elementor-element-85288ea elementor-widget elementor-widget-image\" data-id=\"85288ea\" data-element_type=\"widget\" data-e-type=\"widget\" data-widget_type=\"image.default\">\n\t\t\t\t<div class=\"elementor-widget-container\">\n\t\t\t\t\t\t\t\t\t\t\t\t\t\t\t<img decoding=\"async\" width=\"1024\" height=\"95\" src=\"https:\/\/www.smattraining.com\/wp-content\/uploads\/2025\/05\/Capture-decran-2025-05-21-a-15.08.50-1024x95.webp\" class=\"attachment-large size-large wp-image-137\" alt=\"\" srcset=\"https:\/\/www.smattraining.com\/wp-content\/uploads\/2025\/05\/Capture-decran-2025-05-21-a-15.08.50-1024x95.webp 1024w, https:\/\/www.smattraining.com\/wp-content\/uploads\/2025\/05\/Capture-decran-2025-05-21-a-15.08.50-scaled-600x56.webp 600w, https:\/\/www.smattraining.com\/wp-content\/uploads\/2025\/05\/Capture-decran-2025-05-21-a-15.08.50-300x28.webp 300w, https:\/\/www.smattraining.com\/wp-content\/uploads\/2025\/05\/Capture-decran-2025-05-21-a-15.08.50-768x71.webp 768w, https:\/\/www.smattraining.com\/wp-content\/uploads\/2025\/05\/Capture-decran-2025-05-21-a-15.08.50-1536x143.webp 1536w, https:\/\/www.smattraining.com\/wp-content\/uploads\/2025\/05\/Capture-decran-2025-05-21-a-15.08.50-scaled.webp 1920w\" sizes=\"(max-width: 1024px) 100vw, 1024px\" \/>\t\t\t\t\t\t\t\t\t\t\t\t\t\t\t<\/div>\n\t\t\t\t<\/div>\n\t\t\t\t\t<\/div>\n\t\t\t\t<\/div>\n\t\t<div class=\"elementor-element elementor-element-1531bfd e-flex e-con-boxed e-con e-parent\" data-id=\"1531bfd\" data-element_type=\"container\" data-e-type=\"container\">\n\t\t\t\t\t<div class=\"e-con-inner\">\n\t\t\t\t<div class=\"elementor-element elementor-element-c68c1a4 elementor-align-center elementor-widget elementor-widget-button\" data-id=\"c68c1a4\" data-element_type=\"widget\" data-e-type=\"widget\" data-widget_type=\"button.default\">\n\t\t\t\t<div class=\"elementor-widget-container\">\n\t\t\t\t\t\t\t\t\t<div class=\"elementor-button-wrapper\">\n\t\t\t\t\t<a class=\"elementor-button elementor-button-link elementor-size-sm\" href=\"https:\/\/www.smattraining.com\/en\/calendrier\/\" target=\"_blank\">\n\t\t\t\t\t\t<span class=\"elementor-button-content-wrapper\">\n\t\t\t\t\t\t\t\t\t<span class=\"elementor-button-text\">Dates and registration<\/span>\n\t\t\t\t\t<\/span>\n\t\t\t\t\t<\/a>\n\t\t\t\t<\/div>\n\t\t\t\t\t\t\t\t<\/div>\n\t\t\t\t<\/div>\n\t\t\t\t\t<\/div>\n\t\t\t\t<\/div>\n\t\t\t\t<\/div>","protected":false},"excerpt":{"rendered":"<p>ECPO\u2122\u2013 Formation Protection Rapproch\u00e9e DESCRIPTION DE LA FORMATION Un Agent de protection rapproch\u00e9e est plus commun\u00e9ment appel\u00e9 Garde du corps exerce sa fonction soit en \u00e9quipe ou, lors de mission, [&hellip;]<\/p>\n","protected":false},"author":2,"featured_media":0,"parent":0,"menu_order":0,"comment_status":"closed","ping_status":"closed","template":"","meta":{"site-sidebar-layout":"no-sidebar","site-content-layout":"","ast-site-content-layout":"full-width-container","site-content-style":"default","site-sidebar-style":"default","ast-global-header-display":"","ast-banner-title-visibility":"","ast-main-header-display":"","ast-hfb-above-header-display":"","ast-hfb-below-header-display":"","ast-hfb-mobile-header-display":"","site-post-title":"disabled","ast-breadcrumbs-content":"","ast-featured-img":"disabled","footer-sml-layout":"","ast-disable-related-posts":"","theme-transparent-header-meta":"","adv-header-id-meta":"","stick-header-meta":"","header-above-stick-meta":"","header-main-stick-meta":"","header-below-stick-meta":"","astra-migrate-meta-layouts":"default","ast-page-background-enabled":"default","ast-page-background-meta":{"desktop":{"background-color":"var(--ast-global-color-5)","background-image":"","background-repeat":"repeat","background-position":"center center","background-size":"auto","background-attachment":"scroll","background-type":"","background-media":"","overlay-type":"","overlay-color":"","overlay-opacity":"","overlay-gradient":""},"tablet":{"background-color":"","background-image":"","background-repeat":"repeat","background-position":"center center","background-size":"auto","background-attachment":"scroll","background-type":"","background-media":"","overlay-type":"","overlay-color":"","overlay-opacity":"","overlay-gradient":""},"mobile":{"background-color":"","background-image":"","background-repeat":"repeat","background-position":"center center","background-size":"auto","background-attachment":"scroll","background-type":"","background-media":"","overlay-type":"","overlay-color":"","overlay-opacity":"","overlay-gradient":""}},"ast-content-background-meta":{"desktop":{"background-color":"var(--ast-global-color-4)","background-image":"","background-repeat":"repeat","background-position":"center center","background-size":"auto","background-attachment":"scroll","background-type":"","background-media":"","overlay-type":"","overlay-color":"","overlay-opacity":"","overlay-gradient":""},"tablet":{"background-color":"var(--ast-global-color-4)","background-image":"","background-repeat":"repeat","background-position":"center center","background-size":"auto","background-attachment":"scroll","background-type":"","background-media":"","overlay-type":"","overlay-color":"","overlay-opacity":"","overlay-gradient":""},"mobile":{"background-color":"var(--ast-global-color-4)","background-image":"","background-repeat":"repeat","background-position":"center center","background-size":"auto","background-attachment":"scroll","background-type":"","background-media":"","overlay-type":"","overlay-color":"","overlay-opacity":"","overlay-gradient":""}},"footnotes":""},"class_list":["post-86","page","type-page","status-publish","hentry"],"_links":{"self":[{"href":"https:\/\/www.smattraining.com\/en\/wp-json\/wp\/v2\/pages\/86","targetHints":{"allow":["GET"]}}],"collection":[{"href":"https:\/\/www.smattraining.com\/en\/wp-json\/wp\/v2\/pages"}],"about":[{"href":"https:\/\/www.smattraining.com\/en\/wp-json\/wp\/v2\/types\/page"}],"author":[{"embeddable":true,"href":"https:\/\/www.smattraining.com\/en\/wp-json\/wp\/v2\/users\/2"}],"replies":[{"embeddable":true,"href":"https:\/\/www.smattraining.com\/en\/wp-json\/wp\/v2\/comments?post=86"}],"version-history":[{"count":9,"href":"https:\/\/www.smattraining.com\/en\/wp-json\/wp\/v2\/pages\/86\/revisions"}],"predecessor-version":[{"id":2190,"href":"https:\/\/www.smattraining.com\/en\/wp-json\/wp\/v2\/pages\/86\/revisions\/2190"}],"wp:attachment":[{"href":"https:\/\/www.smattraining.com\/en\/wp-json\/wp\/v2\/media?parent=86"}],"curies":[{"name":"wp","href":"https:\/\/api.w.org\/{rel}","templated":true}]}}