{"id":181,"date":"2025-05-21T16:43:10","date_gmt":"2025-05-21T14:43:10","guid":{"rendered":"https:\/\/smattrd.cluster100.hosting.ovh.net\/?page_id=181"},"modified":"2026-01-20T08:19:37","modified_gmt":"2026-01-20T07:19:37","slug":"t-e-c-c","status":"publish","type":"page","link":"https:\/\/www.smattraining.com\/fr\/t-e-c-c\/","title":{"rendered":"T.E.C.C."},"content":{"rendered":"\t\t<div data-elementor-type=\"wp-page\" data-elementor-id=\"181\" class=\"elementor elementor-181\">\n\t\t\t\t<div class=\"elementor-element elementor-element-1d59890 e-flex e-con-boxed e-con e-parent\" data-id=\"1d59890\" data-element_type=\"container\" data-e-type=\"container\">\n\t\t\t\t\t<div class=\"e-con-inner\">\n\t\t\t\t<div class=\"elementor-element elementor-element-0f4b515 elementor-widget elementor-widget-heading\" data-id=\"0f4b515\" data-element_type=\"widget\" data-e-type=\"widget\" data-widget_type=\"heading.default\">\n\t\t\t\t<div class=\"elementor-widget-container\">\n\t\t\t\t\t<h2 class=\"elementor-heading-title elementor-size-default\">T.E.C.C. -  TACTICAL EMERGENCY CASUALTY CARE<\/h2>\t\t\t\t<\/div>\n\t\t\t\t<\/div>\n\t\t\t\t\t<\/div>\n\t\t\t\t<\/div>\n\t\t<div class=\"elementor-element elementor-element-b201ef5 e-flex e-con-boxed e-con e-parent\" data-id=\"b201ef5\" data-element_type=\"container\" data-e-type=\"container\">\n\t\t\t\t\t<div class=\"e-con-inner\">\n\t\t\t\t<div class=\"elementor-element elementor-element-6cf23a4 elementor-widget__width-initial elementor-widget elementor-widget-image\" data-id=\"6cf23a4\" data-element_type=\"widget\" data-e-type=\"widget\" data-widget_type=\"image.default\">\n\t\t\t\t<div class=\"elementor-widget-container\">\n\t\t\t\t\t\t\t\t\t\t\t\t\t\t\t<img fetchpriority=\"high\" decoding=\"async\" width=\"1024\" height=\"1024\" src=\"https:\/\/www.smattraining.com\/wp-content\/uploads\/2025\/05\/9772172E-9E69-4152-9373-E9FAAA29AD91.webp\" class=\"attachment-large size-large wp-image-193\" alt=\"\" srcset=\"https:\/\/www.smattraining.com\/wp-content\/uploads\/2025\/05\/9772172E-9E69-4152-9373-E9FAAA29AD91.webp 1024w, https:\/\/www.smattraining.com\/wp-content\/uploads\/2025\/05\/9772172E-9E69-4152-9373-E9FAAA29AD91-300x300.webp 300w, https:\/\/www.smattraining.com\/wp-content\/uploads\/2025\/05\/9772172E-9E69-4152-9373-E9FAAA29AD91-100x100.webp 100w, https:\/\/www.smattraining.com\/wp-content\/uploads\/2025\/05\/9772172E-9E69-4152-9373-E9FAAA29AD91-600x600.webp 600w, https:\/\/www.smattraining.com\/wp-content\/uploads\/2025\/05\/9772172E-9E69-4152-9373-E9FAAA29AD91-150x150.png 150w, https:\/\/www.smattraining.com\/wp-content\/uploads\/2025\/05\/9772172E-9E69-4152-9373-E9FAAA29AD91-768x768.png 768w\" sizes=\"(max-width: 1024px) 100vw, 1024px\" \/>\t\t\t\t\t\t\t\t\t\t\t\t\t\t\t<\/div>\n\t\t\t\t<\/div>\n\t\t<div class=\"elementor-element elementor-element-c17f48f e-con-full e-flex e-con e-child\" data-id=\"c17f48f\" data-element_type=\"container\" data-e-type=\"container\">\n\t\t\t\t<div class=\"elementor-element elementor-element-3d0014e elementor-widget__width-initial elementor-widget elementor-widget-text-editor\" data-id=\"3d0014e\" data-element_type=\"widget\" data-e-type=\"widget\" data-widget_type=\"text-editor.default\">\n\t\t\t\t<div class=\"elementor-widget-container\">\n\t\t\t\t\t\t\t\t\t<section class=\"s_text_block pt0 pb16 o_colored_level\" data-snippet=\"s_text_block\" data-name=\"Text\"><div class=\"container s_allow_columns\"><h4><strong>DESCRIPTION DE LA FORMATION<\/strong><\/h4><section class=\"s_text_block pt0 pb16 o_colored_level\" data-snippet=\"s_text_block\" data-name=\"Text\"><div class=\"container s_allow_columns\"><p>TECC level 3 est une version CIVILO-Op\u00e9rationnelle bas\u00e9e sur les guidelines TCCC.<\/p><p>Cette formation permet d\u2019acqu\u00e9rir les gestes et les pratiques optimales afin de pouvoir stabiliser une personne bless\u00e9e (polytrauma) selon des lignes directrices claires et hi\u00e9rarchis\u00e9es et selon des drills pr\u00e9cis et avalis\u00e9s. Cette formation donnera une compr\u00e9hension compl\u00e8te des diff\u00e9rents processus ex\u00e9cutoires.<\/p><p>En grande partie pratique, dimensionn\u00e9e par une connaissance th\u00e9orique d\u2019anatomie, de physiologie et de traumatologie, ce cursus se veut indispensable tant en milieu civil, qu\u2019en milieu op\u00e9rationnel, hostile ou non.<\/p><p><strong>Certifi\u00e9 par Highfield<\/strong><\/p><\/div><\/section><section class=\"s_references pb32 o_colored_level pt0\" data-snippet=\"s_references\" data-name=\"R\u00e9f\u00e9rences\"><div class=\"container\"><div class=\"row o_grid_mode\" data-row-count=\"2\"><div class=\"o_colored_level o_grid_item o_grid_item_image g-height-2 g-col-lg-4 col-lg-4\"><img decoding=\"async\" class=\"alignnone  wp-image-1335\" src=\"http:\/\/www.smattraining.com\/wp-content\/uploads\/2025\/06\/Copie-de-Highfield-logo-noir-fond-blanc-17-300x126.webp\" alt=\"\" width=\"167\" height=\"70\" srcset=\"https:\/\/www.smattraining.com\/wp-content\/uploads\/2025\/06\/Copie-de-Highfield-logo-noir-fond-blanc-17-300x126.webp 300w, https:\/\/www.smattraining.com\/wp-content\/uploads\/2025\/06\/Copie-de-Highfield-logo-noir-fond-blanc-17-1024x431.webp 1024w, https:\/\/www.smattraining.com\/wp-content\/uploads\/2025\/06\/Copie-de-Highfield-logo-noir-fond-blanc-17-768x324.webp 768w, https:\/\/www.smattraining.com\/wp-content\/uploads\/2025\/06\/Copie-de-Highfield-logo-noir-fond-blanc-17-18x8.webp 18w, https:\/\/www.smattraining.com\/wp-content\/uploads\/2025\/06\/Copie-de-Highfield-logo-noir-fond-blanc-17-600x253.webp 600w, https:\/\/www.smattraining.com\/wp-content\/uploads\/2025\/06\/Copie-de-Highfield-logo-noir-fond-blanc-17.webp 1239w\" sizes=\"(max-width: 167px) 100vw, 167px\" \/><\/div><div>\u00a0<\/div><\/div><\/div><\/section><section class=\"s_text_block pt0 o_colored_level pb0\" data-snippet=\"s_text_block\" data-name=\"Text\"><div class=\"s_allow_columns container\"><h4 id=\"table_of_content_heading_1719611618089_1724\" data-anchor=\"true\"><span class=\"h3-fs\">UNIT\u00c9 1 : INTERVENTION M\u00c9DICALE<\/span><\/h4><ul><li>Soins sous le feu: Lorsque l\u2019action militaire de s\u00e9curit\u00e9 civile prend le pas sur les soins aux bless\u00e9e.\u00a0<\/li><li>Comment adapter votre approche des soins aux bless\u00e9s en fonction de la menace<\/li><\/ul><h4 id=\"table_of_content_heading_1719611685518_1765\" data-anchor=\"true\"><span class=\"h3-fs\">UNIT\u00c9 2 : L\u00c9SIONS<\/span><\/h4><ul><li>L\u00e9sions musculo-squelettiques (fractures des bras, des jambes, du bassin, des pieds, du cr\u00e2ne)<\/li><li>L\u00e9sions thoraciques (sceau thoracique avec valve, aiguille de d\u00e9compression, asym\u00e9trie thoracique)<\/li><li>L\u00e9sion m\u00e9dullaire (l\u00e9sion m\u00e9dullaire et traumatisme, utilisation de FERNO<\/li><\/ul><\/div><\/section><section class=\"s_text_block pt0 pb16 o_colored_level\" data-snippet=\"s_text_block\" data-name=\"Text\"><div class=\"s_allow_columns container\"><h4 id=\"table_of_content_heading_1719611618091_1725\" data-anchor=\"true\"><span class=\"h3-fs\">UNIT\u00c9 3 : GESTION DES TRAUMATISMES<\/span><\/h4><ul><li>Traumatisme thoracique :\u00a0<\/li><\/ul><p>a)Identifier et traiter imm\u00e9diatement les traumatismes thoraciques potentiellement mortels.<br \/><span style=\"font-style: inherit; font-weight: inherit;\">b)Reconna\u00eetre les blessures \u00e0 la poitrine qui n\u00e9cessitent une intervention chirurgicale urgente.\u00a0<br \/><\/span><span style=\"font-style: inherit; font-weight: inherit;\">c)Comprendre que certaines blessures doivent \u00eatre g\u00e9r\u00e9es par intubation, ventilation et soins intensifs.<br \/><\/span><span style=\"font-style: inherit; font-weight: inherit;\">d)\u00c9valuer, identifier et traiter les blessures thoraciques potentiellement mortelles<\/span><\/p><ul><li>Traumatisme abdominal:<\/li><\/ul><p>a)Comprendre les priorit\u00e9s d\u2019\u00e9valuation et de prise en charge des patients atteints de traumatisme abdominal contondant ou p\u00e9n\u00e9trant. <br \/>b)Reconna\u00eetre les indications d\u2019une chirurgie urgente chez les patients instables. <br \/>c)Comprendre le r\u00f4le de l\u2019imagerie et des investigations dans le diagnostic et le suivi des victimes de traumatismes abdominaux.<\/p><ul><li>M\u00e9canismes et \u00e9pid\u00e9miologie des traumatismes:\u00a0<\/li><\/ul><p>a)Les principaux m\u00e9canismes et types de blessures dans la population militaire. <br \/>b)Les raisons d\u2019adopter des d\u00e9lais dans les soins de traumatologie et la controverse qui entoure les d\u00e9lais.<\/p><ul><li>Blessures \u00e0 la t\u00eate:<\/li><\/ul><p>a)Identifier et g\u00e9rer les traumatismes cr\u00e2niens mena\u00e7ant le pronostic vital. <br \/>b)Reconna\u00eetre les traumatismes cr\u00e2niens qui n\u00e9cessitent une intervention chirurgicale urgente ou des soins intensifs. <br \/>c)Comprendre la gestion des patients bless\u00e9s \u00e0 la t\u00eate \u00e0 chaque \u00e9chelon de soin<\/p><h4 id=\"table_of_content_heading_1719611685519_1766\" data-anchor=\"true\"><span class=\"h3-fs\">UNIT\u00c9 4 : GESTION DES BLESSURE<\/span><\/h4><ul><li>Gestion des plaies<\/li><li>Blessures \u00e0 la t\u00eate (traumatismes cr\u00e2niens, capteur CAPNO propaq)<\/li><li>Douleur abdominale<\/li><li>Les diff\u00e9rences importantes entre les blessures aux membres et au bassin dans l\u2019environnement militaire par rapport \u00e0 l\u2019environnement civil.<\/li><li>Comment \u00e9valuer et traiter les blessures des membres et du bassin<\/li><\/ul><\/div><\/section><section class=\"s_text_block pt0 pb16 o_colored_level\" data-snippet=\"s_text_block\" data-name=\"Text\"><div class=\"s_allow_columns container\"><h4 id=\"table_of_content_heading_1719611685521_1767\" data-anchor=\"true\"><span class=\"h3-fs\">UNIT\u00c9 5 : ATTELLE DE DECOMPRESSION<\/span><\/h4><ul><li>Attelle de d\u00e9compression pour les jambes et les bras<\/li><\/ul><\/div><\/section><section class=\"s_text_block pt0 pb16 o_colored_level\" data-snippet=\"s_text_block\" data-name=\"Text\"><div class=\"s_allow_columns container\"><h4 id=\"table_of_content_heading_1719611685523_1768\" data-anchor=\"true\"><span class=\"h3-fs\">UNIT\u00c9 6 : SOIN CARDIOVASCULAIRE<\/span><\/h4><ul><li>Soins cardiovasculaires d\u2019urgence<\/li><li>Comprendre la pharmacologie cardiovasculaire, pr\u00e9parer et administrer des m\u00e9dicaments cardiovasculaires essentiels<\/li><li>Respiratoire cardiaque<\/li><li>Anaphylaxie<\/li><li>Voies a\u00e9riennes<\/li><li>Rythmes d\u2019arr\u00eat cardiaque (tachycardies et bradycardies)<\/li><li>Syndrome coronaire aigu<\/li><li>Urgence chaude et froide<\/li><\/ul><\/div><\/section><section class=\"s_text_block pt0 pb16 o_colored_level\" data-snippet=\"s_text_block\" data-name=\"Text\"><div class=\"s_allow_columns container\"><h4 id=\"table_of_content_heading_1719611685525_1769\" data-anchor=\"true\"><span class=\"h3-fs\">UNIT\u00c9 7 : ENVENIMATION ET KED<\/span><\/h4><ul><li>Envenimation animale<\/li><li>KED<\/li><\/ul><\/div><\/section><section class=\"s_text_block pt0 pb16 o_colored_level\" data-snippet=\"s_text_block\" data-name=\"Text\"><div class=\"s_allow_columns container\"><h4 data-anchor=\"true\"><span class=\"h3-fs\">UNIT\u00c9 8 : <\/span><span class=\"h3-fs\">R\u00c9ANIMATION SUR LE TERRAIN<\/span><\/h4><section class=\"s_text_block pt0 o_colored_level pb0\" data-snippet=\"s_text_block\" data-name=\"Text\"><div class=\"s_allow_columns container\"><ul><li>Comprendre la pr\u00e9paration d\u2019une installation de r\u00f4le 1 pour recevoir un bless\u00e9 grave<\/li><li>Comprendre le processus d\u2019\u00e9valuation et de traitement des bless\u00e9s graves au r\u00f4le 1<\/li><li>Soins tactiques sur le terrain: Comment \u00e9valuer et traiter une victime dans un environnement semi-permissif aux ressources limit\u00e9es<\/li><li>Appr\u00e9ciez la d\u00e9cision critique qui doit \u00eatre prise lors de la gestion des bless\u00e9 au r\u00f4le 1<\/li><\/ul><\/div><\/section><section class=\"s_text_block pt0 o_colored_level pb0\" data-snippet=\"s_text_block\" data-name=\"Text\"><div class=\"s_allow_columns container\"><h4 id=\"table_of_content_heading_1719611618094_1727\" data-anchor=\"true\"><span class=\"h3-fs\">UNIT\u00c9 9 : BR\u00dbLURES<\/span><\/h4><ul><li>Comprendre l\u2019\u00e9pid\u00e9miologie et la physiopathologie d\u2019une br\u00fblure<\/li><li>Comprendre comment \u00e9valuer la profondeur d\u2019une br\u00fblure<\/li><li>Comprendre comment \u00e9valuer la taille d\u2019une br\u00fblure<\/li><li>Comprendre les priorit\u00e9s de traitement lorsqu\u2019il s\u2019agit d\u2019un bless\u00e9 br\u00fbl\u00e9.<\/li><li>Comprendre les caract\u00e9ristiques sp\u00e9cifiques des br\u00fblures thermiques, \u00e9lectriques et chimiques<\/li><\/ul><\/div><\/section><section class=\"s_text_block pt0 o_colored_level pb0\" data-snippet=\"s_text_block\" data-name=\"Text\"><div class=\"s_allow_columns container\"><h4 id=\"table_of_content_heading_1719611618096_1728\" data-anchor=\"true\"><span class=\"h3-fs\">UNIT\u00c9 10 : TRIAGE<\/span><\/h4><ul><li>Comprendre la d\u00e9finition et le but du triage<\/li><li>Conna\u00eetre les diff\u00e9rentes priorit\u00e9s de triage<\/li><li>Comprendre l\u2019importance de l\u2019\u00e9tiquetage de triage<\/li><li>Comprendre les syst\u00e8mes utilis\u00e9s pour effectuer le triage<\/li><\/ul><\/div><\/section><\/div><\/section><\/div><\/section>\t\t\t\t\t\t\t\t<\/div>\n\t\t\t\t<\/div>\n\t\t\t\t<div class=\"elementor-element elementor-element-bce2735 elementor-widget-divider--view-line elementor-widget elementor-widget-divider\" data-id=\"bce2735\" data-element_type=\"widget\" data-e-type=\"widget\" data-widget_type=\"divider.default\">\n\t\t\t\t<div class=\"elementor-widget-container\">\n\t\t\t\t\t\t\t<div class=\"elementor-divider\">\n\t\t\t<span class=\"elementor-divider-separator\">\n\t\t\t\t\t\t<\/span>\n\t\t<\/div>\n\t\t\t\t\t\t<\/div>\n\t\t\t\t<\/div>\n\t\t\t\t<\/div>\n\t\t\t\t\t<\/div>\n\t\t\t\t<\/div>\n\t\t<div class=\"elementor-element elementor-element-fd65866 e-flex e-con-boxed e-con e-parent\" data-id=\"fd65866\" data-element_type=\"container\" data-e-type=\"container\">\n\t\t\t\t\t<div class=\"e-con-inner\">\n\t\t\t\t<div class=\"elementor-element elementor-element-ef9d589 elementor-widget elementor-widget-text-editor\" data-id=\"ef9d589\" data-element_type=\"widget\" data-e-type=\"widget\" data-widget_type=\"text-editor.default\">\n\t\t\t\t<div class=\"elementor-widget-container\">\n\t\t\t\t\t\t\t\t\t<h2 id=\"table_of_content_heading_1719154494283_3055\" class=\"o_default_snippet_text\" data-anchor=\"true\">Infos pratiques<\/h2><ul><li><strong>Dur\u00e9e\u00a0: Modules de\u00a05 jours\u00a0\u00a0<\/strong>\u00a0<\/li><li><strong>Lieu<\/strong> : <a href=\"https:\/\/www.smattraining.com\/calendrier\/\">voir<\/a><\/li><li><strong>Langue<\/strong>\u00a0: Fran\u00e7ais, Anglais\u00a0<\/li><li><strong>Certification<\/strong>\u00a0:\u00a0\u200bHighfield<\/li><li><strong>Pr\u00e9-requis<\/strong>\u00a0:\u00a0Level 2 ou equivalent<\/li><li><strong>Informations suppl\u00e9mentaires\u00a0:\u00a0H\u00e9bergement inclus selon\u00a0lieux<\/strong><\/li><\/ul><p><u><strong><em>Toutes nos formations groupe sont modulables sur demande \/Min 5 personnes<\/em><\/strong><\/u><\/p>\t\t\t\t\t\t\t\t<\/div>\n\t\t\t\t<\/div>\n\t\t\t\t\t<\/div>\n\t\t\t\t<\/div>\n\t\t<div class=\"elementor-element elementor-element-bc2fa1e e-flex e-con-boxed e-con e-parent\" data-id=\"bc2fa1e\" data-element_type=\"container\" data-e-type=\"container\">\n\t\t\t\t\t<div class=\"e-con-inner\">\n\t\t\t\t<div class=\"elementor-element elementor-element-85288ea elementor-widget elementor-widget-image\" data-id=\"85288ea\" data-element_type=\"widget\" data-e-type=\"widget\" data-widget_type=\"image.default\">\n\t\t\t\t<div class=\"elementor-widget-container\">\n\t\t\t\t\t\t\t\t\t\t\t\t\t\t\t<img decoding=\"async\" width=\"1024\" height=\"94\" src=\"https:\/\/www.smattraining.com\/wp-content\/uploads\/2025\/05\/Capture-decran-2025-05-21-a-16.47.24-1024x94.webp\" class=\"attachment-large size-large wp-image-183\" alt=\"\" srcset=\"https:\/\/www.smattraining.com\/wp-content\/uploads\/2025\/05\/Capture-decran-2025-05-21-a-16.47.24-1024x94.webp 1024w, https:\/\/www.smattraining.com\/wp-content\/uploads\/2025\/05\/Capture-decran-2025-05-21-a-16.47.24-scaled-600x55.webp 600w, https:\/\/www.smattraining.com\/wp-content\/uploads\/2025\/05\/Capture-decran-2025-05-21-a-16.47.24-300x28.webp 300w, https:\/\/www.smattraining.com\/wp-content\/uploads\/2025\/05\/Capture-decran-2025-05-21-a-16.47.24-768x71.webp 768w, https:\/\/www.smattraining.com\/wp-content\/uploads\/2025\/05\/Capture-decran-2025-05-21-a-16.47.24-1536x142.webp 1536w, https:\/\/www.smattraining.com\/wp-content\/uploads\/2025\/05\/Capture-decran-2025-05-21-a-16.47.24-2048x189.png 2048w, https:\/\/www.smattraining.com\/wp-content\/uploads\/2025\/05\/Capture-decran-2025-05-21-a-16.47.24-scaled.webp 1920w\" sizes=\"(max-width: 1024px) 100vw, 1024px\" \/>\t\t\t\t\t\t\t\t\t\t\t\t\t\t\t<\/div>\n\t\t\t\t<\/div>\n\t\t\t\t\t<\/div>\n\t\t\t\t<\/div>\n\t\t<div class=\"elementor-element elementor-element-1531bfd e-flex e-con-boxed e-con e-parent\" data-id=\"1531bfd\" data-element_type=\"container\" data-e-type=\"container\">\n\t\t\t\t\t<div class=\"e-con-inner\">\n\t\t\t\t<div class=\"elementor-element elementor-element-c68c1a4 elementor-align-center elementor-widget elementor-widget-button\" data-id=\"c68c1a4\" data-element_type=\"widget\" data-e-type=\"widget\" data-widget_type=\"button.default\">\n\t\t\t\t<div class=\"elementor-widget-container\">\n\t\t\t\t\t\t\t\t\t<div class=\"elementor-button-wrapper\">\n\t\t\t\t\t<a class=\"elementor-button elementor-button-link elementor-size-sm\" href=\"https:\/\/www.smattraining.com\/calendrier\/\">\n\t\t\t\t\t\t<span class=\"elementor-button-content-wrapper\">\n\t\t\t\t\t\t\t\t\t<span class=\"elementor-button-text\">Dates et inscriptions<\/span>\n\t\t\t\t\t<\/span>\n\t\t\t\t\t<\/a>\n\t\t\t\t<\/div>\n\t\t\t\t\t\t\t\t<\/div>\n\t\t\t\t<\/div>\n\t\t\t\t\t<\/div>\n\t\t\t\t<\/div>\n\t\t\t\t<\/div>\n\t\t","protected":false},"excerpt":{"rendered":"<p>T.E.C.C. &#8211; TACTICAL EMERGENCY CASUALTY CARE DESCRIPTION DE LA FORMATION TECC level 3 est une version CIVILO-Op\u00e9rationnelle bas\u00e9e sur les guidelines TCCC. Cette formation permet d\u2019acqu\u00e9rir les gestes et les [&hellip;]<\/p>\n","protected":false},"author":2,"featured_media":0,"parent":0,"menu_order":0,"comment_status":"closed","ping_status":"closed","template":"","meta":{"site-sidebar-layout":"no-sidebar","site-content-layout":"","ast-site-content-layout":"full-width-container","site-content-style":"default","site-sidebar-style":"default","ast-global-header-display":"","ast-banner-title-visibility":"","ast-main-header-display":"","ast-hfb-above-header-display":"","ast-hfb-below-header-display":"","ast-hfb-mobile-header-display":"","site-post-title":"disabled","ast-breadcrumbs-content":"","ast-featured-img":"disabled","footer-sml-layout":"","ast-disable-related-posts":"","theme-transparent-header-meta":"","adv-header-id-meta":"","stick-header-meta":"","header-above-stick-meta":"","header-main-stick-meta":"","header-below-stick-meta":"","astra-migrate-meta-layouts":"default","ast-page-background-enabled":"default","ast-page-background-meta":{"desktop":{"background-color":"var(--ast-global-color-5)","background-image":"","background-repeat":"repeat","background-position":"center center","background-size":"auto","background-attachment":"scroll","background-type":"","background-media":"","overlay-type":"","overlay-color":"","overlay-opacity":"","overlay-gradient":""},"tablet":{"background-color":"","background-image":"","background-repeat":"repeat","background-position":"center center","background-size":"auto","background-attachment":"scroll","background-type":"","background-media":"","overlay-type":"","overlay-color":"","overlay-opacity":"","overlay-gradient":""},"mobile":{"background-color":"","background-image":"","background-repeat":"repeat","background-position":"center center","background-size":"auto","background-attachment":"scroll","background-type":"","background-media":"","overlay-type":"","overlay-color":"","overlay-opacity":"","overlay-gradient":""}},"ast-content-background-meta":{"desktop":{"background-color":"var(--ast-global-color-4)","background-image":"","background-repeat":"repeat","background-position":"center center","background-size":"auto","background-attachment":"scroll","background-type":"","background-media":"","overlay-type":"","overlay-color":"","overlay-opacity":"","overlay-gradient":""},"tablet":{"background-color":"var(--ast-global-color-4)","background-image":"","background-repeat":"repeat","background-position":"center center","background-size":"auto","background-attachment":"scroll","background-type":"","background-media":"","overlay-type":"","overlay-color":"","overlay-opacity":"","overlay-gradient":""},"mobile":{"background-color":"var(--ast-global-color-4)","background-image":"","background-repeat":"repeat","background-position":"center center","background-size":"auto","background-attachment":"scroll","background-type":"","background-media":"","overlay-type":"","overlay-color":"","overlay-opacity":"","overlay-gradient":""}},"footnotes":""},"class_list":["post-181","page","type-page","status-publish","hentry"],"_links":{"self":[{"href":"https:\/\/www.smattraining.com\/fr\/wp-json\/wp\/v2\/pages\/181","targetHints":{"allow":["GET"]}}],"collection":[{"href":"https:\/\/www.smattraining.com\/fr\/wp-json\/wp\/v2\/pages"}],"about":[{"href":"https:\/\/www.smattraining.com\/fr\/wp-json\/wp\/v2\/types\/page"}],"author":[{"embeddable":true,"href":"https:\/\/www.smattraining.com\/fr\/wp-json\/wp\/v2\/users\/2"}],"replies":[{"embeddable":true,"href":"https:\/\/www.smattraining.com\/fr\/wp-json\/wp\/v2\/comments?post=181"}],"version-history":[{"count":3,"href":"https:\/\/www.smattraining.com\/fr\/wp-json\/wp\/v2\/pages\/181\/revisions"}],"predecessor-version":[{"id":2062,"href":"https:\/\/www.smattraining.com\/fr\/wp-json\/wp\/v2\/pages\/181\/revisions\/2062"}],"wp:attachment":[{"href":"https:\/\/www.smattraining.com\/fr\/wp-json\/wp\/v2\/media?parent=181"}],"curies":[{"name":"wp","href":"https:\/\/api.w.org\/{rel}","templated":true}]}}