{"id":237,"date":"2025-05-21T17:45:25","date_gmt":"2025-05-21T15:45:25","guid":{"rendered":"https:\/\/smattrd.cluster100.hosting.ovh.net\/?page_id=237"},"modified":"2026-01-20T08:20:54","modified_gmt":"2026-01-20T07:20:54","slug":"h-e-a-t","status":"publish","type":"page","link":"https:\/\/www.smattraining.com\/fr\/h-e-a-t\/","title":{"rendered":"H.E.A.T."},"content":{"rendered":"\t\t<div data-elementor-type=\"wp-page\" data-elementor-id=\"237\" class=\"elementor elementor-237\">\n\t\t\t\t<div class=\"elementor-element elementor-element-f955b3b e-flex e-con-boxed e-con e-parent\" data-id=\"f955b3b\" data-element_type=\"container\" data-e-type=\"container\">\n\t\t\t\t\t<div class=\"e-con-inner\">\n\t\t\t\t<div class=\"elementor-element elementor-element-11e6518 elementor-widget elementor-widget-heading\" data-id=\"11e6518\" data-element_type=\"widget\" data-e-type=\"widget\" data-widget_type=\"heading.default\">\n\t\t\t\t<div class=\"elementor-widget-container\">\n\t\t\t\t\t<h2 class=\"elementor-heading-title elementor-size-default\">H.E.A.T. - Hostile Environment Awareness Training<\/h2>\t\t\t\t<\/div>\n\t\t\t\t<\/div>\n\t\t\t\t\t<\/div>\n\t\t\t\t<\/div>\n\t\t<div class=\"elementor-element elementor-element-b201ef5 e-flex e-con-boxed e-con e-parent\" data-id=\"b201ef5\" data-element_type=\"container\" data-e-type=\"container\">\n\t\t\t\t\t<div class=\"e-con-inner\">\n\t\t\t\t<div class=\"elementor-element elementor-element-6cf23a4 elementor-widget elementor-widget-image\" data-id=\"6cf23a4\" data-element_type=\"widget\" data-e-type=\"widget\" data-widget_type=\"image.default\">\n\t\t\t\t<div class=\"elementor-widget-container\">\n\t\t\t\t\t\t\t\t\t\t\t\t\t\t\t<img fetchpriority=\"high\" decoding=\"async\" width=\"683\" height=\"1024\" src=\"https:\/\/www.smattraining.com\/wp-content\/uploads\/2025\/05\/HEAT-683x1024.webp\" class=\"attachment-large size-large wp-image-240\" alt=\"\" srcset=\"https:\/\/www.smattraining.com\/wp-content\/uploads\/2025\/05\/HEAT-683x1024.webp 683w, https:\/\/www.smattraining.com\/wp-content\/uploads\/2025\/05\/HEAT-600x900.webp 600w, https:\/\/www.smattraining.com\/wp-content\/uploads\/2025\/05\/HEAT-200x300.webp 200w, https:\/\/www.smattraining.com\/wp-content\/uploads\/2025\/05\/HEAT-768x1152.png 768w, https:\/\/www.smattraining.com\/wp-content\/uploads\/2025\/05\/HEAT.webp 1024w\" sizes=\"(max-width: 683px) 100vw, 683px\" \/>\t\t\t\t\t\t\t\t\t\t\t\t\t\t\t<\/div>\n\t\t\t\t<\/div>\n\t\t<div class=\"elementor-element elementor-element-c17f48f e-con-full e-flex e-con e-child\" data-id=\"c17f48f\" data-element_type=\"container\" data-e-type=\"container\">\n\t\t\t\t<div class=\"elementor-element elementor-element-3d0014e elementor-widget__width-initial elementor-widget elementor-widget-text-editor\" data-id=\"3d0014e\" data-element_type=\"widget\" data-e-type=\"widget\" data-widget_type=\"text-editor.default\">\n\t\t\t\t<div class=\"elementor-widget-container\">\n\t\t\t\t\t\t\t\t\t<section class=\"s_text_block pt0 pb16 o_colored_level\" data-snippet=\"s_text_block\" data-name=\"Text\"><div class=\"container s_allow_columns\"><h4><strong>DESCRIPTION DE LA FORMATION<\/strong><\/h4><section class=\"s_text_block pt0 o_colored_level pb0\" data-snippet=\"s_text_block\" data-name=\"Text\"><div class=\"container s_allow_columns\"><p>Le groupe cible de cette formation HEAT est le personnel de mission s\u00e9lectionn\u00e9 pour \u00eatre d\u00e9ploy\u00e9 sur des missions \u00e0 risque faible \/ moyen \/ \u00e9lev\u00e9 ou r\u00e9cemment d\u00e9ploy\u00e9es dans de telles missions. Ces d\u00e9ploiements peuvent durer d\u2019une semaine \u00e0 deux ans.<\/p><p>Tous les membres du personnel devraient avoir suivi un cours d\u2019introduction g\u00e9n\u00e9rale aux op\u00e9rations de gestion de crise (eBASE et eSAFE, par exemple) ou avoir acquis une exp\u00e9rience pertinente dans les op\u00e9rations internationales sur le terrain.\u00a0<\/p><p><strong>Certifi\u00e9e par\u00a0\u00a0Highfield<\/strong><\/p><\/div><\/section><section class=\"s_references o_colored_level pt4 pb0\" data-snippet=\"s_references\" data-name=\"R\u00e9f\u00e9rences\"><div class=\"container\"><div class=\"row\"><div class=\"col-lg-2 pt16 pb16 o_colored_level\"><p><img decoding=\"async\" class=\"alignnone  wp-image-1335\" src=\"http:\/\/www.smattraining.com\/wp-content\/uploads\/2025\/06\/Copie-de-Highfield-logo-noir-fond-blanc-17-300x126.webp\" alt=\"\" width=\"181\" height=\"76\" srcset=\"https:\/\/www.smattraining.com\/wp-content\/uploads\/2025\/06\/Copie-de-Highfield-logo-noir-fond-blanc-17-300x126.webp 300w, https:\/\/www.smattraining.com\/wp-content\/uploads\/2025\/06\/Copie-de-Highfield-logo-noir-fond-blanc-17-1024x431.webp 1024w, https:\/\/www.smattraining.com\/wp-content\/uploads\/2025\/06\/Copie-de-Highfield-logo-noir-fond-blanc-17-768x324.webp 768w, https:\/\/www.smattraining.com\/wp-content\/uploads\/2025\/06\/Copie-de-Highfield-logo-noir-fond-blanc-17-18x8.webp 18w, https:\/\/www.smattraining.com\/wp-content\/uploads\/2025\/06\/Copie-de-Highfield-logo-noir-fond-blanc-17-600x253.webp 600w, https:\/\/www.smattraining.com\/wp-content\/uploads\/2025\/06\/Copie-de-Highfield-logo-noir-fond-blanc-17.webp 1239w\" sizes=\"(max-width: 181px) 100vw, 181px\" \/><\/p><\/div><\/div><\/div><\/section><section class=\"s_text_block pb16 o_colored_level pt16\" data-snippet=\"s_text_block\" data-name=\"Text\"><div class=\"s_allow_columns container\"><h4 id=\"table_of_content_heading_1719745958662_3172\" data-anchor=\"true\"><span class=\"h3-fs\">Unit\u00e9 1: Sensibilisation \u00e0 la Securit\u00e9 Personnelle\u00a0\u00a0<\/span><\/h4><ul><li>Prise de conscience des situations \u00e0 risques<\/li><li>Identification des potentiels dangers<\/li><li>Adopter un comportement pr\u00e9ventif<\/li><\/ul><\/div><\/section><section class=\"s_text_block pt0 pb16 o_colored_level\" data-snippet=\"s_text_block\" data-name=\"Text\"><div class=\"s_allow_columns container\"><h4 id=\"table_of_content_heading_1719745958664_3173\" data-anchor=\"true\"><span class=\"h3-fs\">Unit\u00e9 2: Premier Soin<\/span><\/h4><ul><li>Mise en pratique et cours th\u00e9oriques en mati\u00e8re de premiers soins avec diff\u00e9rents cas<\/li><\/ul><\/div><\/section><section class=\"s_text_block pt0 pb16 o_colored_level\" data-snippet=\"s_text_block\" data-name=\"Text\"><div class=\"s_allow_columns container\"><h4 id=\"table_of_content_heading_1719745958665_3174\" data-anchor=\"true\"><span class=\"h3-fs\">Unit\u00e9 3: Outils de Communication et Navigation\u00a0<\/span><\/h4><ul><li>Traitement des diff\u00e9rents outils de communication les plus couramment d\u00e9ploy\u00e9s<\/li><\/ul><\/div><\/section><section class=\"s_text_block pt0 pb16 o_colored_level\" data-snippet=\"s_text_block\" data-name=\"Text\"><div class=\"s_allow_columns container\"><h4 id=\"table_of_content_heading_1719745958667_3175\" data-anchor=\"true\"><span class=\"h3-fs\">Unit\u00e9 4: IED, UXO, Mines,Sensibilisation auxArmes\u00a0<\/span><\/h4><ul><li>Appr\u00e9hender les diff\u00e9rents types d\u2019armes\u00a0<\/li><li>Connaissances approfondie du domaine<\/li><\/ul><\/div><\/section><section class=\"s_text_block pt0 pb16 o_colored_level\" data-snippet=\"s_text_block\" data-name=\"Text\"><div class=\"s_allow_columns container\"><h4 id=\"table_of_content_heading_1719745958668_3176\" data-anchor=\"true\"><span class=\"h3-fs\">Unit\u00e9 5:\u00a0Situations d&rsquo;Otages<\/span><\/h4><ul><li>Mesures \u00e0 prendre dans le cas des diff\u00e9rentes prises d\u2019otages<\/li><li>Connaissances des phases<\/li><\/ul><\/div><\/section><section class=\"s_text_block pt0 pb16 o_colored_level\" data-snippet=\"s_text_block\" data-name=\"Text\"><div class=\"s_allow_columns container\"><h4 id=\"table_of_content_heading_1719745958670_3177\" data-anchor=\"true\"><span class=\"h3-fs\">Unit\u00e9 6:Entra\u00eenement \u00e0 la r\u00e9action \u00e0 un incident<\/span><\/h4><ul><li>Gestion des conflits<\/li><li>Techniques en cas d\u2019agression<\/li><\/ul><\/div><\/section><\/div><\/section>\t\t\t\t\t\t\t\t<\/div>\n\t\t\t\t<\/div>\n\t\t\t\t<div class=\"elementor-element elementor-element-bce2735 elementor-widget-divider--view-line elementor-widget elementor-widget-divider\" data-id=\"bce2735\" data-element_type=\"widget\" data-e-type=\"widget\" data-widget_type=\"divider.default\">\n\t\t\t\t<div class=\"elementor-widget-container\">\n\t\t\t\t\t\t\t<div class=\"elementor-divider\">\n\t\t\t<span class=\"elementor-divider-separator\">\n\t\t\t\t\t\t<\/span>\n\t\t<\/div>\n\t\t\t\t\t\t<\/div>\n\t\t\t\t<\/div>\n\t\t\t\t<\/div>\n\t\t\t\t\t<\/div>\n\t\t\t\t<\/div>\n\t\t<div class=\"elementor-element elementor-element-fd65866 e-flex e-con-boxed e-con e-parent\" data-id=\"fd65866\" data-element_type=\"container\" data-e-type=\"container\">\n\t\t\t\t\t<div class=\"e-con-inner\">\n\t\t\t\t<div class=\"elementor-element elementor-element-ef9d589 elementor-widget elementor-widget-text-editor\" data-id=\"ef9d589\" data-element_type=\"widget\" data-e-type=\"widget\" data-widget_type=\"text-editor.default\">\n\t\t\t\t<div class=\"elementor-widget-container\">\n\t\t\t\t\t\t\t\t\t<h2 id=\"table_of_content_heading_1719154494283_3055\" class=\"o_default_snippet_text\" data-anchor=\"true\">Infos pratiques<\/h2><ul><li><strong>Dur\u00e9e<\/strong> : 1 \u00e0 3 jours selon la demande<\/li><li><strong>Lieu<\/strong> : <a href=\"https:\/\/www.smattraining.com\/calendrier\/\">voir<\/a><\/li><li><strong>Nombre de participants<\/strong> : min 3\/5 &#8211; max 15,\u00a0 selon le pays<\/li><li><strong>Langue<\/strong>\u00a0:\u00a0Fran\u00e7ais, Anglais\u00a0<\/li><li><strong>Certification<\/strong>\u00a0:\u00a0<a>Highfield<\/a><\/li><li><strong>Pr\u00e9-requis<\/strong>\u00a0:\u00a0non<\/li><li><strong>Groupe<\/strong>: prix d\u00e9gressif<\/li><\/ul><p><u><strong><em>Toutes nos formations groupe sont modulables sur demande\u00a0<\/em><\/strong><\/u><\/p>\t\t\t\t\t\t\t\t<\/div>\n\t\t\t\t<\/div>\n\t\t\t\t\t<\/div>\n\t\t\t\t<\/div>\n\t\t<div class=\"elementor-element elementor-element-bc2fa1e e-flex e-con-boxed e-con e-parent\" data-id=\"bc2fa1e\" data-element_type=\"container\" data-e-type=\"container\">\n\t\t\t\t\t<div class=\"e-con-inner\">\n\t\t\t\t<div class=\"elementor-element elementor-element-85288ea elementor-widget elementor-widget-image\" data-id=\"85288ea\" data-element_type=\"widget\" data-e-type=\"widget\" data-widget_type=\"image.default\">\n\t\t\t\t<div class=\"elementor-widget-container\">\n\t\t\t\t\t\t\t\t\t\t\t\t\t\t\t<img decoding=\"async\" width=\"1024\" height=\"224\" src=\"https:\/\/www.smattraining.com\/wp-content\/uploads\/2025\/05\/3-X-HEAT-1024x224.jpeg\" class=\"attachment-large size-large wp-image-242\" alt=\"\" srcset=\"https:\/\/www.smattraining.com\/wp-content\/uploads\/2025\/05\/3-X-HEAT-1024x224.jpeg 1024w, https:\/\/www.smattraining.com\/wp-content\/uploads\/2025\/05\/3-X-HEAT-600x131.webp 600w, https:\/\/www.smattraining.com\/wp-content\/uploads\/2025\/05\/3-X-HEAT-300x66.jpeg 300w, https:\/\/www.smattraining.com\/wp-content\/uploads\/2025\/05\/3-X-HEAT-768x168.jpeg 768w, https:\/\/www.smattraining.com\/wp-content\/uploads\/2025\/05\/3-X-HEAT-1536x336.jpeg 1536w, https:\/\/www.smattraining.com\/wp-content\/uploads\/2025\/05\/3-X-HEAT-2048x447.jpeg 2048w, https:\/\/www.smattraining.com\/wp-content\/uploads\/2025\/05\/3-X-HEAT.webp 1920w\" sizes=\"(max-width: 1024px) 100vw, 1024px\" \/>\t\t\t\t\t\t\t\t\t\t\t\t\t\t\t<\/div>\n\t\t\t\t<\/div>\n\t\t\t\t\t<\/div>\n\t\t\t\t<\/div>\n\t\t<div class=\"elementor-element elementor-element-1531bfd e-flex e-con-boxed e-con e-parent\" data-id=\"1531bfd\" data-element_type=\"container\" data-e-type=\"container\">\n\t\t\t\t\t<div class=\"e-con-inner\">\n\t\t\t\t<div class=\"elementor-element elementor-element-c68c1a4 elementor-align-center elementor-widget elementor-widget-button\" data-id=\"c68c1a4\" data-element_type=\"widget\" data-e-type=\"widget\" data-widget_type=\"button.default\">\n\t\t\t\t<div class=\"elementor-widget-container\">\n\t\t\t\t\t\t\t\t\t<div class=\"elementor-button-wrapper\">\n\t\t\t\t\t<a class=\"elementor-button elementor-button-link elementor-size-sm\" href=\"https:\/\/www.smattraining.com\/calendrier\/\" target=\"_blank\">\n\t\t\t\t\t\t<span class=\"elementor-button-content-wrapper\">\n\t\t\t\t\t\t\t\t\t<span class=\"elementor-button-text\">Dates et inscriptions<\/span>\n\t\t\t\t\t<\/span>\n\t\t\t\t\t<\/a>\n\t\t\t\t<\/div>\n\t\t\t\t\t\t\t\t<\/div>\n\t\t\t\t<\/div>\n\t\t\t\t\t<\/div>\n\t\t\t\t<\/div>\n\t\t\t\t<\/div>\n\t\t","protected":false},"excerpt":{"rendered":"<p>H.E.A.T. &#8211; Hostile Environment Awareness Training DESCRIPTION DE LA FORMATION Le groupe cible de cette formation HEAT est le personnel de mission s\u00e9lectionn\u00e9 pour \u00eatre d\u00e9ploy\u00e9 sur des missions \u00e0 [&hellip;]<\/p>\n","protected":false},"author":2,"featured_media":0,"parent":0,"menu_order":0,"comment_status":"closed","ping_status":"closed","template":"","meta":{"site-sidebar-layout":"no-sidebar","site-content-layout":"","ast-site-content-layout":"full-width-container","site-content-style":"default","site-sidebar-style":"default","ast-global-header-display":"","ast-banner-title-visibility":"","ast-main-header-display":"","ast-hfb-above-header-display":"","ast-hfb-below-header-display":"","ast-hfb-mobile-header-display":"","site-post-title":"disabled","ast-breadcrumbs-content":"","ast-featured-img":"disabled","footer-sml-layout":"","ast-disable-related-posts":"","theme-transparent-header-meta":"","adv-header-id-meta":"","stick-header-meta":"","header-above-stick-meta":"","header-main-stick-meta":"","header-below-stick-meta":"","astra-migrate-meta-layouts":"default","ast-page-background-enabled":"default","ast-page-background-meta":{"desktop":{"background-color":"var(--ast-global-color-5)","background-image":"","background-repeat":"repeat","background-position":"center center","background-size":"auto","background-attachment":"scroll","background-type":"","background-media":"","overlay-type":"","overlay-color":"","overlay-opacity":"","overlay-gradient":""},"tablet":{"background-color":"","background-image":"","background-repeat":"repeat","background-position":"center center","background-size":"auto","background-attachment":"scroll","background-type":"","background-media":"","overlay-type":"","overlay-color":"","overlay-opacity":"","overlay-gradient":""},"mobile":{"background-color":"","background-image":"","background-repeat":"repeat","background-position":"center center","background-size":"auto","background-attachment":"scroll","background-type":"","background-media":"","overlay-type":"","overlay-color":"","overlay-opacity":"","overlay-gradient":""}},"ast-content-background-meta":{"desktop":{"background-color":"var(--ast-global-color-4)","background-image":"","background-repeat":"repeat","background-position":"center center","background-size":"auto","background-attachment":"scroll","background-type":"","background-media":"","overlay-type":"","overlay-color":"","overlay-opacity":"","overlay-gradient":""},"tablet":{"background-color":"var(--ast-global-color-4)","background-image":"","background-repeat":"repeat","background-position":"center center","background-size":"auto","background-attachment":"scroll","background-type":"","background-media":"","overlay-type":"","overlay-color":"","overlay-opacity":"","overlay-gradient":""},"mobile":{"background-color":"var(--ast-global-color-4)","background-image":"","background-repeat":"repeat","background-position":"center center","background-size":"auto","background-attachment":"scroll","background-type":"","background-media":"","overlay-type":"","overlay-color":"","overlay-opacity":"","overlay-gradient":""}},"footnotes":""},"class_list":["post-237","page","type-page","status-publish","hentry"],"_links":{"self":[{"href":"https:\/\/www.smattraining.com\/fr\/wp-json\/wp\/v2\/pages\/237","targetHints":{"allow":["GET"]}}],"collection":[{"href":"https:\/\/www.smattraining.com\/fr\/wp-json\/wp\/v2\/pages"}],"about":[{"href":"https:\/\/www.smattraining.com\/fr\/wp-json\/wp\/v2\/types\/page"}],"author":[{"embeddable":true,"href":"https:\/\/www.smattraining.com\/fr\/wp-json\/wp\/v2\/users\/2"}],"replies":[{"embeddable":true,"href":"https:\/\/www.smattraining.com\/fr\/wp-json\/wp\/v2\/comments?post=237"}],"version-history":[{"count":3,"href":"https:\/\/www.smattraining.com\/fr\/wp-json\/wp\/v2\/pages\/237\/revisions"}],"predecessor-version":[{"id":2065,"href":"https:\/\/www.smattraining.com\/fr\/wp-json\/wp\/v2\/pages\/237\/revisions\/2065"}],"wp:attachment":[{"href":"https:\/\/www.smattraining.com\/fr\/wp-json\/wp\/v2\/media?parent=237"}],"curies":[{"name":"wp","href":"https:\/\/api.w.org\/{rel}","templated":true}]}}