{"id":610,"date":"2025-06-04T22:22:51","date_gmt":"2025-06-04T20:22:51","guid":{"rendered":"https:\/\/smattrd.cluster100.hosting.ovh.net\/?page_id=610"},"modified":"2025-07-07T12:51:32","modified_gmt":"2025-07-07T10:51:32","slug":"audits-de-securite","status":"publish","type":"page","link":"https:\/\/www.smattraining.com\/fr\/audits-de-securite\/","title":{"rendered":"Audits de s\u00e9curit\u00e9"},"content":{"rendered":"\t\t<div data-elementor-type=\"wp-page\" data-elementor-id=\"610\" class=\"elementor elementor-610\">\n\t\t\t\t<div class=\"elementor-element elementor-element-8408a52 e-flex e-con-boxed e-con e-parent\" data-id=\"8408a52\" data-element_type=\"container\" data-e-type=\"container\">\n\t\t\t\t\t<div class=\"e-con-inner\">\n\t\t<div class=\"elementor-element elementor-element-c351c27 e-con-full e-flex e-con e-child\" data-id=\"c351c27\" data-element_type=\"container\" data-e-type=\"container\">\n\t\t\t\t<div class=\"elementor-element elementor-element-e90b588 elementor-widget elementor-widget-heading\" data-id=\"e90b588\" data-element_type=\"widget\" data-e-type=\"widget\" data-widget_type=\"heading.default\">\n\t\t\t\t<div class=\"elementor-widget-container\">\n\t\t\t\t\t<h2 class=\"elementor-heading-title elementor-size-default\">Audits de s\u00e9curit\u00e9<\/h2>\t\t\t\t<\/div>\n\t\t\t\t<\/div>\n\t\t\t\t<div class=\"elementor-element elementor-element-8dd08c8 elementor-widget elementor-widget-text-editor\" data-id=\"8dd08c8\" data-element_type=\"widget\" data-e-type=\"widget\" data-widget_type=\"text-editor.default\">\n\t\t\t\t<div class=\"elementor-widget-container\">\n\t\t\t\t\t\t\t\t\t<h4>\u00a0<\/h4><h4><b><span class=\"text-black\">ANALYSE DE VOS OUTILS<\/span><\/b><\/h4><p>Notre audit de s\u00e9curit\u00e9 a pour objectif de garantir une protection optimale de vos installations et de vos ressources en identifiant et en att\u00e9nuant les menaces potentielles. Cet audit est structur\u00e9 en plusieurs axes cl\u00e9s pour une approche exhaustive et efficace.<\/p><h4><span class=\"text-black\">Focus de l\u2019Audit de S\u00e9curit\u00e9<u><\/u><\/span><\/h4><p><strong><em>Identification des Menaces Physiques\u00a0<\/em>:<\/strong> Nous d\u00e9tectons et analysons les menaces potentielles, qu&rsquo;elles soient internes ou externes, afin de pr\u00e9venir tout incident susceptible de compromettre la s\u00e9curit\u00e9 de vos installations et de votre personnel.<\/p>\t\t\t\t\t\t\t\t<\/div>\n\t\t\t\t<\/div>\n\t\t\t\t<\/div>\n\t\t<div class=\"elementor-element elementor-element-9b073fb e-con-full e-flex e-con e-child\" data-id=\"9b073fb\" data-element_type=\"container\" data-e-type=\"container\">\n\t\t<div class=\"elementor-element elementor-element-8737b95 e-con-full e-flex e-con e-child\" data-id=\"8737b95\" data-element_type=\"container\" data-e-type=\"container\">\n\t\t\t\t<div class=\"elementor-element elementor-element-8a7ac0b elementor-widget elementor-widget-image\" data-id=\"8a7ac0b\" data-element_type=\"widget\" data-e-type=\"widget\" data-widget_type=\"image.default\">\n\t\t\t\t<div class=\"elementor-widget-container\">\n\t\t\t\t\t\t\t\t\t\t\t\t\t\t\t<img fetchpriority=\"high\" decoding=\"async\" width=\"1024\" height=\"1024\" src=\"https:\/\/www.smattraining.com\/wp-content\/uploads\/2025\/06\/audit-de-securite.png\" class=\"attachment-large size-large wp-image-922\" alt=\"\" srcset=\"https:\/\/www.smattraining.com\/wp-content\/uploads\/2025\/06\/audit-de-securite.png 1024w, https:\/\/www.smattraining.com\/wp-content\/uploads\/2025\/06\/audit-de-securite-300x300.png 300w, https:\/\/www.smattraining.com\/wp-content\/uploads\/2025\/06\/audit-de-securite-150x150.png 150w, https:\/\/www.smattraining.com\/wp-content\/uploads\/2025\/06\/audit-de-securite-768x768.png 768w, https:\/\/www.smattraining.com\/wp-content\/uploads\/2025\/06\/audit-de-securite-12x12.png 12w, https:\/\/www.smattraining.com\/wp-content\/uploads\/2025\/06\/audit-de-securite-600x600.png 600w, https:\/\/www.smattraining.com\/wp-content\/uploads\/2025\/06\/audit-de-securite-100x100.png 100w\" sizes=\"(max-width: 1024px) 100vw, 1024px\" \/>\t\t\t\t\t\t\t\t\t\t\t\t\t\t\t<\/div>\n\t\t\t\t<\/div>\n\t\t\t\t<\/div>\n\t\t\t\t<\/div>\n\t\t\t\t\t<\/div>\n\t\t\t\t<\/div>\n\t\t<div class=\"elementor-element elementor-element-b6bcf0d e-flex e-con-boxed e-con e-parent\" data-id=\"b6bcf0d\" data-element_type=\"container\" data-e-type=\"container\">\n\t\t\t\t\t<div class=\"e-con-inner\">\n\t\t\t\t<div class=\"elementor-element elementor-element-928136b elementor-widget elementor-widget-text-editor\" data-id=\"928136b\" data-element_type=\"widget\" data-e-type=\"widget\" data-widget_type=\"text-editor.default\">\n\t\t\t\t<div class=\"elementor-widget-container\">\n\t\t\t\t\t\t\t\t\t<p><strong><em>\u00c9valuation du Risque<\/em>\u00a0:<\/strong>\u00a0Nous mesurons l\u2019impact potentiel de ces menaces sur votre organisation en \u00e9valuant la probabilit\u00e9 d&rsquo;occurrence et la gravit\u00e9 des cons\u00e9quences possibles.<\/p><p><strong><em>Faisabilit\u00e9 des Contr\u00f4les<\/em>\u00a0:<\/strong>\u00a0Nous \u00e9valuons la mise en place des contr\u00f4les physiques et environnementaux n\u00e9cessaires pour minimiser les risques identifi\u00e9s, en tenant compte de leur faisabilit\u00e9 op\u00e9rationnelle et financi\u00e8re.<\/p><p><strong><em>Mise en \u0152uvre des Contr\u00f4les\u00a0<\/em>:<\/strong>\u00a0Nous appliquons des mesures de s\u00e9curit\u00e9 adapt\u00e9es, incluant l&rsquo;installation de dispositifs de surveillance, le contr\u00f4le d\u2019acc\u00e8s et d&rsquo;autres syst\u00e8mes de protection physique, pour assurer une d\u00e9fense efficace contre les menaces.<\/p><p><strong><em>R\u00e9\u00e9valuation R\u00e9guli\u00e8re des Risques<\/em>\u00a0:<\/strong>\u00a0Nous effectuons un contr\u00f4le continu et une r\u00e9\u00e9valuation p\u00e9riodique des risques pour garantir une s\u00e9curit\u00e9 optimale, en nous adaptant aux \u00e9volutions des menaces et aux changements dans votre environnement op\u00e9rationnel.<\/p><p><b>En conclusion,\u00a0<span class=\"text-black\">notre audit<\/span>\u00a0de s\u00e9curit\u00e9 vise \u00e0 fournir une \u00e9valuation approfondie et d\u00e9taill\u00e9e de vos syst\u00e8mes de s\u00e9curit\u00e9, avec des recommandations pratiques pour renforcer la protection de vos installations et de vos ressources.<\/b><\/p><p>\u00a0<\/p>\t\t\t\t\t\t\t\t<\/div>\n\t\t\t\t<\/div>\n\t\t\t\t\t<\/div>\n\t\t\t\t<\/div>\n\t\t<div class=\"elementor-element elementor-element-e781178 e-grid e-con-boxed e-con e-parent\" data-id=\"e781178\" data-element_type=\"container\" data-e-type=\"container\" data-settings=\"{&quot;background_background&quot;:&quot;classic&quot;}\">\n\t\t\t\t\t<div class=\"e-con-inner\">\n\t\t\t\t<div class=\"elementor-element elementor-element-15bb390 elementor-widget elementor-widget-image\" data-id=\"15bb390\" data-element_type=\"widget\" data-e-type=\"widget\" data-widget_type=\"image.default\">\n\t\t\t\t<div class=\"elementor-widget-container\">\n\t\t\t\t\t\t\t\t\t\t\t\t\t\t\t<img decoding=\"async\" width=\"300\" height=\"130\" src=\"https:\/\/www.smattraining.com\/wp-content\/uploads\/2025\/06\/Capture-decran-2025-06-12-a-16.47.30-300x130.png\" class=\"attachment-medium size-medium wp-image-929\" alt=\"\" srcset=\"https:\/\/www.smattraining.com\/wp-content\/uploads\/2025\/06\/Capture-decran-2025-06-12-a-16.47.30-300x130.png 300w, https:\/\/www.smattraining.com\/wp-content\/uploads\/2025\/06\/Capture-decran-2025-06-12-a-16.47.30-18x8.png 18w, https:\/\/www.smattraining.com\/wp-content\/uploads\/2025\/06\/Capture-decran-2025-06-12-a-16.47.30-600x261.png 600w, https:\/\/www.smattraining.com\/wp-content\/uploads\/2025\/06\/Capture-decran-2025-06-12-a-16.47.30.png 630w\" sizes=\"(max-width: 300px) 100vw, 300px\" \/>\t\t\t\t\t\t\t\t\t\t\t\t\t\t\t<\/div>\n\t\t\t\t<\/div>\n\t\t\t\t<div class=\"elementor-element elementor-element-86a83c2 elementor-widget elementor-widget-image\" data-id=\"86a83c2\" data-element_type=\"widget\" data-e-type=\"widget\" data-widget_type=\"image.default\">\n\t\t\t\t<div class=\"elementor-widget-container\">\n\t\t\t\t\t\t\t\t\t\t\t\t\t\t\t<img decoding=\"async\" width=\"300\" height=\"130\" src=\"https:\/\/www.smattraining.com\/wp-content\/uploads\/2025\/06\/Capture-decran-2025-06-12-a-16.47.38-300x130.png\" class=\"attachment-medium size-medium wp-image-930\" alt=\"\" srcset=\"https:\/\/www.smattraining.com\/wp-content\/uploads\/2025\/06\/Capture-decran-2025-06-12-a-16.47.38-300x130.png 300w, https:\/\/www.smattraining.com\/wp-content\/uploads\/2025\/06\/Capture-decran-2025-06-12-a-16.47.38-18x8.png 18w, https:\/\/www.smattraining.com\/wp-content\/uploads\/2025\/06\/Capture-decran-2025-06-12-a-16.47.38-600x261.png 600w, https:\/\/www.smattraining.com\/wp-content\/uploads\/2025\/06\/Capture-decran-2025-06-12-a-16.47.38.png 630w\" sizes=\"(max-width: 300px) 100vw, 300px\" \/>\t\t\t\t\t\t\t\t\t\t\t\t\t\t\t<\/div>\n\t\t\t\t<\/div>\n\t\t\t\t<div class=\"elementor-element elementor-element-e79460e elementor-widget elementor-widget-image\" data-id=\"e79460e\" data-element_type=\"widget\" data-e-type=\"widget\" data-widget_type=\"image.default\">\n\t\t\t\t<div class=\"elementor-widget-container\">\n\t\t\t\t\t\t\t\t\t\t\t\t\t\t\t<img loading=\"lazy\" decoding=\"async\" width=\"300\" height=\"130\" src=\"https:\/\/www.smattraining.com\/wp-content\/uploads\/2025\/06\/Capture-decran-2025-06-12-a-16.47.44-300x130.png\" class=\"attachment-medium size-medium wp-image-931\" alt=\"\" srcset=\"https:\/\/www.smattraining.com\/wp-content\/uploads\/2025\/06\/Capture-decran-2025-06-12-a-16.47.44-300x130.png 300w, https:\/\/www.smattraining.com\/wp-content\/uploads\/2025\/06\/Capture-decran-2025-06-12-a-16.47.44-18x8.png 18w, https:\/\/www.smattraining.com\/wp-content\/uploads\/2025\/06\/Capture-decran-2025-06-12-a-16.47.44-600x261.png 600w, https:\/\/www.smattraining.com\/wp-content\/uploads\/2025\/06\/Capture-decran-2025-06-12-a-16.47.44.png 630w\" sizes=\"(max-width: 300px) 100vw, 300px\" \/>\t\t\t\t\t\t\t\t\t\t\t\t\t\t\t<\/div>\n\t\t\t\t<\/div>\n\t\t\t\t\t<\/div>\n\t\t\t\t<\/div>\n\t\t<div class=\"elementor-element elementor-element-0006217 e-flex e-con-boxed e-con e-parent\" data-id=\"0006217\" data-element_type=\"container\" data-e-type=\"container\">\n\t\t\t\t\t<div class=\"e-con-inner\">\n\t\t\t\t<div class=\"elementor-element elementor-element-3ea7ca2 elementor-widget elementor-widget-text-editor\" data-id=\"3ea7ca2\" data-element_type=\"widget\" data-e-type=\"widget\" data-widget_type=\"text-editor.default\">\n\t\t\t\t<div class=\"elementor-widget-container\">\n\t\t\t\t\t\t\t\t\t<ol><li><em>Inspection d\u00e9taill\u00e9e des installations de s\u00e9curit\u00e9 par un expert.<\/em><\/li><li><em>Analyse des \u00e9valuations de risque par un expert en s\u00e9curit\u00e9 dans un bureau moderne.<\/em><\/li><li><em>\u00c9quipe de s\u00e9curit\u00e9 r\u00e9alisant un audit sur site, examinant les mesures de s\u00e9curit\u00e9 physique.<\/em><\/li><\/ol><p>Ces images illustrent les diff\u00e9rentes \u00e9tapes et composantes de l&rsquo;audit de s\u00e9curit\u00e9, en soulignant l&rsquo;importance de chaque aspect pour la protection des installations et des ressources.<\/p>\t\t\t\t\t\t\t\t<\/div>\n\t\t\t\t<\/div>\n\t\t\t\t\t<\/div>\n\t\t\t\t<\/div>\n\t\t<div class=\"elementor-element elementor-element-3346017 e-flex e-con-boxed e-con e-parent\" data-id=\"3346017\" data-element_type=\"container\" data-e-type=\"container\">\n\t\t\t\t\t<div class=\"e-con-inner\">\n\t\t\t\t<div class=\"elementor-element elementor-element-03a0b9f elementor-align-center elementor-widget elementor-widget-button\" data-id=\"03a0b9f\" data-element_type=\"widget\" data-e-type=\"widget\" data-widget_type=\"button.default\">\n\t\t\t\t<div class=\"elementor-widget-container\">\n\t\t\t\t\t\t\t\t\t<div class=\"elementor-button-wrapper\">\n\t\t\t\t\t<a class=\"elementor-button elementor-button-link elementor-size-sm\" href=\"mailto:manager@smattraining.com\" target=\"_blank\">\n\t\t\t\t\t\t<span class=\"elementor-button-content-wrapper\">\n\t\t\t\t\t\t\t\t\t<span class=\"elementor-button-text\">CONTACT<\/span>\n\t\t\t\t\t<\/span>\n\t\t\t\t\t<\/a>\n\t\t\t\t<\/div>\n\t\t\t\t\t\t\t\t<\/div>\n\t\t\t\t<\/div>\n\t\t\t\t\t<\/div>\n\t\t\t\t<\/div>\n\t\t<div class=\"elementor-element elementor-element-e5a3745 e-flex e-con-boxed e-con e-parent\" data-id=\"e5a3745\" data-element_type=\"container\" data-e-type=\"container\">\n\t\t\t\t\t<div class=\"e-con-inner\">\n\t\t\t\t<div class=\"elementor-element elementor-element-24fc806 elementor-widget elementor-widget-spacer\" data-id=\"24fc806\" data-element_type=\"widget\" data-e-type=\"widget\" data-widget_type=\"spacer.default\">\n\t\t\t\t<div class=\"elementor-widget-container\">\n\t\t\t\t\t\t\t<div class=\"elementor-spacer\">\n\t\t\t<div class=\"elementor-spacer-inner\"><\/div>\n\t\t<\/div>\n\t\t\t\t\t\t<\/div>\n\t\t\t\t<\/div>\n\t\t\t\t\t<\/div>\n\t\t\t\t<\/div>\n\t\t\t\t<\/div>\n\t\t","protected":false},"excerpt":{"rendered":"<p>Audits de s\u00e9curit\u00e9 \u00a0 ANALYSE DE VOS OUTILS Notre audit de s\u00e9curit\u00e9 a pour objectif de garantir une protection optimale de vos installations et de vos ressources en identifiant et [&hellip;]<\/p>\n","protected":false},"author":2,"featured_media":0,"parent":0,"menu_order":0,"comment_status":"closed","ping_status":"closed","template":"","meta":{"site-sidebar-layout":"no-sidebar","site-content-layout":"","ast-site-content-layout":"full-width-container","site-content-style":"default","site-sidebar-style":"default","ast-global-header-display":"","ast-banner-title-visibility":"","ast-main-header-display":"","ast-hfb-above-header-display":"","ast-hfb-below-header-display":"","ast-hfb-mobile-header-display":"","site-post-title":"disabled","ast-breadcrumbs-content":"","ast-featured-img":"disabled","footer-sml-layout":"","ast-disable-related-posts":"","theme-transparent-header-meta":"","adv-header-id-meta":"","stick-header-meta":"","header-above-stick-meta":"","header-main-stick-meta":"","header-below-stick-meta":"","astra-migrate-meta-layouts":"default","ast-page-background-enabled":"default","ast-page-background-meta":{"desktop":{"background-color":"var(--ast-global-color-5)","background-image":"","background-repeat":"repeat","background-position":"center center","background-size":"auto","background-attachment":"scroll","background-type":"","background-media":"","overlay-type":"","overlay-color":"","overlay-opacity":"","overlay-gradient":""},"tablet":{"background-color":"","background-image":"","background-repeat":"repeat","background-position":"center center","background-size":"auto","background-attachment":"scroll","background-type":"","background-media":"","overlay-type":"","overlay-color":"","overlay-opacity":"","overlay-gradient":""},"mobile":{"background-color":"","background-image":"","background-repeat":"repeat","background-position":"center center","background-size":"auto","background-attachment":"scroll","background-type":"","background-media":"","overlay-type":"","overlay-color":"","overlay-opacity":"","overlay-gradient":""}},"ast-content-background-meta":{"desktop":{"background-color":"var(--ast-global-color-4)","background-image":"","background-repeat":"repeat","background-position":"center center","background-size":"auto","background-attachment":"scroll","background-type":"","background-media":"","overlay-type":"","overlay-color":"","overlay-opacity":"","overlay-gradient":""},"tablet":{"background-color":"var(--ast-global-color-4)","background-image":"","background-repeat":"repeat","background-position":"center center","background-size":"auto","background-attachment":"scroll","background-type":"","background-media":"","overlay-type":"","overlay-color":"","overlay-opacity":"","overlay-gradient":""},"mobile":{"background-color":"var(--ast-global-color-4)","background-image":"","background-repeat":"repeat","background-position":"center center","background-size":"auto","background-attachment":"scroll","background-type":"","background-media":"","overlay-type":"","overlay-color":"","overlay-opacity":"","overlay-gradient":""}},"footnotes":""},"class_list":["post-610","page","type-page","status-publish","hentry"],"_links":{"self":[{"href":"https:\/\/www.smattraining.com\/fr\/wp-json\/wp\/v2\/pages\/610","targetHints":{"allow":["GET"]}}],"collection":[{"href":"https:\/\/www.smattraining.com\/fr\/wp-json\/wp\/v2\/pages"}],"about":[{"href":"https:\/\/www.smattraining.com\/fr\/wp-json\/wp\/v2\/types\/page"}],"author":[{"embeddable":true,"href":"https:\/\/www.smattraining.com\/fr\/wp-json\/wp\/v2\/users\/2"}],"replies":[{"embeddable":true,"href":"https:\/\/www.smattraining.com\/fr\/wp-json\/wp\/v2\/comments?post=610"}],"version-history":[{"count":0,"href":"https:\/\/www.smattraining.com\/fr\/wp-json\/wp\/v2\/pages\/610\/revisions"}],"wp:attachment":[{"href":"https:\/\/www.smattraining.com\/fr\/wp-json\/wp\/v2\/media?parent=610"}],"curies":[{"name":"wp","href":"https:\/\/api.w.org\/{rel}","templated":true}]}}