{"id":613,"date":"2025-06-04T22:24:29","date_gmt":"2025-06-04T20:24:29","guid":{"rendered":"https:\/\/smattrd.cluster100.hosting.ovh.net\/?page_id=613"},"modified":"2025-07-07T12:51:48","modified_gmt":"2025-07-07T10:51:48","slug":"plan-operationnel","status":"publish","type":"page","link":"https:\/\/www.smattraining.com\/fr\/plan-operationnel\/","title":{"rendered":"Plan op\u00e9rationnel"},"content":{"rendered":"\t\t<div data-elementor-type=\"wp-page\" data-elementor-id=\"613\" class=\"elementor elementor-613\">\n\t\t\t\t<div class=\"elementor-element elementor-element-cd4b645 e-flex e-con-boxed e-con e-parent\" data-id=\"cd4b645\" data-element_type=\"container\" data-e-type=\"container\">\n\t\t\t\t\t<div class=\"e-con-inner\">\n\t\t<div class=\"elementor-element elementor-element-d47731d e-con-full e-flex e-con e-child\" data-id=\"d47731d\" data-element_type=\"container\" data-e-type=\"container\">\n\t\t\t\t<div class=\"elementor-element elementor-element-aea2101 elementor-widget elementor-widget-heading\" data-id=\"aea2101\" data-element_type=\"widget\" data-e-type=\"widget\" data-widget_type=\"heading.default\">\n\t\t\t\t<div class=\"elementor-widget-container\">\n\t\t\t\t\t<h2 class=\"elementor-heading-title elementor-size-default\">Plan Op\u00e9rationnel<\/h2>\t\t\t\t<\/div>\n\t\t\t\t<\/div>\n\t\t\t\t<div class=\"elementor-element elementor-element-ba46051 elementor-widget elementor-widget-text-editor\" data-id=\"ba46051\" data-element_type=\"widget\" data-e-type=\"widget\" data-widget_type=\"text-editor.default\">\n\t\t\t\t<div class=\"elementor-widget-container\">\n\t\t\t\t\t\t\t\t\t<h4><b>\u00a0<\/b><\/h4><h4><b>Plan op\u00e9rationnel avec Analyse SWOT<\/b><\/h4><p><strong>S.M.A.T Training<\/strong>\u00a0vous propose un accompagnement complet pour la mise en place de votre plan op\u00e9rationnel en utilisant la m\u00e9thode d&rsquo;analyse SWOT (Forces, Faiblesses, Opportunit\u00e9s et Menaces). Ce plan op\u00e9rationnel sera \u00e9labor\u00e9 en tenant compte des diff\u00e9rents aspects essentiels \u00e0 votre organisation, notamment les besoins logistiques, les ressources humaines, les besoins strat\u00e9giques et g\u00e9ostrat\u00e9giques.<\/p>\t\t\t\t\t\t\t\t<\/div>\n\t\t\t\t<\/div>\n\t\t\t\t<\/div>\n\t\t<div class=\"elementor-element elementor-element-e3dae7f e-con-full e-flex e-con e-child\" data-id=\"e3dae7f\" data-element_type=\"container\" data-e-type=\"container\">\n\t\t\t\t<div class=\"elementor-element elementor-element-07a1d3b elementor-widget elementor-widget-image\" data-id=\"07a1d3b\" data-element_type=\"widget\" data-e-type=\"widget\" data-widget_type=\"image.default\">\n\t\t\t\t<div class=\"elementor-widget-container\">\n\t\t\t\t\t\t\t\t\t\t\t\t\t\t\t<img fetchpriority=\"high\" decoding=\"async\" width=\"1024\" height=\"1024\" src=\"https:\/\/www.smattraining.com\/wp-content\/uploads\/2025\/06\/plan-operationnel.png\" class=\"attachment-large size-large wp-image-925\" alt=\"\" srcset=\"https:\/\/www.smattraining.com\/wp-content\/uploads\/2025\/06\/plan-operationnel.png 1024w, https:\/\/www.smattraining.com\/wp-content\/uploads\/2025\/06\/plan-operationnel-300x300.png 300w, https:\/\/www.smattraining.com\/wp-content\/uploads\/2025\/06\/plan-operationnel-150x150.png 150w, https:\/\/www.smattraining.com\/wp-content\/uploads\/2025\/06\/plan-operationnel-768x768.png 768w, https:\/\/www.smattraining.com\/wp-content\/uploads\/2025\/06\/plan-operationnel-12x12.png 12w\" sizes=\"(max-width: 1024px) 100vw, 1024px\" \/>\t\t\t\t\t\t\t\t\t\t\t\t\t\t\t<\/div>\n\t\t\t\t<\/div>\n\t\t\t\t<\/div>\n\t\t\t\t\t<\/div>\n\t\t\t\t<\/div>\n\t\t<div class=\"elementor-element elementor-element-52325f1 e-grid e-con-boxed e-con e-parent\" data-id=\"52325f1\" data-element_type=\"container\" data-e-type=\"container\">\n\t\t\t\t\t<div class=\"e-con-inner\">\n\t\t\t\t<div class=\"elementor-element elementor-element-9e22766 elementor-widget elementor-widget-text-editor\" data-id=\"9e22766\" data-element_type=\"widget\" data-e-type=\"widget\" data-widget_type=\"text-editor.default\">\n\t\t\t\t<div class=\"elementor-widget-container\">\n\t\t\t\t\t\t\t\t\t<h4>\u00c9tape 1: Analyse SWOT<\/h4><ol><li><strong>Forces (Strengths)<\/strong><ul><li>Identification des comp\u00e9tences et ressources internes de l&rsquo;organisation.<\/li><li>\u00c9valuation des avantages comp\u00e9titifs actuels.<\/li><li>Analyse des succ\u00e8s pass\u00e9s et des meilleures pratiques en place.<\/li><\/ul><\/li><li><strong>Faiblesses (Weaknesses)<\/strong><ul><li>Identification des domaines n\u00e9cessitant des am\u00e9liorations.<\/li><li>Analyse des limitations internes et des inefficacit\u00e9s.<\/li><li>\u00c9valuation des \u00e9checs pass\u00e9s et des le\u00e7ons apprises.<\/li><\/ul><\/li><li><strong>Opportunit\u00e9s (Opportunities)<\/strong><ul><li>Exploration des tendances de l&rsquo;industrie et du march\u00e9.<\/li><li>Identification des nouvelles technologies et innovations.<\/li><li>Analyse des opportunit\u00e9s de croissance et d&rsquo;expansion.<\/li><\/ul><\/li><li><strong>Menaces (Threats)<\/strong><ul><li>Identification des concurrents et des pressions du march\u00e9.<\/li><li>\u00c9valuation des risques externes (\u00e9conomiques, politiques, sociaux).<\/li><li>Analyse des obstacles potentiels \u00e0 la croissance.<\/li><\/ul><\/li><\/ol>\t\t\t\t\t\t\t\t<\/div>\n\t\t\t\t<\/div>\n\t\t\t\t<div class=\"elementor-element elementor-element-8ef49c9 elementor-widget elementor-widget-text-editor\" data-id=\"8ef49c9\" data-element_type=\"widget\" data-e-type=\"widget\" data-widget_type=\"text-editor.default\">\n\t\t\t\t<div class=\"elementor-widget-container\">\n\t\t\t\t\t\t\t\t\t<h4>\u00c9tape 2: D\u00e9veloppement du Plan Op\u00e9rationnel<\/h4><ol><li><strong>Besoins Logistiques<\/strong><ul><li>Planification de la cha\u00eene d&rsquo;approvisionnement et gestion des stocks.<\/li><li>Organisation des moyens de transport et de distribution.<\/li><li>\u00c9valuation des infrastructures et \u00e9quipements n\u00e9cessaires.<\/li><\/ul><\/li><li><strong>Ressources Humaines<\/strong><ul><li>D\u00e9veloppement des comp\u00e9tences et formation du personnel.<\/li><li>Planification des besoins en recrutement et gestion des talents.<\/li><li>Mise en place de strat\u00e9gies de motivation et de r\u00e9tention.<\/li><\/ul><\/li><li><strong>Besoins Strat\u00e9giques<\/strong><ul><li>D\u00e9finition des objectifs \u00e0 court et \u00e0 long terme.<\/li><li>\u00c9laboration des strat\u00e9gies pour atteindre ces objectifs.<\/li><li>Allocation des ressources et budg\u00e9tisation.<\/li><\/ul><\/li><li><strong>Besoins G\u00e9ostrat\u00e9giques<\/strong><ul><li>Analyse de l&rsquo;environnement international et de ses impacts.<\/li><li>D\u00e9veloppement de partenariats et collaborations internationales.<\/li><li>Gestion des risques g\u00e9opolitiques et \u00e9conomiques.<\/li><\/ul><\/li><\/ol>\t\t\t\t\t\t\t\t<\/div>\n\t\t\t\t<\/div>\n\t\t\t\t\t<\/div>\n\t\t\t\t<\/div>\n\t\t<div class=\"elementor-element elementor-element-4094370 e-flex e-con-boxed e-con e-parent\" data-id=\"4094370\" data-element_type=\"container\" data-e-type=\"container\">\n\t\t\t\t\t<div class=\"e-con-inner\">\n\t\t\t\t<div class=\"elementor-element elementor-element-9dd53f1 elementor-widget elementor-widget-text-editor\" data-id=\"9dd53f1\" data-element_type=\"widget\" data-e-type=\"widget\" data-widget_type=\"text-editor.default\">\n\t\t\t\t<div class=\"elementor-widget-container\">\n\t\t\t\t\t\t\t\t\t<p><span style=\"font-size: 1.3em; font-weight: bold;\">Conclusion<\/span><\/p><p>En int\u00e9grant une analyse SWOT approfondie, S.M.A.T Training vous aide \u00e0 d\u00e9velopper un plan op\u00e9rationnel solide et adapt\u00e9 \u00e0 vos besoins sp\u00e9cifiques. Ce plan permettra de maximiser vos forces, de surmonter vos faiblesses, de saisir les opportunit\u00e9s et de minimiser les menaces. Notre accompagnement se traduit par une strat\u00e9gie op\u00e9rationnelle efficace et durable, assurant la r\u00e9ussite et la croissance de votre organisation.<\/p><p>\u00a0<\/p>\t\t\t\t\t\t\t\t<\/div>\n\t\t\t\t<\/div>\n\t\t\t\t\t<\/div>\n\t\t\t\t<\/div>\n\t\t<div class=\"elementor-element elementor-element-0accf3c e-grid e-con-boxed e-con e-parent\" data-id=\"0accf3c\" data-element_type=\"container\" data-e-type=\"container\" data-settings=\"{&quot;background_background&quot;:&quot;classic&quot;}\">\n\t\t\t\t\t<div class=\"e-con-inner\">\n\t\t\t\t<div class=\"elementor-element elementor-element-f55fca1 elementor-widget elementor-widget-image\" data-id=\"f55fca1\" data-element_type=\"widget\" data-e-type=\"widget\" data-widget_type=\"image.default\">\n\t\t\t\t<div class=\"elementor-widget-container\">\n\t\t\t\t\t\t\t\t\t\t\t\t\t\t\t<img decoding=\"async\" width=\"630\" height=\"274\" src=\"https:\/\/www.smattraining.com\/wp-content\/uploads\/2025\/06\/Capture-decran-2025-06-13-a-20.05.16.png\" class=\"attachment-large size-large wp-image-979\" alt=\"\" srcset=\"https:\/\/www.smattraining.com\/wp-content\/uploads\/2025\/06\/Capture-decran-2025-06-13-a-20.05.16.png 630w, https:\/\/www.smattraining.com\/wp-content\/uploads\/2025\/06\/Capture-decran-2025-06-13-a-20.05.16-300x130.png 300w, https:\/\/www.smattraining.com\/wp-content\/uploads\/2025\/06\/Capture-decran-2025-06-13-a-20.05.16-18x8.png 18w, https:\/\/www.smattraining.com\/wp-content\/uploads\/2025\/06\/Capture-decran-2025-06-13-a-20.05.16-600x261.png 600w\" sizes=\"(max-width: 630px) 100vw, 630px\" \/>\t\t\t\t\t\t\t\t\t\t\t\t\t\t\t<\/div>\n\t\t\t\t<\/div>\n\t\t\t\t<div class=\"elementor-element elementor-element-2aa7a10 elementor-widget elementor-widget-image\" data-id=\"2aa7a10\" data-element_type=\"widget\" data-e-type=\"widget\" data-widget_type=\"image.default\">\n\t\t\t\t<div class=\"elementor-widget-container\">\n\t\t\t\t\t\t\t\t\t\t\t\t\t\t\t<img decoding=\"async\" width=\"630\" height=\"274\" src=\"https:\/\/www.smattraining.com\/wp-content\/uploads\/2025\/06\/Capture-decran-2025-06-13-a-20.05.22.png\" class=\"attachment-large size-large wp-image-980\" alt=\"\" srcset=\"https:\/\/www.smattraining.com\/wp-content\/uploads\/2025\/06\/Capture-decran-2025-06-13-a-20.05.22.png 630w, https:\/\/www.smattraining.com\/wp-content\/uploads\/2025\/06\/Capture-decran-2025-06-13-a-20.05.22-300x130.png 300w, https:\/\/www.smattraining.com\/wp-content\/uploads\/2025\/06\/Capture-decran-2025-06-13-a-20.05.22-18x8.png 18w, https:\/\/www.smattraining.com\/wp-content\/uploads\/2025\/06\/Capture-decran-2025-06-13-a-20.05.22-600x261.png 600w\" sizes=\"(max-width: 630px) 100vw, 630px\" \/>\t\t\t\t\t\t\t\t\t\t\t\t\t\t\t<\/div>\n\t\t\t\t<\/div>\n\t\t\t\t<div class=\"elementor-element elementor-element-9c543d7 elementor-widget elementor-widget-image\" data-id=\"9c543d7\" data-element_type=\"widget\" data-e-type=\"widget\" data-widget_type=\"image.default\">\n\t\t\t\t<div class=\"elementor-widget-container\">\n\t\t\t\t\t\t\t\t\t\t\t\t\t\t\t<img loading=\"lazy\" decoding=\"async\" width=\"630\" height=\"274\" src=\"https:\/\/www.smattraining.com\/wp-content\/uploads\/2025\/06\/Capture-decran-2025-06-13-a-20.05.28.png\" class=\"attachment-large size-large wp-image-981\" alt=\"\" srcset=\"https:\/\/www.smattraining.com\/wp-content\/uploads\/2025\/06\/Capture-decran-2025-06-13-a-20.05.28.png 630w, https:\/\/www.smattraining.com\/wp-content\/uploads\/2025\/06\/Capture-decran-2025-06-13-a-20.05.28-300x130.png 300w, https:\/\/www.smattraining.com\/wp-content\/uploads\/2025\/06\/Capture-decran-2025-06-13-a-20.05.28-18x8.png 18w, https:\/\/www.smattraining.com\/wp-content\/uploads\/2025\/06\/Capture-decran-2025-06-13-a-20.05.28-600x261.png 600w\" sizes=\"(max-width: 630px) 100vw, 630px\" \/>\t\t\t\t\t\t\t\t\t\t\t\t\t\t\t<\/div>\n\t\t\t\t<\/div>\n\t\t\t\t\t<\/div>\n\t\t\t\t<\/div>\n\t\t<div class=\"elementor-element elementor-element-6f8ff18 e-flex e-con-boxed e-con e-parent\" data-id=\"6f8ff18\" data-element_type=\"container\" data-e-type=\"container\">\n\t\t\t\t\t<div class=\"e-con-inner\">\n\t\t\t\t<div class=\"elementor-element elementor-element-b67bd63 elementor-widget elementor-widget-text-editor\" data-id=\"b67bd63\" data-element_type=\"widget\" data-e-type=\"widget\" data-widget_type=\"text-editor.default\">\n\t\t\t\t<div class=\"elementor-widget-container\">\n\t\t\t\t\t\t\t\t\t<p>Pour plus d&rsquo;informations ou pour commencer \u00e0 \u00e9laborer votre plan op\u00e9rationnel, contactez S.M.A.T Training d\u00e8s aujourd&rsquo;hui.<\/p>\t\t\t\t\t\t\t\t<\/div>\n\t\t\t\t<\/div>\n\t\t\t\t\t<\/div>\n\t\t\t\t<\/div>\n\t\t<div class=\"elementor-element elementor-element-35fc72f e-flex e-con-boxed e-con e-parent\" data-id=\"35fc72f\" data-element_type=\"container\" data-e-type=\"container\">\n\t\t\t\t\t<div class=\"e-con-inner\">\n\t\t\t\t<div class=\"elementor-element elementor-element-bfb2571 elementor-align-center elementor-widget elementor-widget-button\" data-id=\"bfb2571\" data-element_type=\"widget\" data-e-type=\"widget\" data-widget_type=\"button.default\">\n\t\t\t\t<div class=\"elementor-widget-container\">\n\t\t\t\t\t\t\t\t\t<div class=\"elementor-button-wrapper\">\n\t\t\t\t\t<a class=\"elementor-button elementor-button-link elementor-size-sm\" href=\"mailto:manager@smattraining.com\" target=\"_blank\">\n\t\t\t\t\t\t<span class=\"elementor-button-content-wrapper\">\n\t\t\t\t\t\t\t\t\t<span class=\"elementor-button-text\">CONTACT<\/span>\n\t\t\t\t\t<\/span>\n\t\t\t\t\t<\/a>\n\t\t\t\t<\/div>\n\t\t\t\t\t\t\t\t<\/div>\n\t\t\t\t<\/div>\n\t\t\t\t\t<\/div>\n\t\t\t\t<\/div>\n\t\t<div class=\"elementor-element elementor-element-ff02ce8 e-flex e-con-boxed e-con e-parent\" data-id=\"ff02ce8\" data-element_type=\"container\" data-e-type=\"container\">\n\t\t\t\t\t<div class=\"e-con-inner\">\n\t\t\t\t<div class=\"elementor-element elementor-element-e51cc17 elementor-widget elementor-widget-spacer\" data-id=\"e51cc17\" data-element_type=\"widget\" data-e-type=\"widget\" data-widget_type=\"spacer.default\">\n\t\t\t\t<div class=\"elementor-widget-container\">\n\t\t\t\t\t\t\t<div class=\"elementor-spacer\">\n\t\t\t<div class=\"elementor-spacer-inner\"><\/div>\n\t\t<\/div>\n\t\t\t\t\t\t<\/div>\n\t\t\t\t<\/div>\n\t\t\t\t\t<\/div>\n\t\t\t\t<\/div>\n\t\t\t\t<\/div>\n\t\t","protected":false},"excerpt":{"rendered":"<p>Plan Op\u00e9rationnel \u00a0 Plan op\u00e9rationnel avec Analyse SWOT S.M.A.T Training\u00a0vous propose un accompagnement complet pour la mise en place de votre plan op\u00e9rationnel en utilisant la m\u00e9thode d&rsquo;analyse SWOT (Forces, [&hellip;]<\/p>\n","protected":false},"author":2,"featured_media":0,"parent":0,"menu_order":0,"comment_status":"closed","ping_status":"closed","template":"","meta":{"site-sidebar-layout":"no-sidebar","site-content-layout":"","ast-site-content-layout":"full-width-container","site-content-style":"default","site-sidebar-style":"default","ast-global-header-display":"","ast-banner-title-visibility":"","ast-main-header-display":"","ast-hfb-above-header-display":"","ast-hfb-below-header-display":"","ast-hfb-mobile-header-display":"","site-post-title":"disabled","ast-breadcrumbs-content":"","ast-featured-img":"disabled","footer-sml-layout":"","ast-disable-related-posts":"","theme-transparent-header-meta":"","adv-header-id-meta":"","stick-header-meta":"","header-above-stick-meta":"","header-main-stick-meta":"","header-below-stick-meta":"","astra-migrate-meta-layouts":"default","ast-page-background-enabled":"default","ast-page-background-meta":{"desktop":{"background-color":"var(--ast-global-color-5)","background-image":"","background-repeat":"repeat","background-position":"center center","background-size":"auto","background-attachment":"scroll","background-type":"","background-media":"","overlay-type":"","overlay-color":"","overlay-opacity":"","overlay-gradient":""},"tablet":{"background-color":"","background-image":"","background-repeat":"repeat","background-position":"center center","background-size":"auto","background-attachment":"scroll","background-type":"","background-media":"","overlay-type":"","overlay-color":"","overlay-opacity":"","overlay-gradient":""},"mobile":{"background-color":"","background-image":"","background-repeat":"repeat","background-position":"center center","background-size":"auto","background-attachment":"scroll","background-type":"","background-media":"","overlay-type":"","overlay-color":"","overlay-opacity":"","overlay-gradient":""}},"ast-content-background-meta":{"desktop":{"background-color":"var(--ast-global-color-4)","background-image":"","background-repeat":"repeat","background-position":"center center","background-size":"auto","background-attachment":"scroll","background-type":"","background-media":"","overlay-type":"","overlay-color":"","overlay-opacity":"","overlay-gradient":""},"tablet":{"background-color":"var(--ast-global-color-4)","background-image":"","background-repeat":"repeat","background-position":"center center","background-size":"auto","background-attachment":"scroll","background-type":"","background-media":"","overlay-type":"","overlay-color":"","overlay-opacity":"","overlay-gradient":""},"mobile":{"background-color":"var(--ast-global-color-4)","background-image":"","background-repeat":"repeat","background-position":"center center","background-size":"auto","background-attachment":"scroll","background-type":"","background-media":"","overlay-type":"","overlay-color":"","overlay-opacity":"","overlay-gradient":""}},"footnotes":""},"class_list":["post-613","page","type-page","status-publish","hentry"],"_links":{"self":[{"href":"https:\/\/www.smattraining.com\/fr\/wp-json\/wp\/v2\/pages\/613","targetHints":{"allow":["GET"]}}],"collection":[{"href":"https:\/\/www.smattraining.com\/fr\/wp-json\/wp\/v2\/pages"}],"about":[{"href":"https:\/\/www.smattraining.com\/fr\/wp-json\/wp\/v2\/types\/page"}],"author":[{"embeddable":true,"href":"https:\/\/www.smattraining.com\/fr\/wp-json\/wp\/v2\/users\/2"}],"replies":[{"embeddable":true,"href":"https:\/\/www.smattraining.com\/fr\/wp-json\/wp\/v2\/comments?post=613"}],"version-history":[{"count":0,"href":"https:\/\/www.smattraining.com\/fr\/wp-json\/wp\/v2\/pages\/613\/revisions"}],"wp:attachment":[{"href":"https:\/\/www.smattraining.com\/fr\/wp-json\/wp\/v2\/media?parent=613"}],"curies":[{"name":"wp","href":"https:\/\/api.w.org\/{rel}","templated":true}]}}