{"id":614,"date":"2025-06-04T22:24:39","date_gmt":"2025-06-04T20:24:39","guid":{"rendered":"https:\/\/smattrd.cluster100.hosting.ovh.net\/?page_id=614"},"modified":"2025-07-07T12:51:32","modified_gmt":"2025-07-07T10:51:32","slug":"analyse-candidats-2","status":"publish","type":"page","link":"https:\/\/www.smattraining.com\/fr\/analyse-candidats-2\/","title":{"rendered":"Analyse candidats"},"content":{"rendered":"\t\t<div data-elementor-type=\"wp-page\" data-elementor-id=\"614\" class=\"elementor elementor-614\">\n\t\t\t\t<div class=\"elementor-element elementor-element-b6d29e5 e-flex e-con-boxed e-con e-parent\" data-id=\"b6d29e5\" data-element_type=\"container\" data-e-type=\"container\">\n\t\t\t\t\t<div class=\"e-con-inner\">\n\t\t<div class=\"elementor-element elementor-element-e0a285b e-con-full e-flex e-con e-child\" data-id=\"e0a285b\" data-element_type=\"container\" data-e-type=\"container\">\n\t\t\t\t<div class=\"elementor-element elementor-element-7bb5722 elementor-widget elementor-widget-heading\" data-id=\"7bb5722\" data-element_type=\"widget\" data-e-type=\"widget\" data-widget_type=\"heading.default\">\n\t\t\t\t<div class=\"elementor-widget-container\">\n\t\t\t\t\t<h2 class=\"elementor-heading-title elementor-size-default\">Analyse candidats<\/h2>\t\t\t\t<\/div>\n\t\t\t\t<\/div>\n\t\t\t\t<\/div>\n\t\t\t\t\t<\/div>\n\t\t\t\t<\/div>\n\t\t<div class=\"elementor-element elementor-element-338322d e-flex e-con-boxed e-con e-parent\" data-id=\"338322d\" data-element_type=\"container\" data-e-type=\"container\">\n\t\t\t\t\t<div class=\"e-con-inner\">\n\t\t<div class=\"elementor-element elementor-element-7af49e5 e-con-full e-flex e-con e-child\" data-id=\"7af49e5\" data-element_type=\"container\" data-e-type=\"container\">\n\t\t\t\t<div class=\"elementor-element elementor-element-88c29d2 elementor-widget elementor-widget-text-editor\" data-id=\"88c29d2\" data-element_type=\"widget\" data-e-type=\"widget\" data-widget_type=\"text-editor.default\">\n\t\t\t\t<div class=\"elementor-widget-container\">\n\t\t\t\t\t\t\t\t\t<h4><b>Analyse et \u00c9valuation des Candidatures <br \/><br \/><\/b><strong style=\"font-size: 16px;\">Introduction<\/strong><span style=\"font-size: 16px;\">\u00a0<\/span><\/h4><p>S.M.A.T Training, tirant profit de son expertise terrain, offre un service d&rsquo;analyse et d&rsquo;\u00e9valuation des candidatures. Ce service s&rsquo;adresse principalement aux entreprises dans les secteurs de la s\u00e9curit\u00e9 et du m\u00e9dical, recherchant des professionnels hautement qualifi\u00e9s et adapt\u00e9s \u00e0 leurs missions sp\u00e9cifiques.<\/p><p><strong>Processus de S\u00e9lection<\/strong>\u00a0<\/p><p>Notre approche commence par une analyse approfondie des besoins humains de votre entreprise. Nous acc\u00e9dons \u00e0 votre base de donn\u00e9es de candidats ainsi qu&rsquo;\u00e0 la n\u00f4tre pour s\u00e9lectionner les profils les plus prometteurs. Ces profils sont ensuite mis en comp\u00e9tition \u00e0 travers des \u00e9valuations rigoureuses, permettant de vous proposer un panel de candidats r\u00e9pondant pr\u00e9cis\u00e9ment \u00e0 vos attentes.<\/p><p><strong>Session de Profilage<\/strong>\u00a0<\/p><p>Nous proposons \u00e9galement de r\u00e9aliser des sessions de profilage dans l\u2019un de nos centres de formation europ\u00e9ens. Ces sessions, d\u2019une dur\u00e9e modulable de 2 \u00e0 5 jours, sont con\u00e7ues pour \u00e9valuer les candidats dans des conditions r\u00e9elles et sous stress positif, tout en respectant leur confidentialit\u00e9. Cette m\u00e9thode permet d&rsquo;observer les comportements individuels et en groupe, essentiels pour des missions en zones sensibles.<\/p><p><strong>Objectifs<\/strong>\u00a0<\/p><p>L\u2019objectif de ces \u00e9valuations est double :<\/p><ol><li><strong>S\u00e9curit\u00e9 et Adaptabilit\u00e9<\/strong>\u00a0: Choisir le bon candidat assure la s\u00e9curit\u00e9 et l&rsquo;efficacit\u00e9 des op\u00e9rations, renfor\u00e7ant ainsi votre r\u00e9putation et votre professionnalisme.<\/li><li><strong>Validation des Comp\u00e9tences<\/strong>\u00a0: Nous effectuons une v\u00e9rification compl\u00e8te des certifications, dipl\u00f4mes et attestations des candidats pour garantir leur authenticit\u00e9 et leur ad\u00e9quation avec les besoins du poste.<\/li><\/ol>\t\t\t\t\t\t\t\t<\/div>\n\t\t\t\t<\/div>\n\t\t\t\t<\/div>\n\t\t<div class=\"elementor-element elementor-element-91a5c9b e-con-full e-flex e-con e-child\" data-id=\"91a5c9b\" data-element_type=\"container\" data-e-type=\"container\">\n\t\t<div class=\"elementor-element elementor-element-2d00798 e-con-full e-flex e-con e-child\" data-id=\"2d00798\" data-element_type=\"container\" data-e-type=\"container\">\n\t\t\t\t<div class=\"elementor-element elementor-element-acc7425 elementor-widget elementor-widget-image\" data-id=\"acc7425\" data-element_type=\"widget\" data-e-type=\"widget\" data-widget_type=\"image.default\">\n\t\t\t\t<div class=\"elementor-widget-container\">\n\t\t\t\t\t\t\t\t\t\t\t\t\t\t\t<img fetchpriority=\"high\" decoding=\"async\" width=\"1024\" height=\"1024\" src=\"https:\/\/www.smattraining.com\/wp-content\/uploads\/2025\/06\/analyse-candidats.png\" class=\"attachment-large size-large wp-image-921\" alt=\"\" srcset=\"https:\/\/www.smattraining.com\/wp-content\/uploads\/2025\/06\/analyse-candidats.png 1024w, https:\/\/www.smattraining.com\/wp-content\/uploads\/2025\/06\/analyse-candidats-300x300.png 300w, https:\/\/www.smattraining.com\/wp-content\/uploads\/2025\/06\/analyse-candidats-150x150.png 150w, https:\/\/www.smattraining.com\/wp-content\/uploads\/2025\/06\/analyse-candidats-768x768.png 768w, https:\/\/www.smattraining.com\/wp-content\/uploads\/2025\/06\/analyse-candidats-12x12.png 12w, https:\/\/www.smattraining.com\/wp-content\/uploads\/2025\/06\/analyse-candidats-600x600.png 600w, https:\/\/www.smattraining.com\/wp-content\/uploads\/2025\/06\/analyse-candidats-100x100.png 100w\" sizes=\"(max-width: 1024px) 100vw, 1024px\" \/>\t\t\t\t\t\t\t\t\t\t\t\t\t\t\t<\/div>\n\t\t\t\t<\/div>\n\t\t\t\t<div class=\"elementor-element elementor-element-f632f7f elementor-widget elementor-widget-spacer\" data-id=\"f632f7f\" data-element_type=\"widget\" data-e-type=\"widget\" data-widget_type=\"spacer.default\">\n\t\t\t\t<div class=\"elementor-widget-container\">\n\t\t\t\t\t\t\t<div class=\"elementor-spacer\">\n\t\t\t<div class=\"elementor-spacer-inner\"><\/div>\n\t\t<\/div>\n\t\t\t\t\t\t<\/div>\n\t\t\t\t<\/div>\n\t\t\t\t<\/div>\n\t\t<div class=\"elementor-element elementor-element-bd85720 e-con-full e-flex e-con e-child\" data-id=\"bd85720\" data-element_type=\"container\" data-e-type=\"container\">\n\t\t\t\t<div class=\"elementor-element elementor-element-7bc574c elementor-widget elementor-widget-text-editor\" data-id=\"7bc574c\" data-element_type=\"widget\" data-e-type=\"widget\" data-widget_type=\"text-editor.default\">\n\t\t\t\t<div class=\"elementor-widget-container\">\n\t\t\t\t\t\t\t\t\t<h4><strong>Pourquoi choisir S.M.A.T ?<\/strong>\u00a0<\/h4><p>En optant pour S.M.A.T Training, vous b\u00e9n\u00e9ficiez de :<\/p><ul><li>Une expertise reconnue dans le domaine de la s\u00e9curit\u00e9 et du m\u00e9dical en zone hostile.<\/li><li>Des m\u00e9thodologies \u00e9prouv\u00e9es pour cibler pr\u00e9cis\u00e9ment les comp\u00e9tences requises.<\/li><li>Une assurance de transparence et de fiabilit\u00e9 dans le processus de s\u00e9lection.<\/li><\/ul><h4><strong><br \/>Public Cible<\/strong>\u00a0<\/h4><p>Ce service est essentiel pour les entreprises exigeant un haut niveau de comp\u00e9tence et de fiabilit\u00e9 de la part de leur personnel, particuli\u00e8rement dans les secteurs o\u00f9 le risque et la performance sont critiques.<\/p>\t\t\t\t\t\t\t\t<\/div>\n\t\t\t\t<\/div>\n\t\t\t\t<\/div>\n\t\t\t\t<\/div>\n\t\t\t\t\t<\/div>\n\t\t\t\t<\/div>\n\t\t<div class=\"elementor-element elementor-element-fb89ea4 e-flex e-con-boxed e-con e-parent\" data-id=\"fb89ea4\" data-element_type=\"container\" data-e-type=\"container\">\n\t\t\t\t\t<div class=\"e-con-inner\">\n\t\t\t\t\t<\/div>\n\t\t\t\t<\/div>\n\t\t<div class=\"elementor-element elementor-element-7ebbc4e e-flex e-con-boxed e-con e-parent\" data-id=\"7ebbc4e\" data-element_type=\"container\" data-e-type=\"container\">\n\t\t\t\t\t<div class=\"e-con-inner\">\n\t\t\t\t<div class=\"elementor-element elementor-element-b5fc4e2 elementor-widget elementor-widget-text-editor\" data-id=\"b5fc4e2\" data-element_type=\"widget\" data-e-type=\"widget\" data-widget_type=\"text-editor.default\">\n\t\t\t\t<div class=\"elementor-widget-container\">\n\t\t\t\t\t\t\t\t\t<h4>En conclusion,\u00a0<\/h4><p>S.M.A.T Training vous garantit une s\u00e9lection optimale de candidats, vous permettant d&rsquo;atteindre une performance maximale tout en s\u00e9curisant vos op\u00e9rations. Notre engagement envers l&rsquo;excellence et la s\u00e9curit\u00e9 est la cl\u00e9 de votre succ\u00e8s.<\/p>\t\t\t\t\t\t\t\t<\/div>\n\t\t\t\t<\/div>\n\t\t\t\t\t<\/div>\n\t\t\t\t<\/div>\n\t\t<div class=\"elementor-element elementor-element-c55ab93 e-grid e-con-boxed e-con e-parent\" data-id=\"c55ab93\" data-element_type=\"container\" data-e-type=\"container\" data-settings=\"{&quot;background_background&quot;:&quot;classic&quot;}\">\n\t\t\t\t\t<div class=\"e-con-inner\">\n\t\t\t\t<div class=\"elementor-element elementor-element-5557f78 elementor-widget elementor-widget-image\" data-id=\"5557f78\" data-element_type=\"widget\" data-e-type=\"widget\" data-widget_type=\"image.default\">\n\t\t\t\t<div class=\"elementor-widget-container\">\n\t\t\t\t\t\t\t\t\t\t\t\t\t\t\t<img decoding=\"async\" width=\"630\" height=\"274\" src=\"https:\/\/www.smattraining.com\/wp-content\/uploads\/2025\/06\/Capture-decran-2025-06-13-a-20.49.28.png\" class=\"attachment-large size-large wp-image-1002\" alt=\"\" srcset=\"https:\/\/www.smattraining.com\/wp-content\/uploads\/2025\/06\/Capture-decran-2025-06-13-a-20.49.28.png 630w, https:\/\/www.smattraining.com\/wp-content\/uploads\/2025\/06\/Capture-decran-2025-06-13-a-20.49.28-300x130.png 300w, https:\/\/www.smattraining.com\/wp-content\/uploads\/2025\/06\/Capture-decran-2025-06-13-a-20.49.28-18x8.png 18w, https:\/\/www.smattraining.com\/wp-content\/uploads\/2025\/06\/Capture-decran-2025-06-13-a-20.49.28-600x261.png 600w\" sizes=\"(max-width: 630px) 100vw, 630px\" \/>\t\t\t\t\t\t\t\t\t\t\t\t\t\t\t<\/div>\n\t\t\t\t<\/div>\n\t\t\t\t<div class=\"elementor-element elementor-element-1722ed8 elementor-widget elementor-widget-image\" data-id=\"1722ed8\" data-element_type=\"widget\" data-e-type=\"widget\" data-widget_type=\"image.default\">\n\t\t\t\t<div class=\"elementor-widget-container\">\n\t\t\t\t\t\t\t\t\t\t\t\t\t\t\t<img decoding=\"async\" width=\"630\" height=\"274\" src=\"https:\/\/www.smattraining.com\/wp-content\/uploads\/2025\/06\/Capture-decran-2025-06-13-a-20.49.23.png\" class=\"attachment-large size-large wp-image-1001\" alt=\"\" srcset=\"https:\/\/www.smattraining.com\/wp-content\/uploads\/2025\/06\/Capture-decran-2025-06-13-a-20.49.23.png 630w, https:\/\/www.smattraining.com\/wp-content\/uploads\/2025\/06\/Capture-decran-2025-06-13-a-20.49.23-300x130.png 300w, https:\/\/www.smattraining.com\/wp-content\/uploads\/2025\/06\/Capture-decran-2025-06-13-a-20.49.23-18x8.png 18w, https:\/\/www.smattraining.com\/wp-content\/uploads\/2025\/06\/Capture-decran-2025-06-13-a-20.49.23-600x261.png 600w\" sizes=\"(max-width: 630px) 100vw, 630px\" \/>\t\t\t\t\t\t\t\t\t\t\t\t\t\t\t<\/div>\n\t\t\t\t<\/div>\n\t\t\t\t<div class=\"elementor-element elementor-element-ef711b8 elementor-widget elementor-widget-image\" data-id=\"ef711b8\" data-element_type=\"widget\" data-e-type=\"widget\" data-widget_type=\"image.default\">\n\t\t\t\t<div class=\"elementor-widget-container\">\n\t\t\t\t\t\t\t\t\t\t\t\t\t\t\t<img loading=\"lazy\" decoding=\"async\" width=\"630\" height=\"274\" src=\"https:\/\/www.smattraining.com\/wp-content\/uploads\/2025\/06\/Capture-decran-2025-06-13-a-20.49.16.png\" class=\"attachment-large size-large wp-image-1000\" alt=\"\" srcset=\"https:\/\/www.smattraining.com\/wp-content\/uploads\/2025\/06\/Capture-decran-2025-06-13-a-20.49.16.png 630w, https:\/\/www.smattraining.com\/wp-content\/uploads\/2025\/06\/Capture-decran-2025-06-13-a-20.49.16-300x130.png 300w, https:\/\/www.smattraining.com\/wp-content\/uploads\/2025\/06\/Capture-decran-2025-06-13-a-20.49.16-18x8.png 18w, https:\/\/www.smattraining.com\/wp-content\/uploads\/2025\/06\/Capture-decran-2025-06-13-a-20.49.16-600x261.png 600w\" sizes=\"(max-width: 630px) 100vw, 630px\" \/>\t\t\t\t\t\t\t\t\t\t\t\t\t\t\t<\/div>\n\t\t\t\t<\/div>\n\t\t\t\t\t<\/div>\n\t\t\t\t<\/div>\n\t\t<div class=\"elementor-element elementor-element-8f894ec e-flex e-con-boxed e-con e-parent\" data-id=\"8f894ec\" data-element_type=\"container\" data-e-type=\"container\">\n\t\t\t\t\t<div class=\"e-con-inner\">\n\t\t\t\t<div class=\"elementor-element elementor-element-6ffed7b elementor-widget elementor-widget-spacer\" data-id=\"6ffed7b\" data-element_type=\"widget\" data-e-type=\"widget\" data-widget_type=\"spacer.default\">\n\t\t\t\t<div class=\"elementor-widget-container\">\n\t\t\t\t\t\t\t<div class=\"elementor-spacer\">\n\t\t\t<div class=\"elementor-spacer-inner\"><\/div>\n\t\t<\/div>\n\t\t\t\t\t\t<\/div>\n\t\t\t\t<\/div>\n\t\t\t\t\t<\/div>\n\t\t\t\t<\/div>\n\t\t<div class=\"elementor-element elementor-element-eb386b7 e-flex e-con-boxed e-con e-parent\" data-id=\"eb386b7\" data-element_type=\"container\" data-e-type=\"container\">\n\t\t\t\t\t<div class=\"e-con-inner\">\n\t\t\t\t<div class=\"elementor-element elementor-element-569e862 elementor-align-center elementor-widget elementor-widget-button\" data-id=\"569e862\" data-element_type=\"widget\" data-e-type=\"widget\" data-widget_type=\"button.default\">\n\t\t\t\t<div class=\"elementor-widget-container\">\n\t\t\t\t\t\t\t\t\t<div class=\"elementor-button-wrapper\">\n\t\t\t\t\t<a class=\"elementor-button elementor-button-link elementor-size-sm\" href=\"mailto:manager@smattraining.com\" target=\"_blank\">\n\t\t\t\t\t\t<span class=\"elementor-button-content-wrapper\">\n\t\t\t\t\t\t\t\t\t<span class=\"elementor-button-text\">CONTACT<\/span>\n\t\t\t\t\t<\/span>\n\t\t\t\t\t<\/a>\n\t\t\t\t<\/div>\n\t\t\t\t\t\t\t\t<\/div>\n\t\t\t\t<\/div>\n\t\t\t\t\t<\/div>\n\t\t\t\t<\/div>\n\t\t<div class=\"elementor-element elementor-element-9130bed e-flex e-con-boxed e-con e-parent\" data-id=\"9130bed\" data-element_type=\"container\" data-e-type=\"container\">\n\t\t\t\t\t<div class=\"e-con-inner\">\n\t\t\t\t<div class=\"elementor-element elementor-element-07af2ce elementor-widget elementor-widget-spacer\" data-id=\"07af2ce\" data-element_type=\"widget\" data-e-type=\"widget\" data-widget_type=\"spacer.default\">\n\t\t\t\t<div class=\"elementor-widget-container\">\n\t\t\t\t\t\t\t<div class=\"elementor-spacer\">\n\t\t\t<div class=\"elementor-spacer-inner\"><\/div>\n\t\t<\/div>\n\t\t\t\t\t\t<\/div>\n\t\t\t\t<\/div>\n\t\t\t\t\t<\/div>\n\t\t\t\t<\/div>\n\t\t\t\t<\/div>\n\t\t","protected":false},"excerpt":{"rendered":"<p>Analyse candidats Analyse et \u00c9valuation des Candidatures Introduction\u00a0 S.M.A.T Training, tirant profit de son expertise terrain, offre un service d&rsquo;analyse et d&rsquo;\u00e9valuation des candidatures. Ce service s&rsquo;adresse principalement aux entreprises [&hellip;]<\/p>\n","protected":false},"author":2,"featured_media":0,"parent":0,"menu_order":0,"comment_status":"closed","ping_status":"closed","template":"","meta":{"site-sidebar-layout":"no-sidebar","site-content-layout":"","ast-site-content-layout":"full-width-container","site-content-style":"default","site-sidebar-style":"default","ast-global-header-display":"","ast-banner-title-visibility":"","ast-main-header-display":"","ast-hfb-above-header-display":"","ast-hfb-below-header-display":"","ast-hfb-mobile-header-display":"","site-post-title":"disabled","ast-breadcrumbs-content":"","ast-featured-img":"disabled","footer-sml-layout":"","ast-disable-related-posts":"","theme-transparent-header-meta":"","adv-header-id-meta":"","stick-header-meta":"","header-above-stick-meta":"","header-main-stick-meta":"","header-below-stick-meta":"","astra-migrate-meta-layouts":"default","ast-page-background-enabled":"default","ast-page-background-meta":{"desktop":{"background-color":"var(--ast-global-color-5)","background-image":"","background-repeat":"repeat","background-position":"center center","background-size":"auto","background-attachment":"scroll","background-type":"","background-media":"","overlay-type":"","overlay-color":"","overlay-opacity":"","overlay-gradient":""},"tablet":{"background-color":"","background-image":"","background-repeat":"repeat","background-position":"center center","background-size":"auto","background-attachment":"scroll","background-type":"","background-media":"","overlay-type":"","overlay-color":"","overlay-opacity":"","overlay-gradient":""},"mobile":{"background-color":"","background-image":"","background-repeat":"repeat","background-position":"center center","background-size":"auto","background-attachment":"scroll","background-type":"","background-media":"","overlay-type":"","overlay-color":"","overlay-opacity":"","overlay-gradient":""}},"ast-content-background-meta":{"desktop":{"background-color":"var(--ast-global-color-4)","background-image":"","background-repeat":"repeat","background-position":"center center","background-size":"auto","background-attachment":"scroll","background-type":"","background-media":"","overlay-type":"","overlay-color":"","overlay-opacity":"","overlay-gradient":""},"tablet":{"background-color":"var(--ast-global-color-4)","background-image":"","background-repeat":"repeat","background-position":"center center","background-size":"auto","background-attachment":"scroll","background-type":"","background-media":"","overlay-type":"","overlay-color":"","overlay-opacity":"","overlay-gradient":""},"mobile":{"background-color":"var(--ast-global-color-4)","background-image":"","background-repeat":"repeat","background-position":"center center","background-size":"auto","background-attachment":"scroll","background-type":"","background-media":"","overlay-type":"","overlay-color":"","overlay-opacity":"","overlay-gradient":""}},"footnotes":""},"class_list":["post-614","page","type-page","status-publish","hentry"],"_links":{"self":[{"href":"https:\/\/www.smattraining.com\/fr\/wp-json\/wp\/v2\/pages\/614","targetHints":{"allow":["GET"]}}],"collection":[{"href":"https:\/\/www.smattraining.com\/fr\/wp-json\/wp\/v2\/pages"}],"about":[{"href":"https:\/\/www.smattraining.com\/fr\/wp-json\/wp\/v2\/types\/page"}],"author":[{"embeddable":true,"href":"https:\/\/www.smattraining.com\/fr\/wp-json\/wp\/v2\/users\/2"}],"replies":[{"embeddable":true,"href":"https:\/\/www.smattraining.com\/fr\/wp-json\/wp\/v2\/comments?post=614"}],"version-history":[{"count":0,"href":"https:\/\/www.smattraining.com\/fr\/wp-json\/wp\/v2\/pages\/614\/revisions"}],"wp:attachment":[{"href":"https:\/\/www.smattraining.com\/fr\/wp-json\/wp\/v2\/media?parent=614"}],"curies":[{"name":"wp","href":"https:\/\/api.w.org\/{rel}","templated":true}]}}