{"id":619,"date":"2025-06-04T22:25:02","date_gmt":"2025-06-04T20:25:02","guid":{"rendered":"https:\/\/smattrd.cluster100.hosting.ovh.net\/?page_id=619"},"modified":"2025-07-07T12:51:48","modified_gmt":"2025-07-07T10:51:48","slug":"protection-rapprochee","status":"publish","type":"page","link":"https:\/\/www.smattraining.com\/fr\/protection-rapprochee\/","title":{"rendered":"Protection rapproch\u00e9e"},"content":{"rendered":"\t\t<div data-elementor-type=\"wp-page\" data-elementor-id=\"619\" class=\"elementor elementor-619\">\n\t\t\t\t<div class=\"elementor-element elementor-element-cd3ff22 e-flex e-con-boxed e-con e-parent\" data-id=\"cd3ff22\" data-element_type=\"container\" data-e-type=\"container\">\n\t\t\t\t\t<div class=\"e-con-inner\">\n\t\t\t\t<div class=\"elementor-element elementor-element-6c592f9 elementor-widget elementor-widget-heading\" data-id=\"6c592f9\" data-element_type=\"widget\" data-e-type=\"widget\" data-widget_type=\"heading.default\">\n\t\t\t\t<div class=\"elementor-widget-container\">\n\t\t\t\t\t<h2 class=\"elementor-heading-title elementor-size-default\">Protection rapproch\u00e9e<\/h2>\t\t\t\t<\/div>\n\t\t\t\t<\/div>\n\t\t\t\t\t<\/div>\n\t\t\t\t<\/div>\n\t\t<div class=\"elementor-element elementor-element-adb3719 e-flex e-con-boxed e-con e-parent\" data-id=\"adb3719\" data-element_type=\"container\" data-e-type=\"container\">\n\t\t\t\t\t<div class=\"e-con-inner\">\n\t\t<div class=\"elementor-element elementor-element-ee71914 e-con-full e-flex e-con e-child\" data-id=\"ee71914\" data-element_type=\"container\" data-e-type=\"container\">\n\t\t\t\t<div class=\"elementor-element elementor-element-386c49b elementor-widget__width-initial elementor-widget elementor-widget-text-editor\" data-id=\"386c49b\" data-element_type=\"widget\" data-e-type=\"widget\" data-widget_type=\"text-editor.default\">\n\t\t\t\t<div class=\"elementor-widget-container\">\n\t\t\t\t\t\t\t\t\t<h4>\u00a0<\/h4><h4><b><span class=\"text-black\"><strong>Protection Rapproch\u00e9e\u00a0<\/strong><\/span><\/b><\/h4><p><strong>S\u00e9curit\u00e9 Personnalis\u00e9e et Discr\u00e8te pour une Protection Optimal<\/strong><\/p><p>Nous comprenons l&rsquo;importance de votre s\u00e9curit\u00e9. Nous offrons des services de protection rapproch\u00e9e par des agents certifi\u00e9s internationalement, form\u00e9s selon les standards les plus exigeants du secteur. Nos programmes de formation, reconnus \u00e0 l&rsquo;\u00e9chelle internationale et europ\u00e9enne, nous permettent de vous fournir des professionnels comp\u00e9tents, pr\u00eats \u00e0 intervenir dans toute situation.<\/p>\t\t\t\t\t\t\t\t<\/div>\n\t\t\t\t<\/div>\n\t\t\t\t<\/div>\n\t\t<div class=\"elementor-element elementor-element-ce92c11 e-con-full e-flex e-con e-child\" data-id=\"ce92c11\" data-element_type=\"container\" data-e-type=\"container\">\n\t\t\t\t<div class=\"elementor-element elementor-element-3597032 elementor-widget elementor-widget-image\" data-id=\"3597032\" data-element_type=\"widget\" data-e-type=\"widget\" data-widget_type=\"image.default\">\n\t\t\t\t<div class=\"elementor-widget-container\">\n\t\t\t\t\t\t\t\t\t\t\t\t\t\t\t<img fetchpriority=\"high\" decoding=\"async\" width=\"300\" height=\"300\" src=\"https:\/\/www.smattraining.com\/wp-content\/uploads\/2025\/06\/protection-rapprochee-300x300.png\" class=\"attachment-medium size-medium wp-image-928\" alt=\"\" srcset=\"https:\/\/www.smattraining.com\/wp-content\/uploads\/2025\/06\/protection-rapprochee-300x300.png 300w, https:\/\/www.smattraining.com\/wp-content\/uploads\/2025\/06\/protection-rapprochee-150x150.png 150w, https:\/\/www.smattraining.com\/wp-content\/uploads\/2025\/06\/protection-rapprochee-768x768.png 768w, https:\/\/www.smattraining.com\/wp-content\/uploads\/2025\/06\/protection-rapprochee-12x12.png 12w, https:\/\/www.smattraining.com\/wp-content\/uploads\/2025\/06\/protection-rapprochee-600x600.png 600w, https:\/\/www.smattraining.com\/wp-content\/uploads\/2025\/06\/protection-rapprochee-100x100.png 100w, https:\/\/www.smattraining.com\/wp-content\/uploads\/2025\/06\/protection-rapprochee.png 1024w\" sizes=\"(max-width: 300px) 100vw, 300px\" \/>\t\t\t\t\t\t\t\t\t\t\t\t\t\t\t<\/div>\n\t\t\t\t<\/div>\n\t\t\t\t<\/div>\n\t\t\t\t\t<\/div>\n\t\t\t\t<\/div>\n\t\t<div class=\"elementor-element elementor-element-7f38dd5 e-flex e-con-boxed e-con e-parent\" data-id=\"7f38dd5\" data-element_type=\"container\" data-e-type=\"container\">\n\t\t\t\t\t<div class=\"e-con-inner\">\n\t\t<div class=\"elementor-element elementor-element-190345e e-con-full e-flex e-con e-child\" data-id=\"190345e\" data-element_type=\"container\" data-e-type=\"container\">\n\t\t\t\t<div class=\"elementor-element elementor-element-e2709c8 elementor-widget elementor-widget-text-editor\" data-id=\"e2709c8\" data-element_type=\"widget\" data-e-type=\"widget\" data-widget_type=\"text-editor.default\">\n\t\t\t\t<div class=\"elementor-widget-container\">\n\t\t\t\t\t\t\t\t\t<h4>\u00a0<strong>Nos Services Incluent :<\/strong><\/h4><ul><li><strong>\u00c9valuation des Risques :<\/strong>\u00a0Nos experts effectuent une analyse d\u00e9taill\u00e9e des risques selon votre environnement et vos activit\u00e9s pour anticiper et neutraliser les menaces potentielles.<\/li><li><strong>Protection Sur-Mesure :<\/strong>\u00a0Que vous ayez besoin d&rsquo;une escorte individuelle ou d&rsquo;une \u00e9quipe compl\u00e8te, nous sommes \u00e9quip\u00e9s pour r\u00e9pondre \u00e0 toutes les demandes. Nos services incluent la Protection Executive S\u00e9curit\u00e9 (PES), le Support A\u00e9rien Prioritaire (SAP), les \u00c9quipes de R\u00e9action Rapide (RST), les Services de Reconnaissance (SR), l&rsquo;Assistance S\u00e9curitaire Routi\u00e8re (ASR), et les Leaders de Team (TL).<\/li><li><strong>Logistique Int\u00e9gr\u00e9e :<\/strong>\u00a0En plus de la protection personnelle, nous offrons des solutions logistiques compl\u00e8tes incluant le transport s\u00e9curis\u00e9 avec des v\u00e9hicules blind\u00e9s et adapt\u00e9s aux besoins sp\u00e9cifiques de nos clients.<\/li><\/ul><h4><strong>Engagement Qualit\u00e9 :<\/strong><\/h4><ul><li><strong>Recrutement Rigoureux :<\/strong>\u00a0Chaque agent est s\u00e9lectionn\u00e9 apr\u00e8s un processus de recrutement minutieux, garantissant ainsi des comp\u00e9tences et une fiabilit\u00e9 \u00e0 toute \u00e9preuve.<\/li><li><strong>Formation Continue :<\/strong>\u00a0Nous investissons constamment dans la formation de nos agents pour assurer leur ma\u00eetrise des derni\u00e8res techniques de s\u00e9curit\u00e9 et de protection.<\/li><li><strong>Discr\u00e9tion et Confidentialit\u00e9 :<\/strong>\u00a0Nous op\u00e9rons avec la plus grande discr\u00e9tion pour assurer la confidentialit\u00e9 et la s\u00e9r\u00e9nit\u00e9 de nos clients.<\/li><\/ul><h4><strong>Pourquoi Nous Choisir ?<\/strong><\/h4><p>Vous choisissez un partenaire de confiance, une protection efficace et une tranquillit\u00e9 d&rsquo;esprit in\u00e9gal\u00e9e. Nos agents, dot\u00e9s de certifications internationales, sont pr\u00eats \u00e0 vous assurer une s\u00e9curit\u00e9 sans faille o\u00f9 que vous soyez.<\/p><p>Pour plus d&rsquo;informations ou pour une consultation personnalis\u00e9e, n&rsquo;h\u00e9sitez pas \u00e0 nous contacter. Votre s\u00e9curit\u00e9 est notre priorit\u00e9.<\/p>\t\t\t\t\t\t\t\t<\/div>\n\t\t\t\t<\/div>\n\t\t\t\t<\/div>\n\t\t\t\t\t<\/div>\n\t\t\t\t<\/div>\n\t\t<div class=\"elementor-element elementor-element-91529e2 e-grid e-con-boxed e-con e-parent\" data-id=\"91529e2\" data-element_type=\"container\" data-e-type=\"container\" data-settings=\"{&quot;background_background&quot;:&quot;classic&quot;}\">\n\t\t\t\t\t<div class=\"e-con-inner\">\n\t\t\t\t<div class=\"elementor-element elementor-element-cfd7bb0 elementor-widget elementor-widget-image\" data-id=\"cfd7bb0\" data-element_type=\"widget\" data-e-type=\"widget\" data-widget_type=\"image.default\">\n\t\t\t\t<div class=\"elementor-widget-container\">\n\t\t\t\t\t\t\t\t\t\t\t\t\t\t\t<img decoding=\"async\" width=\"630\" height=\"274\" src=\"https:\/\/www.smattraining.com\/wp-content\/uploads\/2025\/06\/Capture-decran-2025-06-13-a-21.21.46.png\" class=\"attachment-large size-large wp-image-1028\" alt=\"\" srcset=\"https:\/\/www.smattraining.com\/wp-content\/uploads\/2025\/06\/Capture-decran-2025-06-13-a-21.21.46.png 630w, https:\/\/www.smattraining.com\/wp-content\/uploads\/2025\/06\/Capture-decran-2025-06-13-a-21.21.46-300x130.png 300w, https:\/\/www.smattraining.com\/wp-content\/uploads\/2025\/06\/Capture-decran-2025-06-13-a-21.21.46-18x8.png 18w, https:\/\/www.smattraining.com\/wp-content\/uploads\/2025\/06\/Capture-decran-2025-06-13-a-21.21.46-600x261.png 600w\" sizes=\"(max-width: 630px) 100vw, 630px\" \/>\t\t\t\t\t\t\t\t\t\t\t\t\t\t\t<\/div>\n\t\t\t\t<\/div>\n\t\t\t\t<div class=\"elementor-element elementor-element-67bad56 elementor-widget elementor-widget-image\" data-id=\"67bad56\" data-element_type=\"widget\" data-e-type=\"widget\" data-widget_type=\"image.default\">\n\t\t\t\t<div class=\"elementor-widget-container\">\n\t\t\t\t\t\t\t\t\t\t\t\t\t\t\t<img decoding=\"async\" width=\"630\" height=\"274\" src=\"https:\/\/www.smattraining.com\/wp-content\/uploads\/2025\/06\/Capture-decran-2025-06-13-a-21.21.41.png\" class=\"attachment-large size-large wp-image-1027\" alt=\"\" srcset=\"https:\/\/www.smattraining.com\/wp-content\/uploads\/2025\/06\/Capture-decran-2025-06-13-a-21.21.41.png 630w, https:\/\/www.smattraining.com\/wp-content\/uploads\/2025\/06\/Capture-decran-2025-06-13-a-21.21.41-300x130.png 300w, https:\/\/www.smattraining.com\/wp-content\/uploads\/2025\/06\/Capture-decran-2025-06-13-a-21.21.41-18x8.png 18w, https:\/\/www.smattraining.com\/wp-content\/uploads\/2025\/06\/Capture-decran-2025-06-13-a-21.21.41-600x261.png 600w\" sizes=\"(max-width: 630px) 100vw, 630px\" \/>\t\t\t\t\t\t\t\t\t\t\t\t\t\t\t<\/div>\n\t\t\t\t<\/div>\n\t\t\t\t<div class=\"elementor-element elementor-element-fe49b8f elementor-widget elementor-widget-image\" data-id=\"fe49b8f\" data-element_type=\"widget\" data-e-type=\"widget\" data-widget_type=\"image.default\">\n\t\t\t\t<div class=\"elementor-widget-container\">\n\t\t\t\t\t\t\t\t\t\t\t\t\t\t\t<img loading=\"lazy\" decoding=\"async\" width=\"630\" height=\"274\" src=\"https:\/\/www.smattraining.com\/wp-content\/uploads\/2025\/06\/Capture-decran-2025-06-13-a-21.21.35.png\" class=\"attachment-large size-large wp-image-1026\" alt=\"\" srcset=\"https:\/\/www.smattraining.com\/wp-content\/uploads\/2025\/06\/Capture-decran-2025-06-13-a-21.21.35.png 630w, https:\/\/www.smattraining.com\/wp-content\/uploads\/2025\/06\/Capture-decran-2025-06-13-a-21.21.35-300x130.png 300w, https:\/\/www.smattraining.com\/wp-content\/uploads\/2025\/06\/Capture-decran-2025-06-13-a-21.21.35-18x8.png 18w, https:\/\/www.smattraining.com\/wp-content\/uploads\/2025\/06\/Capture-decran-2025-06-13-a-21.21.35-600x261.png 600w\" sizes=\"(max-width: 630px) 100vw, 630px\" \/>\t\t\t\t\t\t\t\t\t\t\t\t\t\t\t<\/div>\n\t\t\t\t<\/div>\n\t\t\t\t\t<\/div>\n\t\t\t\t<\/div>\n\t\t<div class=\"elementor-element elementor-element-f0b5bf1 e-flex e-con-boxed e-con e-parent\" data-id=\"f0b5bf1\" data-element_type=\"container\" data-e-type=\"container\">\n\t\t\t\t\t<div class=\"e-con-inner\">\n\t\t\t\t<div class=\"elementor-element elementor-element-592936f elementor-widget elementor-widget-spacer\" data-id=\"592936f\" data-element_type=\"widget\" data-e-type=\"widget\" data-widget_type=\"spacer.default\">\n\t\t\t\t<div class=\"elementor-widget-container\">\n\t\t\t\t\t\t\t<div class=\"elementor-spacer\">\n\t\t\t<div class=\"elementor-spacer-inner\"><\/div>\n\t\t<\/div>\n\t\t\t\t\t\t<\/div>\n\t\t\t\t<\/div>\n\t\t\t\t<div class=\"elementor-element elementor-element-d75b8e8 elementor-align-center elementor-widget elementor-widget-button\" data-id=\"d75b8e8\" data-element_type=\"widget\" data-e-type=\"widget\" data-widget_type=\"button.default\">\n\t\t\t\t<div class=\"elementor-widget-container\">\n\t\t\t\t\t\t\t\t\t<div class=\"elementor-button-wrapper\">\n\t\t\t\t\t<a class=\"elementor-button elementor-button-link elementor-size-sm\" href=\"mailto:manager@smattraining.com\" target=\"_blank\">\n\t\t\t\t\t\t<span class=\"elementor-button-content-wrapper\">\n\t\t\t\t\t\t\t\t\t<span class=\"elementor-button-text\">CONTACT<\/span>\n\t\t\t\t\t<\/span>\n\t\t\t\t\t<\/a>\n\t\t\t\t<\/div>\n\t\t\t\t\t\t\t\t<\/div>\n\t\t\t\t<\/div>\n\t\t\t\t\t<\/div>\n\t\t\t\t<\/div>\n\t\t<div class=\"elementor-element elementor-element-43df876 e-flex e-con-boxed e-con e-parent\" data-id=\"43df876\" data-element_type=\"container\" data-e-type=\"container\">\n\t\t\t\t\t<div class=\"e-con-inner\">\n\t\t\t\t<div class=\"elementor-element elementor-element-caaaabc elementor-widget elementor-widget-spacer\" data-id=\"caaaabc\" data-element_type=\"widget\" data-e-type=\"widget\" data-widget_type=\"spacer.default\">\n\t\t\t\t<div class=\"elementor-widget-container\">\n\t\t\t\t\t\t\t<div class=\"elementor-spacer\">\n\t\t\t<div class=\"elementor-spacer-inner\"><\/div>\n\t\t<\/div>\n\t\t\t\t\t\t<\/div>\n\t\t\t\t<\/div>\n\t\t\t\t\t<\/div>\n\t\t\t\t<\/div>\n\t\t\t\t<\/div>\n\t\t","protected":false},"excerpt":{"rendered":"<p>Protection rapproch\u00e9e \u00a0 Protection Rapproch\u00e9e\u00a0 S\u00e9curit\u00e9 Personnalis\u00e9e et Discr\u00e8te pour une Protection Optimal Nous comprenons l&rsquo;importance de votre s\u00e9curit\u00e9. Nous offrons des services de protection rapproch\u00e9e par des agents certifi\u00e9s [&hellip;]<\/p>\n","protected":false},"author":2,"featured_media":0,"parent":0,"menu_order":0,"comment_status":"closed","ping_status":"closed","template":"","meta":{"site-sidebar-layout":"no-sidebar","site-content-layout":"","ast-site-content-layout":"full-width-container","site-content-style":"default","site-sidebar-style":"default","ast-global-header-display":"","ast-banner-title-visibility":"","ast-main-header-display":"","ast-hfb-above-header-display":"","ast-hfb-below-header-display":"","ast-hfb-mobile-header-display":"","site-post-title":"disabled","ast-breadcrumbs-content":"","ast-featured-img":"disabled","footer-sml-layout":"","ast-disable-related-posts":"","theme-transparent-header-meta":"","adv-header-id-meta":"","stick-header-meta":"","header-above-stick-meta":"","header-main-stick-meta":"","header-below-stick-meta":"","astra-migrate-meta-layouts":"default","ast-page-background-enabled":"default","ast-page-background-meta":{"desktop":{"background-color":"var(--ast-global-color-5)","background-image":"","background-repeat":"repeat","background-position":"center center","background-size":"auto","background-attachment":"scroll","background-type":"","background-media":"","overlay-type":"","overlay-color":"","overlay-opacity":"","overlay-gradient":""},"tablet":{"background-color":"","background-image":"","background-repeat":"repeat","background-position":"center center","background-size":"auto","background-attachment":"scroll","background-type":"","background-media":"","overlay-type":"","overlay-color":"","overlay-opacity":"","overlay-gradient":""},"mobile":{"background-color":"","background-image":"","background-repeat":"repeat","background-position":"center center","background-size":"auto","background-attachment":"scroll","background-type":"","background-media":"","overlay-type":"","overlay-color":"","overlay-opacity":"","overlay-gradient":""}},"ast-content-background-meta":{"desktop":{"background-color":"var(--ast-global-color-4)","background-image":"","background-repeat":"repeat","background-position":"center center","background-size":"auto","background-attachment":"scroll","background-type":"","background-media":"","overlay-type":"","overlay-color":"","overlay-opacity":"","overlay-gradient":""},"tablet":{"background-color":"var(--ast-global-color-4)","background-image":"","background-repeat":"repeat","background-position":"center center","background-size":"auto","background-attachment":"scroll","background-type":"","background-media":"","overlay-type":"","overlay-color":"","overlay-opacity":"","overlay-gradient":""},"mobile":{"background-color":"var(--ast-global-color-4)","background-image":"","background-repeat":"repeat","background-position":"center center","background-size":"auto","background-attachment":"scroll","background-type":"","background-media":"","overlay-type":"","overlay-color":"","overlay-opacity":"","overlay-gradient":""}},"footnotes":""},"class_list":["post-619","page","type-page","status-publish","hentry"],"_links":{"self":[{"href":"https:\/\/www.smattraining.com\/fr\/wp-json\/wp\/v2\/pages\/619","targetHints":{"allow":["GET"]}}],"collection":[{"href":"https:\/\/www.smattraining.com\/fr\/wp-json\/wp\/v2\/pages"}],"about":[{"href":"https:\/\/www.smattraining.com\/fr\/wp-json\/wp\/v2\/types\/page"}],"author":[{"embeddable":true,"href":"https:\/\/www.smattraining.com\/fr\/wp-json\/wp\/v2\/users\/2"}],"replies":[{"embeddable":true,"href":"https:\/\/www.smattraining.com\/fr\/wp-json\/wp\/v2\/comments?post=619"}],"version-history":[{"count":0,"href":"https:\/\/www.smattraining.com\/fr\/wp-json\/wp\/v2\/pages\/619\/revisions"}],"wp:attachment":[{"href":"https:\/\/www.smattraining.com\/fr\/wp-json\/wp\/v2\/media?parent=619"}],"curies":[{"name":"wp","href":"https:\/\/api.w.org\/{rel}","templated":true}]}}