{"id":620,"date":"2025-06-04T22:25:13","date_gmt":"2025-06-04T20:25:13","guid":{"rendered":"https:\/\/smattrd.cluster100.hosting.ovh.net\/?page_id=620"},"modified":"2025-07-07T12:51:32","modified_gmt":"2025-07-07T10:51:32","slug":"incentive","status":"publish","type":"page","link":"https:\/\/www.smattraining.com\/fr\/incentive\/","title":{"rendered":"Incentive"},"content":{"rendered":"\t\t<div data-elementor-type=\"wp-page\" data-elementor-id=\"620\" class=\"elementor elementor-620\">\n\t\t\t\t<div class=\"elementor-element elementor-element-5ff1cc7 e-flex e-con-boxed e-con e-parent\" data-id=\"5ff1cc7\" data-element_type=\"container\" data-e-type=\"container\">\n\t\t\t\t\t<div class=\"e-con-inner\">\n\t\t\t\t<div class=\"elementor-element elementor-element-4328174 elementor-widget elementor-widget-heading\" data-id=\"4328174\" data-element_type=\"widget\" data-e-type=\"widget\" data-widget_type=\"heading.default\">\n\t\t\t\t<div class=\"elementor-widget-container\">\n\t\t\t\t\t<h2 class=\"elementor-heading-title elementor-size-default\">Incentive<\/h2>\t\t\t\t<\/div>\n\t\t\t\t<\/div>\n\t\t\t\t\t<\/div>\n\t\t\t\t<\/div>\n\t\t<div class=\"elementor-element elementor-element-24ebe9b e-flex e-con-boxed e-con e-parent\" data-id=\"24ebe9b\" data-element_type=\"container\" data-e-type=\"container\">\n\t\t\t\t\t<div class=\"e-con-inner\">\n\t\t<div class=\"elementor-element elementor-element-636edc0 e-con-full e-flex e-con e-child\" data-id=\"636edc0\" data-element_type=\"container\" data-e-type=\"container\">\n\t\t\t\t<div class=\"elementor-element elementor-element-0784bc3 elementor-widget elementor-widget-image\" data-id=\"0784bc3\" data-element_type=\"widget\" data-e-type=\"widget\" data-widget_type=\"image.default\">\n\t\t\t\t<div class=\"elementor-widget-container\">\n\t\t\t\t\t\t\t\t\t\t\t\t\t\t\t<img fetchpriority=\"high\" decoding=\"async\" width=\"1024\" height=\"1024\" src=\"https:\/\/www.smattraining.com\/wp-content\/uploads\/2025\/06\/incentive.png\" class=\"attachment-full size-full wp-image-923\" alt=\"\" srcset=\"https:\/\/www.smattraining.com\/wp-content\/uploads\/2025\/06\/incentive.png 1024w, https:\/\/www.smattraining.com\/wp-content\/uploads\/2025\/06\/incentive-300x300.png 300w, https:\/\/www.smattraining.com\/wp-content\/uploads\/2025\/06\/incentive-150x150.png 150w, https:\/\/www.smattraining.com\/wp-content\/uploads\/2025\/06\/incentive-768x768.png 768w, https:\/\/www.smattraining.com\/wp-content\/uploads\/2025\/06\/incentive-12x12.png 12w, https:\/\/www.smattraining.com\/wp-content\/uploads\/2025\/06\/incentive-600x600.png 600w, https:\/\/www.smattraining.com\/wp-content\/uploads\/2025\/06\/incentive-100x100.png 100w\" sizes=\"(max-width: 1024px) 100vw, 1024px\" \/>\t\t\t\t\t\t\t\t\t\t\t\t\t\t\t<\/div>\n\t\t\t\t<\/div>\n\t\t\t\t<\/div>\n\t\t<div class=\"elementor-element elementor-element-3cb192f e-con-full e-flex e-con e-child\" data-id=\"3cb192f\" data-element_type=\"container\" data-e-type=\"container\">\n\t\t\t\t<div class=\"elementor-element elementor-element-0cc9773 elementor-widget elementor-widget-text-editor\" data-id=\"0cc9773\" data-element_type=\"widget\" data-e-type=\"widget\" data-widget_type=\"text-editor.default\">\n\t\t\t\t<div class=\"elementor-widget-container\">\n\t\t\t\t\t\t\t\t\t<p>Le\u00a0<strong><em>Team Building<\/em><\/strong>, \u00e9galement appel\u00e9 Incentive, est une m\u00e9thode de plus en plus appr\u00e9ci\u00e9e par les entreprises pour renforcer la coh\u00e9sion d\u2019\u00e9quipe et stimuler la cr\u00e9ativit\u00e9 collective. Chez S.M.A.T Training, nous offrons une exp\u00e9rience de Team Building sur mesure, con\u00e7ue pour r\u00e9pondre aux besoins sp\u00e9cifiques de chaque \u00e9quipe.<\/p><p><strong>1. Objectifs des activit\u00e9s de Team Building chez S.M.A.T Training :<\/strong><\/p><ul><li><strong>Renforcement de la coh\u00e9sion d&rsquo;\u00e9quipe :<\/strong>\u00a0Nos activit\u00e9s sont con\u00e7ues pour renforcer les liens entre les membres d&rsquo;une \u00e9quipe, favorisant ainsi une meilleure collaboration au quotidien.<\/li><li><strong>D\u00e9veloppement du potentiel individuel et collectif :<\/strong>\u00a0\u00c0 travers divers d\u00e9fis, nous aidons les participants \u00e0 d\u00e9couvrir et \u00e0 maximiser leurs potentiels, ce qui contribue \u00e0 l\u2019am\u00e9lioration de la performance globale de l&rsquo;\u00e9quipe.<\/li><li><strong>Cr\u00e9ation et innovation :<\/strong>\u00a0En sortant de leur zone de confort, vos collaborateurs sont encourag\u00e9s \u00e0 penser autrement et \u00e0 innover, ce qui peut mener \u00e0 la g\u00e9n\u00e9ration de nouvelles id\u00e9es et projets pour l&rsquo;entreprise.<\/li><\/ul>\t\t\t\t\t\t\t\t<\/div>\n\t\t\t\t<\/div>\n\t\t\t\t<\/div>\n\t\t\t\t\t<\/div>\n\t\t\t\t<\/div>\n\t\t<div class=\"elementor-element elementor-element-8aca37b e-flex e-con-boxed e-con e-parent\" data-id=\"8aca37b\" data-element_type=\"container\" data-e-type=\"container\">\n\t\t\t\t\t<div class=\"e-con-inner\">\n\t\t\t\t<div class=\"elementor-element elementor-element-3567ed9 elementor-widget elementor-widget-text-editor\" data-id=\"3567ed9\" data-element_type=\"widget\" data-e-type=\"widget\" data-widget_type=\"text-editor.default\">\n\t\t\t\t<div class=\"elementor-widget-container\">\n\t\t\t\t\t\t\t\t\t<p><strong>2. D\u00e9roulement des activit\u00e9s :<\/strong><\/p><ul><li><strong>Mises en situation pratiques :<\/strong>\u00a0Nous utilisons des sc\u00e9narios r\u00e9alistes et engageants qui simulent des situations r\u00e9elles pouvant survenir dans un contexte professionnel. Ces mises en situation permettent de mettre \u00e0 l&rsquo;\u00e9preuve et de d\u00e9velopper les comp\u00e9tences interpersonnelles et de r\u00e9solution de probl\u00e8mes des participants.<\/li><li><strong>Activit\u00e9s personnalis\u00e9es :<\/strong>\u00a0Chaque activit\u00e9 est soigneusement adapt\u00e9e pour r\u00e9pondre aux sp\u00e9cificit\u00e9s de votre \u00e9quipe et de vos objectifs d&rsquo;entreprise. Cela permet une exp\u00e9rience vraiment pertinente et impactante pour tous les participants.<\/li><li><strong>Feedback et r\u00e9flexion :<\/strong>\u00a0Chaque session de Team Building se termine par une phase de debriefing o\u00f9 les participants peuvent partager leurs exp\u00e9riences et r\u00e9flexions. Ce moment est crucial pour consolider les apprentissages et encourager l&rsquo;application des nouvelles comp\u00e9tences acquises.<\/li><\/ul><p><strong>3. R\u00e9sultats attendus :<\/strong><\/p><ul><li><strong>Am\u00e9lioration de la connaissance de soi et des autres :<\/strong>\u00a0Les participants finissent par mieux comprendre leurs propres comportements et ceux de leurs coll\u00e8gues, ce qui aide \u00e0 am\u00e9liorer l&rsquo;interaction au sein de l&rsquo;\u00e9quipe.<\/li><li><strong>Sortie de la zone de confort :<\/strong>\u00a0En \u00e9tant confront\u00e9s \u00e0 des d\u00e9fis inattendus, vos employ\u00e9s apprendront \u00e0 mieux g\u00e9rer le stress et \u00e0 s&rsquo;adapter \u00e0 de nouvelles situations, augmentant ainsi leur flexibilit\u00e9.<\/li><li><strong>Personnalisation :<\/strong>\u00a0Nos d\u00e9fis sont enti\u00e8rement personnalisables pour s&rsquo;assurer qu&rsquo;ils r\u00e9pondent de mani\u00e8re optimale aux besoins de votre \u00e9quipe, ce qui rend chaque exp\u00e9rience unique et sur mesure.<\/li><\/ul><p>En int\u00e9grant le Team Building dans la strat\u00e9gie de d\u00e9veloppement de votre entreprise, vous investissez dans le capital humain et favorisez un environnement de travail dynamique et innovant. Chez S.M.A.T Training, nous sommes d\u00e9di\u00e9s \u00e0 cr\u00e9er des exp\u00e9riences qui non seulement unissent les \u00e9quipes, mais qui les transforment.<\/p><p>\u00a0<\/p>\t\t\t\t\t\t\t\t<\/div>\n\t\t\t\t<\/div>\n\t\t\t\t\t<\/div>\n\t\t\t\t<\/div>\n\t\t<div class=\"elementor-element elementor-element-121f80a e-grid e-con-boxed e-con e-parent\" data-id=\"121f80a\" data-element_type=\"container\" data-e-type=\"container\" data-settings=\"{&quot;background_background&quot;:&quot;classic&quot;}\">\n\t\t\t\t\t<div class=\"e-con-inner\">\n\t\t\t\t<div class=\"elementor-element elementor-element-7190037 elementor-widget elementor-widget-image\" data-id=\"7190037\" data-element_type=\"widget\" data-e-type=\"widget\" data-widget_type=\"image.default\">\n\t\t\t\t<div class=\"elementor-widget-container\">\n\t\t\t\t\t\t\t\t\t\t\t\t\t\t\t<img decoding=\"async\" width=\"644\" height=\"346\" src=\"https:\/\/www.smattraining.com\/wp-content\/uploads\/2025\/06\/Capture-decran-2025-06-23-a-13.39.53.webp\" class=\"attachment-large size-large wp-image-1365\" alt=\"\" srcset=\"https:\/\/www.smattraining.com\/wp-content\/uploads\/2025\/06\/Capture-decran-2025-06-23-a-13.39.53.webp 644w, https:\/\/www.smattraining.com\/wp-content\/uploads\/2025\/06\/Capture-decran-2025-06-23-a-13.39.53-300x161.jpeg 300w, https:\/\/www.smattraining.com\/wp-content\/uploads\/2025\/06\/Capture-decran-2025-06-23-a-13.39.53-18x10.jpeg 18w, https:\/\/www.smattraining.com\/wp-content\/uploads\/2025\/06\/Capture-decran-2025-06-23-a-13.39.53-600x322.jpeg 600w\" sizes=\"(max-width: 644px) 100vw, 644px\" \/>\t\t\t\t\t\t\t\t\t\t\t\t\t\t\t<\/div>\n\t\t\t\t<\/div>\n\t\t\t\t<div class=\"elementor-element elementor-element-abbdfbb elementor-widget elementor-widget-image\" data-id=\"abbdfbb\" data-element_type=\"widget\" data-e-type=\"widget\" data-widget_type=\"image.default\">\n\t\t\t\t<div class=\"elementor-widget-container\">\n\t\t\t\t\t\t\t\t\t\t\t\t\t\t\t<img decoding=\"async\" width=\"644\" height=\"346\" src=\"https:\/\/www.smattraining.com\/wp-content\/uploads\/2025\/06\/Capture-decran-2025-06-23-a-13.23.46.webp\" class=\"attachment-large size-large wp-image-1366\" alt=\"\" srcset=\"https:\/\/www.smattraining.com\/wp-content\/uploads\/2025\/06\/Capture-decran-2025-06-23-a-13.23.46.webp 644w, https:\/\/www.smattraining.com\/wp-content\/uploads\/2025\/06\/Capture-decran-2025-06-23-a-13.23.46-300x161.jpeg 300w, https:\/\/www.smattraining.com\/wp-content\/uploads\/2025\/06\/Capture-decran-2025-06-23-a-13.23.46-18x10.jpeg 18w, https:\/\/www.smattraining.com\/wp-content\/uploads\/2025\/06\/Capture-decran-2025-06-23-a-13.23.46-600x322.jpeg 600w\" sizes=\"(max-width: 644px) 100vw, 644px\" \/>\t\t\t\t\t\t\t\t\t\t\t\t\t\t\t<\/div>\n\t\t\t\t<\/div>\n\t\t\t\t<div class=\"elementor-element elementor-element-917ef08 elementor-widget elementor-widget-image\" data-id=\"917ef08\" data-element_type=\"widget\" data-e-type=\"widget\" data-widget_type=\"image.default\">\n\t\t\t\t<div class=\"elementor-widget-container\">\n\t\t\t\t\t\t\t\t\t\t\t\t\t\t\t<img loading=\"lazy\" decoding=\"async\" width=\"788\" height=\"438\" src=\"https:\/\/www.smattraining.com\/wp-content\/uploads\/2025\/06\/Capture-decran-2025-06-23-a-13.23.02.webp\" class=\"attachment-large size-large wp-image-1368\" alt=\"\" srcset=\"https:\/\/www.smattraining.com\/wp-content\/uploads\/2025\/06\/Capture-decran-2025-06-23-a-13.23.02.webp 788w, https:\/\/www.smattraining.com\/wp-content\/uploads\/2025\/06\/Capture-decran-2025-06-23-a-13.23.02-300x167.webp 300w, https:\/\/www.smattraining.com\/wp-content\/uploads\/2025\/06\/Capture-decran-2025-06-23-a-13.23.02-768x427.webp 768w, https:\/\/www.smattraining.com\/wp-content\/uploads\/2025\/06\/Capture-decran-2025-06-23-a-13.23.02-18x10.webp 18w, https:\/\/www.smattraining.com\/wp-content\/uploads\/2025\/06\/Capture-decran-2025-06-23-a-13.23.02-600x334.webp 600w\" sizes=\"(max-width: 788px) 100vw, 788px\" \/>\t\t\t\t\t\t\t\t\t\t\t\t\t\t\t<\/div>\n\t\t\t\t<\/div>\n\t\t\t\t\t<\/div>\n\t\t\t\t<\/div>\n\t\t<div class=\"elementor-element elementor-element-b324532 e-flex e-con-boxed e-con e-parent\" data-id=\"b324532\" data-element_type=\"container\" data-e-type=\"container\">\n\t\t\t\t\t<div class=\"e-con-inner\">\n\t\t\t\t<div class=\"elementor-element elementor-element-2c2389b elementor-align-center elementor-widget elementor-widget-button\" data-id=\"2c2389b\" data-element_type=\"widget\" data-e-type=\"widget\" data-widget_type=\"button.default\">\n\t\t\t\t<div class=\"elementor-widget-container\">\n\t\t\t\t\t\t\t\t\t<div class=\"elementor-button-wrapper\">\n\t\t\t\t\t<a class=\"elementor-button elementor-button-link elementor-size-sm\" href=\"mailto:manager@smattraining.com\" target=\"_blank\">\n\t\t\t\t\t\t<span class=\"elementor-button-content-wrapper\">\n\t\t\t\t\t\t\t\t\t<span class=\"elementor-button-text\">CONTACT<\/span>\n\t\t\t\t\t<\/span>\n\t\t\t\t\t<\/a>\n\t\t\t\t<\/div>\n\t\t\t\t\t\t\t\t<\/div>\n\t\t\t\t<\/div>\n\t\t\t\t\t<\/div>\n\t\t\t\t<\/div>\n\t\t<div class=\"elementor-element elementor-element-d495e17 e-flex e-con-boxed e-con e-parent\" data-id=\"d495e17\" data-element_type=\"container\" data-e-type=\"container\">\n\t\t\t\t\t<div class=\"e-con-inner\">\n\t\t\t\t<div class=\"elementor-element elementor-element-6165618 elementor-widget elementor-widget-spacer\" data-id=\"6165618\" data-element_type=\"widget\" data-e-type=\"widget\" data-widget_type=\"spacer.default\">\n\t\t\t\t<div class=\"elementor-widget-container\">\n\t\t\t\t\t\t\t<div class=\"elementor-spacer\">\n\t\t\t<div class=\"elementor-spacer-inner\"><\/div>\n\t\t<\/div>\n\t\t\t\t\t\t<\/div>\n\t\t\t\t<\/div>\n\t\t\t\t\t<\/div>\n\t\t\t\t<\/div>\n\t\t\t\t<\/div>\n\t\t","protected":false},"excerpt":{"rendered":"<p>Incentive Le\u00a0Team Building, \u00e9galement appel\u00e9 Incentive, est une m\u00e9thode de plus en plus appr\u00e9ci\u00e9e par les entreprises pour renforcer la coh\u00e9sion d\u2019\u00e9quipe et stimuler la cr\u00e9ativit\u00e9 collective. Chez S.M.A.T Training, [&hellip;]<\/p>\n","protected":false},"author":2,"featured_media":0,"parent":0,"menu_order":0,"comment_status":"closed","ping_status":"closed","template":"","meta":{"site-sidebar-layout":"no-sidebar","site-content-layout":"","ast-site-content-layout":"full-width-container","site-content-style":"default","site-sidebar-style":"default","ast-global-header-display":"","ast-banner-title-visibility":"","ast-main-header-display":"","ast-hfb-above-header-display":"","ast-hfb-below-header-display":"","ast-hfb-mobile-header-display":"","site-post-title":"disabled","ast-breadcrumbs-content":"","ast-featured-img":"disabled","footer-sml-layout":"","ast-disable-related-posts":"","theme-transparent-header-meta":"","adv-header-id-meta":"","stick-header-meta":"","header-above-stick-meta":"","header-main-stick-meta":"","header-below-stick-meta":"","astra-migrate-meta-layouts":"default","ast-page-background-enabled":"default","ast-page-background-meta":{"desktop":{"background-color":"var(--ast-global-color-5)","background-image":"","background-repeat":"repeat","background-position":"center center","background-size":"auto","background-attachment":"scroll","background-type":"","background-media":"","overlay-type":"","overlay-color":"","overlay-opacity":"","overlay-gradient":""},"tablet":{"background-color":"","background-image":"","background-repeat":"repeat","background-position":"center center","background-size":"auto","background-attachment":"scroll","background-type":"","background-media":"","overlay-type":"","overlay-color":"","overlay-opacity":"","overlay-gradient":""},"mobile":{"background-color":"","background-image":"","background-repeat":"repeat","background-position":"center center","background-size":"auto","background-attachment":"scroll","background-type":"","background-media":"","overlay-type":"","overlay-color":"","overlay-opacity":"","overlay-gradient":""}},"ast-content-background-meta":{"desktop":{"background-color":"var(--ast-global-color-4)","background-image":"","background-repeat":"repeat","background-position":"center center","background-size":"auto","background-attachment":"scroll","background-type":"","background-media":"","overlay-type":"","overlay-color":"","overlay-opacity":"","overlay-gradient":""},"tablet":{"background-color":"var(--ast-global-color-4)","background-image":"","background-repeat":"repeat","background-position":"center center","background-size":"auto","background-attachment":"scroll","background-type":"","background-media":"","overlay-type":"","overlay-color":"","overlay-opacity":"","overlay-gradient":""},"mobile":{"background-color":"var(--ast-global-color-4)","background-image":"","background-repeat":"repeat","background-position":"center center","background-size":"auto","background-attachment":"scroll","background-type":"","background-media":"","overlay-type":"","overlay-color":"","overlay-opacity":"","overlay-gradient":""}},"footnotes":""},"class_list":["post-620","page","type-page","status-publish","hentry"],"_links":{"self":[{"href":"https:\/\/www.smattraining.com\/fr\/wp-json\/wp\/v2\/pages\/620","targetHints":{"allow":["GET"]}}],"collection":[{"href":"https:\/\/www.smattraining.com\/fr\/wp-json\/wp\/v2\/pages"}],"about":[{"href":"https:\/\/www.smattraining.com\/fr\/wp-json\/wp\/v2\/types\/page"}],"author":[{"embeddable":true,"href":"https:\/\/www.smattraining.com\/fr\/wp-json\/wp\/v2\/users\/2"}],"replies":[{"embeddable":true,"href":"https:\/\/www.smattraining.com\/fr\/wp-json\/wp\/v2\/comments?post=620"}],"version-history":[{"count":0,"href":"https:\/\/www.smattraining.com\/fr\/wp-json\/wp\/v2\/pages\/620\/revisions"}],"wp:attachment":[{"href":"https:\/\/www.smattraining.com\/fr\/wp-json\/wp\/v2\/media?parent=620"}],"curies":[{"name":"wp","href":"https:\/\/api.w.org\/{rel}","templated":true}]}}